{"id":8613,"date":"2023-06-22T22:30:16","date_gmt":"2023-06-22T20:30:16","guid":{"rendered":"https:\/\/weareannu.com\/?page_id=8613"},"modified":"2025-08-29T15:02:05","modified_gmt":"2025-08-29T13:02:05","slug":"less-waste","status":"publish","type":"page","link":"https:\/\/weareannu.com\/de\/doing-it-better\/less-waste\/","title":{"rendered":"Weniger Abfall"},"content":{"rendered":"<div style=\"height:150px\" aria-hidden=\"true\" class=\"wp-block-spacer less-waste\"><\/div>\n\n\n\n<section id=\"gm6b1efb5\" class=\"wp-block-gutentor-m4 section-gm6b1efb5 gutentor-module gutentor-advanced-columns fullwidth p20 less-waste\"><div class=\"grid-container\"><div class=\"grid-row\">\n<div id=\"col-gme161c3\" class=\"wp-block-gutentor-m4-col col-gme161c3 gutentor-single-column  grid-lg-12 grid-md-12 grid-12\"><div id=\"section-gme161c3\" class=\"section-gme161c3 gutentor-col-wrap\">\n<h1 class=\"wp-block-heading\">Weniger Abfall<\/h1>\n<\/div><\/div>\n<\/div><\/div><\/section>\n\n\n\n<section id=\"gm9fb2b6d\" class=\"wp-block-gutentor-m4 section-gm9fb2b6d gutentor-module gutentor-advanced-columns fullwidth p20 less-waste\"><div class=\"grid-container\"><div class=\"grid-row\">\n<div id=\"col-gmcb6e74\" class=\"wp-block-gutentor-m4-col col-gmcb6e74 gutentor-single-column  grid-lg-4 grid-md-12 grid-12\"><div id=\"section-gmcb6e74\" class=\"section-gmcb6e74 gutentor-col-wrap\">\n<h3 class=\"wp-block-heading\">Wir haben eine klare Einstellung, die sich in allem, was wir tun, widerspiegelt: Wir wollen Abfall vermeiden.<\/h3>\n\n\n\n<p>Abfall zu reduzieren ist ein zentrales Element unseres Designansatzes. Durch die Kombination von 3D-Druck und sorgf\u00e4ltig ausgew\u00e4hlten Materialien minimieren wir \u00dcberfl\u00fcssiges und vermeiden \u00dcberproduktion \u2013 im Einklang mit Mensch und Umwelt.<\/p>\n\n\n\n<p>Unsere achtsame Fertigung sichert h\u00f6chste Qualit\u00e4t und schafft zeitlose, langlebige Brillen, die \u00fcber Jahre hinweg gesch\u00e4tzt werden.<\/p>\n<\/div><\/div>\n\n\n\n<div id=\"col-gm39eb2f\" class=\"wp-block-gutentor-m4-col col-gm39eb2f gutentor-single-column  grid-lg-8 grid-md-12 grid-12\"><div id=\"section-gm39eb2f\" class=\"section-gm39eb2f gutentor-col-wrap\"><\/div><\/div>\n<\/div><\/div><\/section>\n\n\n<div class=\"wp-block-image fullwidth less-waste less-waste-img\">\n<figure class=\"aligncenter size-full\"><img loading=\"lazy\" decoding=\"async\" width=\"1600\" height=\"853\" src=\"https:\/\/weareannu.com\/wp-content\/uploads\/2023\/06\/MB_Annu_Studio_0168_bright-1-1.jpg\" alt=\"\" class=\"wp-image-8624\" srcset=\"https:\/\/weareannu.com\/wp-content\/uploads\/2023\/06\/MB_Annu_Studio_0168_bright-1-1.jpg 1600w, https:\/\/weareannu.com\/wp-content\/uploads\/2023\/06\/MB_Annu_Studio_0168_bright-1-1-600x320.jpg 600w, https:\/\/weareannu.com\/wp-content\/uploads\/2023\/06\/MB_Annu_Studio_0168_bright-1-1-500x267.jpg 500w, https:\/\/weareannu.com\/wp-content\/uploads\/2023\/06\/MB_Annu_Studio_0168_bright-1-1-400x213.jpg 400w\" sizes=\"auto, (max-width: 1600px) 100vw, 1600px\" \/><\/figure>\n<\/div>\n\n\n<section id=\"gmfc2e6db\" class=\"wp-block-gutentor-m4 section-gmfc2e6db gutentor-module gutentor-advanced-columns less-waste\"><div class=\"grid-container\"><div class=\"grid-row\">\n<div id=\"col-gmce0ca3\" class=\"wp-block-gutentor-m4-col col-gmce0ca3 gutentor-single-column  grid-lg-2 grid-md-12 grid-12\"><div id=\"section-gmce0ca3\" class=\"section-gmce0ca3 gutentor-col-wrap\"><\/div><\/div>\n\n\n\n<div id=\"col-gm57e946\" class=\"wp-block-gutentor-m4-col col-gm57e946 gutentor-single-column  grid-lg-8 grid-md-12 grid-12\"><div id=\"section-gm57e946\" class=\"section-gm57e946 gutentor-col-wrap\">\n<p class=\"has-text-align-center\" style=\"font-size:15px\">Unsere B\u00fcgel der Clip Kollektion bestehen aus japanischem Titan und werden nahezu abfallfrei geschnitten, gebogen und beschichtet.<\/p>\n\n\n\n<div style=\"height:50px\" aria-hidden=\"true\" class=\"wp-block-spacer\"><\/div>\n<\/div><\/div>\n\n\n\n<div id=\"col-gmec0bce\" class=\"wp-block-gutentor-m4-col col-gmec0bce gutentor-single-column  grid-lg-2 grid-md-12 grid-12\"><div id=\"section-gmec0bce\" class=\"section-gmec0bce gutentor-col-wrap\"><\/div><\/div>\n<\/div><\/div><\/section>\n\n\n\n<div style=\"height:150px\" aria-hidden=\"true\" class=\"wp-block-spacer\"><\/div>\n\n\n\n<section id=\"gmbbdc313\" class=\"wp-block-gutentor-m4 section-gmbbdc313 gutentor-module gutentor-advanced-columns\"><div class=\"grid-container\"><div class=\"grid-row\">\n<div id=\"col-gm1437d1\" class=\"wp-block-gutentor-m4-col col-gm1437d1 gutentor-single-column  grid-lg-5 grid-md-12 grid-12\"><div id=\"section-gm1437d1\" class=\"section-gm1437d1 gutentor-col-wrap\">\n<div style=\"height:150px\" aria-hidden=\"true\" class=\"wp-block-spacer hide-mobile\"><\/div>\n\n\n\n<section id=\"gmb25a162\" class=\"wp-block-gutentor-m4 section-gmb25a162 gutentor-module gutentor-advanced-columns\"><div class=\"grid-container\"><div class=\"grid-row\">\n<div id=\"col-gm7178ca\" class=\"wp-block-gutentor-m4-col col-gm7178ca gutentor-single-column  grid-lg-2 grid-md-12 grid-12\"><div id=\"section-gm7178ca\" class=\"section-gm7178ca gutentor-col-wrap\"><\/div><\/div>\n\n\n\n<div id=\"col-gm6b1f0c\" class=\"wp-block-gutentor-m4-col col-gm6b1f0c gutentor-single-column  grid-lg-8 grid-md-12 grid-12\"><div id=\"section-gm6b1f0c\" class=\"section-gm6b1f0c gutentor-col-wrap\">\n<h3 class=\"wp-block-heading\">Neu denken<\/h3>\n\n\n\n<p>Unsere Produktionsprozesse vermeiden spekulative \u00dcberproduktion. Wir fertigen keine gro\u00dfen Mengen ohne best\u00e4tigte Nachfrage \u2013 eine Praxis, die verschwenderisch und sch\u00e4dlich f\u00fcr die Umwelt w\u00e4re.<br>So k\u00f6nnen wir Material effizient nutzen, Lagerbest\u00e4nde gering halten und mit einer Just-in-Time-Lieferkette arbeiten \u2013 f\u00fcr deutlich weniger Umwelteinfluss.<\/p>\n<\/div><\/div>\n\n\n\n<div id=\"col-gme20a34\" class=\"wp-block-gutentor-m4-col col-gme20a34 gutentor-single-column  grid-lg-2 grid-md-12 grid-12\"><div id=\"section-gme20a34\" class=\"section-gme20a34 gutentor-col-wrap\"><\/div><\/div>\n<\/div><\/div><\/section>\n\n\n\n<div style=\"height:150px\" aria-hidden=\"true\" class=\"wp-block-spacer\"><\/div>\n\n\n\n<h3 class=\"wp-block-heading\">Bewusste Produktion<\/h3>\n\n\n\n<p>3D-Druck ist nachhaltig: Material wird nur dort eingesetzt, wo es gebraucht wird \u2013 anders als beim herk\u00f6mmlichen Fr\u00e4sen, das \u00dcbersch\u00fcsse abtr\u00e4gt. Nicht verbrauchtes Pulver wird recycelt und f\u00fcr den n\u00e4chsten Produktionslauf wiederverwendet. Und das Beste: Die Technologie wird st\u00e4ndig besser \u2013 unser Prozess damit immer effizienter und umweltfreundlicher.<\/p>\n<\/div><\/div>\n\n\n\n<div id=\"col-gm47fd42\" class=\"wp-block-gutentor-m4-col col-gm47fd42 gutentor-single-column  grid-lg-7 grid-md-12 grid-12\"><div id=\"section-gm47fd42\" class=\"section-gm47fd42 gutentor-col-wrap\">\n<figure class=\"wp-block-image size-full\"><img loading=\"lazy\" decoding=\"async\" width=\"740\" height=\"990\" src=\"https:\/\/weareannu.com\/wp-content\/uploads\/2023\/06\/MB220819_ANNU_Products_0167-lowres-1.jpg\" alt=\"\" class=\"wp-image-8641\" srcset=\"https:\/\/weareannu.com\/wp-content\/uploads\/2023\/06\/MB220819_ANNU_Products_0167-lowres-1.jpg 740w, https:\/\/weareannu.com\/wp-content\/uploads\/2023\/06\/MB220819_ANNU_Products_0167-lowres-1-600x803.jpg 600w, https:\/\/weareannu.com\/wp-content\/uploads\/2023\/06\/MB220819_ANNU_Products_0167-lowres-1-374x500.jpg 374w, https:\/\/weareannu.com\/wp-content\/uploads\/2023\/06\/MB220819_ANNU_Products_0167-lowres-1-400x535.jpg 400w\" sizes=\"auto, (max-width: 740px) 100vw, 740px\" \/><\/figure>\n<\/div><\/div>\n<\/div><\/div><\/section>\n\n\n\n<div style=\"height:100px\" aria-hidden=\"true\" class=\"wp-block-spacer\"><\/div>\n\n\n\n<figure class=\"wp-block-image size-full fullwidth m20 w100\"><img loading=\"lazy\" decoding=\"async\" width=\"1500\" height=\"999\" src=\"https:\/\/weareannu.com\/wp-content\/uploads\/2023\/06\/MB210804_Annu_FoA_STUD_0976-web-1.jpg\" alt=\"\" class=\"wp-image-8643\" title=\"\" srcset=\"https:\/\/weareannu.com\/wp-content\/uploads\/2023\/06\/MB210804_Annu_FoA_STUD_0976-web-1.jpg 1500w, https:\/\/weareannu.com\/wp-content\/uploads\/2023\/06\/MB210804_Annu_FoA_STUD_0976-web-1-600x400.jpg 600w, https:\/\/weareannu.com\/wp-content\/uploads\/2023\/06\/MB210804_Annu_FoA_STUD_0976-web-1-500x333.jpg 500w, https:\/\/weareannu.com\/wp-content\/uploads\/2023\/06\/MB210804_Annu_FoA_STUD_0976-web-1-400x266.jpg 400w\" sizes=\"auto, (max-width: 1500px) 100vw, 1500px\" \/><\/figure>\n\n\n\n<div style=\"height:200px\" aria-hidden=\"true\" class=\"wp-block-spacer\"><\/div>\n\n\n<div class=\"wp-block-image\">\n<figure class=\"aligncenter size-large\"><img loading=\"lazy\" decoding=\"async\" width=\"1120\" height=\"195\" src=\"https:\/\/weareannu.com\/wp-content\/uploads\/2025\/08\/Think_Light-1.svg\" alt=\"\" class=\"wp-image-12727\"\/><\/figure>\n<\/div>\n\n\n<div style=\"height:200px\" aria-hidden=\"true\" class=\"wp-block-spacer\"><\/div>\n\n\n\n<section id=\"gm407a493\" class=\"wp-block-gutentor-m4 section-gm407a493 gutentor-module gutentor-advanced-columns m20\"><div class=\"grid-container\"><div class=\"grid-row\">\n<div id=\"col-gm1c2461\" class=\"wp-block-gutentor-m4-col col-gm1c2461 gutentor-single-column  grid-lg-5 grid-md-12 grid-12\"><div id=\"section-gm1c2461\" class=\"section-gm1c2461 gutentor-col-wrap\">\n<h3 class=\"wp-block-heading\">Leichtigkeit beginnt im Kopf<\/h3>\n\n\n\n<p>Leichtigkeit beginnt im Design \u2013 und setzt sich im Produkt fort. Jedes eingesparte Gramm sorgt f\u00fcr mehr Tragekomfort und schont zugleich die Umwelt. Unsere Brillen beweisen: Weniger ist mehr \u2013 weniger Material, weniger Abfall, weniger CO\u2082.<\/p>\n<\/div><\/div>\n\n\n\n<div id=\"col-gm81d9b0\" class=\"wp-block-gutentor-m4-col col-gm81d9b0 gutentor-single-column  grid-lg-7 grid-md-12 grid-12\"><div id=\"section-gm81d9b0\" class=\"section-gm81d9b0 gutentor-col-wrap\">\n<p><\/p>\n<\/div><\/div>\n<\/div><\/div><\/section>\n\n\n\n<div style=\"height:200px\" aria-hidden=\"true\" class=\"wp-block-spacer\"><\/div>\n\n\n\n<section id=\"gm80cf3c6\" class=\"wp-block-gutentor-m4 section-gm80cf3c6 gutentor-module gutentor-advanced-columns\"><div class=\"grid-container\"><div class=\"grid-row\">\n<div id=\"col-gmb66abe\" class=\"wp-block-gutentor-m4-col col-gmb66abe gutentor-single-column  grid-lg-7 grid-md-12 grid-12\"><div id=\"section-gmb66abe\" class=\"section-gmb66abe gutentor-col-wrap\">\n<section id=\"gm6325f27\" class=\"wp-block-gutentor-m4 section-gm6325f27 gutentor-module gutentor-advanced-columns\"><div class=\"grid-container gutentor-rm-ct-space\"><div class=\"grid-row gutentor-rm-row-space\">\n<div id=\"col-gmab09fb\" class=\"wp-block-gutentor-m4-col col-gmab09fb gutentor-single-column  grid-lg-7 grid-md-12 grid-12 gutentor-rm-col-space\"><div id=\"section-gmab09fb\" class=\"section-gmab09fb gutentor-col-wrap\"><\/div><\/div>\n\n\n\n<div id=\"col-gm1a38e0\" class=\"wp-block-gutentor-m4-col col-gm1a38e0 gutentor-single-column  grid-lg-5 grid-md-12 grid-12 gutentor-rm-col-space\"><div id=\"section-gm1a38e0\" class=\"section-gm1a38e0 gutentor-col-wrap\">\n<figure class=\"wp-block-image size-full\"><img loading=\"lazy\" decoding=\"async\" width=\"487\" height=\"323\" src=\"https:\/\/weareannu.com\/wp-content\/uploads\/2023\/06\/christoph-1.jpg\" alt=\"\" class=\"wp-image-8656\" srcset=\"https:\/\/weareannu.com\/wp-content\/uploads\/2023\/06\/christoph-1.jpg 487w, https:\/\/weareannu.com\/wp-content\/uploads\/2023\/06\/christoph-1-400x265.jpg 400w\" sizes=\"auto, (max-width: 487px) 100vw, 487px\" \/><\/figure>\n<\/div><\/div>\n<\/div><\/div><\/section>\n\n\n\n<div style=\"height:50px\" aria-hidden=\"true\" class=\"wp-block-spacer\"><\/div>\n\n\n\n<section id=\"gmc0248c7\" class=\"wp-block-gutentor-m4 section-gmc0248c7 gutentor-module gutentor-advanced-columns\"><div class=\"grid-container gutentor-rm-ct-space\"><div class=\"grid-row gutentor-rm-row-space\">\n<div id=\"col-gme95b1d\" class=\"wp-block-gutentor-m4-col col-gme95b1d gutentor-single-column  grid-lg-11 grid-md-12 grid-12 gutentor-rm-col-space\"><div id=\"section-gme95b1d\" class=\"section-gme95b1d gutentor-col-wrap\">\n<figure class=\"wp-block-image size-full\"><img loading=\"lazy\" decoding=\"async\" width=\"740\" height=\"468\" src=\"https:\/\/weareannu.com\/wp-content\/uploads\/2023\/06\/MB_Annu_Lab_0640-1.jpg\" alt=\"\" class=\"wp-image-8658\" srcset=\"https:\/\/weareannu.com\/wp-content\/uploads\/2023\/06\/MB_Annu_Lab_0640-1.jpg 740w, https:\/\/weareannu.com\/wp-content\/uploads\/2023\/06\/MB_Annu_Lab_0640-1-600x379.jpg 600w, https:\/\/weareannu.com\/wp-content\/uploads\/2023\/06\/MB_Annu_Lab_0640-1-500x316.jpg 500w, https:\/\/weareannu.com\/wp-content\/uploads\/2023\/06\/MB_Annu_Lab_0640-1-400x253.jpg 400w\" sizes=\"auto, (max-width: 740px) 100vw, 740px\" \/><\/figure>\n<\/div><\/div>\n\n\n\n<div id=\"col-gmf85621\" class=\"wp-block-gutentor-m4-col col-gmf85621 gutentor-single-column  grid-lg-1 grid-md-12 grid-12 gutentor-rm-col-space\"><div id=\"section-gmf85621\" class=\"section-gmf85621 gutentor-col-wrap\"><\/div><\/div>\n<\/div><\/div><\/section>\n<\/div><\/div>\n\n\n\n<div id=\"col-gmd3da79\" class=\"wp-block-gutentor-m4-col col-gmd3da79 gutentor-single-column  grid-lg-5 grid-md-12 grid-12\"><div id=\"section-gmd3da79\" class=\"section-gmd3da79 gutentor-col-wrap\">\n<h3 class=\"wp-block-heading\">Mehr Design, weniger Abfall<\/h3>\n\n\n\n<p>Die B\u00fcgel der Clip-Kollektion zeigen, was durchdachtes Design bedeutet: Sie entstehen bei uns im Haus aus Titan-Draht \u2013 pr\u00e4zise geschnitten, gebogen und geformt, nahezu ohne Materialverlust. Aus zehn Kilometern Draht bleiben nur wenige Zentimeter \u00fcbrig. Selbst wir finden das immer wieder faszinierend.<\/p>\n<\/div><\/div>\n<\/div><\/div><\/section>\n\n\n\n<div style=\"height:50px\" aria-hidden=\"true\" class=\"wp-block-spacer\"><\/div>\n\n\n\n<section id=\"gmd6148d9\" class=\"wp-block-gutentor-m4 section-gmd6148d9 gutentor-module gutentor-advanced-columns\"><div class=\"grid-container\"><div class=\"grid-row\">\n<div id=\"col-gm7d761e\" class=\"wp-block-gutentor-m4-col col-gm7d761e gutentor-single-column  grid-lg-5 grid-md-12 grid-12\"><div id=\"section-gm7d761e\" class=\"section-gm7d761e gutentor-col-wrap\"><\/div><\/div>\n\n\n\n<div id=\"col-gm074a0c\" class=\"wp-block-gutentor-m4-col col-gm074a0c gutentor-single-column  grid-lg-7 grid-md-12 grid-12\"><div id=\"section-gm074a0c\" class=\"section-gm074a0c gutentor-col-wrap\">\n<section id=\"gmb1c0a6a\" class=\"wp-block-gutentor-m4 section-gmb1c0a6a gutentor-module gutentor-advanced-columns\"><div class=\"grid-container gutentor-rm-ct-space\"><div class=\"grid-row gutentor-rm-row-space\">\n<div id=\"col-gm70cbc3\" class=\"wp-block-gutentor-m4-col col-gm70cbc3 gutentor-single-column  grid-lg-9 grid-md-12 grid-12 gutentor-rm-col-space\"><div id=\"section-gm70cbc3\" class=\"section-gm70cbc3 gutentor-col-wrap\">\n<figure class=\"wp-block-image size-full\"><img loading=\"lazy\" decoding=\"async\" width=\"2560\" height=\"1556\" src=\"https:\/\/weareannu.com\/wp-content\/uploads\/2023\/05\/MB220427_weareannu_temples-studio_0065-Bearbeitet-highres-scaled.jpg\" alt=\"\" class=\"wp-image-8475\" srcset=\"https:\/\/weareannu.com\/wp-content\/uploads\/2023\/05\/MB220427_weareannu_temples-studio_0065-Bearbeitet-highres-scaled.jpg 2560w, https:\/\/weareannu.com\/wp-content\/uploads\/2023\/05\/MB220427_weareannu_temples-studio_0065-Bearbeitet-highres-scaled-600x365.jpg 600w, https:\/\/weareannu.com\/wp-content\/uploads\/2023\/05\/MB220427_weareannu_temples-studio_0065-Bearbeitet-highres-500x304.jpg 500w, https:\/\/weareannu.com\/wp-content\/uploads\/2023\/05\/MB220427_weareannu_temples-studio_0065-Bearbeitet-highres-2048x1245.jpg 2048w, https:\/\/weareannu.com\/wp-content\/uploads\/2023\/05\/MB220427_weareannu_temples-studio_0065-Bearbeitet-highres-400x243.jpg 400w, https:\/\/weareannu.com\/wp-content\/uploads\/2023\/05\/MB220427_weareannu_temples-studio_0065-Bearbeitet-highres-800x486.jpg 800w\" sizes=\"auto, (max-width: 2560px) 100vw, 2560px\" \/><\/figure>\n<\/div><\/div>\n\n\n\n<div id=\"col-gm9a18f7\" class=\"wp-block-gutentor-m4-col col-gm9a18f7 gutentor-single-column  grid-lg-3 grid-md-12 grid-12 gutentor-rm-col-space\"><div id=\"section-gm9a18f7\" class=\"section-gm9a18f7 gutentor-col-wrap\"><\/div><\/div>\n<\/div><\/div><\/section>\n<\/div><\/div>\n<\/div><\/div><\/section>\n\n\n\n<div style=\"height:100px\" aria-hidden=\"true\" class=\"wp-block-spacer\"><\/div>\n\n\n\n<section id=\"gm4c94256\" class=\"wp-block-gutentor-m4 section-gm4c94256 gutentor-module gutentor-advanced-columns has-color-bg has-custom-bg related_pages black-bg\"><div class=\"grid-container\"><div class=\"grid-row\">\n<div id=\"col-gm1dd3a4\" class=\"wp-block-gutentor-m4-col col-gm1dd3a4 gutentor-single-column  grid-lg-12 grid-md-12 grid-12\"><div id=\"section-gm1dd3a4\" class=\"section-gm1dd3a4 gutentor-col-wrap\">\n<div style=\"height:30px\" aria-hidden=\"true\" class=\"wp-block-spacer\"><\/div>\n\n\n\n<h3 class=\"wp-block-heading\">Was uns antreibt<\/h3>\n\n\n\n<div style=\"height:30px\" aria-hidden=\"true\" class=\"wp-block-spacer\"><\/div>\n\n\n\n<\/div><\/div>\n<\/div><\/div><\/section>","protected":false},"excerpt":{"rendered":"<p> [&#8230;]<\/p>\n<p><a class=\"btn btn-secondary understrap-read-more-link\" href=\"https:\/\/weareannu.com\/de\/doing-it-better\/less-waste\/\">Weiterlesen\u00a0\u2026<span class=\"screen-reader-text\"> from Less waste<\/span><\/a><\/p>","protected":false},"author":6,"featured_media":8750,"parent":8688,"menu_order":3,"comment_status":"closed","ping_status":"closed","template":"template-gutentor-full-width.php","meta":{"inline_featured_image":false,"footnotes":""},"class_list":["post-8613","page","type-page","status-publish","has-post-thumbnail","hentry"],"_links":{"self":[{"href":"https:\/\/weareannu.com\/de\/wp-json\/wp\/v2\/pages\/8613","targetHints":{"allow":["GET"]}}],"collection":[{"href":"https:\/\/weareannu.com\/de\/wp-json\/wp\/v2\/pages"}],"about":[{"href":"https:\/\/weareannu.com\/de\/wp-json\/wp\/v2\/types\/page"}],"author":[{"embeddable":true,"href":"https:\/\/weareannu.com\/de\/wp-json\/wp\/v2\/users\/6"}],"replies":[{"embeddable":true,"href":"https:\/\/weareannu.com\/de\/wp-json\/wp\/v2\/comments?post=8613"}],"version-history":[{"count":60,"href":"https:\/\/weareannu.com\/de\/wp-json\/wp\/v2\/pages\/8613\/revisions"}],"predecessor-version":[{"id":13865,"href":"https:\/\/weareannu.com\/de\/wp-json\/wp\/v2\/pages\/8613\/revisions\/13865"}],"up":[{"embeddable":true,"href":"https:\/\/weareannu.com\/de\/wp-json\/wp\/v2\/pages\/8688"}],"wp:featuredmedia":[{"embeddable":true,"href":"https:\/\/weareannu.com\/de\/wp-json\/wp\/v2\/media\/8750"}],"wp:attachment":[{"href":"https:\/\/weareannu.com\/de\/wp-json\/wp\/v2\/media?parent=8613"}],"curies":[{"name":"wp","href":"https:\/\/api.w.org\/{rel}","templated":true}]}}