{"id":8407,"date":"2023-06-22T22:32:34","date_gmt":"2023-06-22T20:32:34","guid":{"rendered":"https:\/\/weareannu.com\/?page_id=8407"},"modified":"2025-08-14T08:56:11","modified_gmt":"2025-08-14T06:56:11","slug":"manufacturing","status":"publish","type":"page","link":"https:\/\/weareannu.com\/de\/doing-it-better\/manufacturing\/","title":{"rendered":"Produktion"},"content":{"rendered":"<div class=\"wp-block-cover has-custom-content-position is-position-top-left manufacturing_hero fullwidth\"><img loading=\"lazy\" decoding=\"async\" width=\"2500\" height=\"2083\" class=\"wp-block-cover__image-background wp-image-8409\" alt=\"\" src=\"https:\/\/weareannu.com\/wp-content\/uploads\/2023\/05\/DSF0355-2-min.jpg\" data-object-fit=\"cover\" srcset=\"https:\/\/weareannu.com\/wp-content\/uploads\/2023\/05\/DSF0355-2-min.jpg 2500w, https:\/\/weareannu.com\/wp-content\/uploads\/2023\/05\/DSF0355-2-min-500x417.jpg 500w, https:\/\/weareannu.com\/wp-content\/uploads\/2023\/05\/DSF0355-2-min-2048x1706.jpg 2048w, https:\/\/weareannu.com\/wp-content\/uploads\/2023\/05\/DSF0355-2-min-400x333.jpg 400w, https:\/\/weareannu.com\/wp-content\/uploads\/2023\/05\/DSF0355-2-min-800x667.jpg 800w\" sizes=\"auto, (max-width: 2500px) 100vw, 2500px\" \/><span aria-hidden=\"true\" class=\"wp-block-cover__background has-background-dim-0 has-background-dim\"><\/span><div class=\"wp-block-cover__inner-container is-layout-flow wp-block-cover-is-layout-flow\">\n<h1 class=\"wp-block-heading\">Produktion<\/h1>\n\n\n\n<h3 class=\"wp-block-heading max500\">Unsere Fertigung steht f\u00fcr Pr\u00e4zision, Sorgfalt und Verl\u00e4sslichkeit.<\/h3>\n\n\n\n<p class=\"max500\">Von Anfang bis Ende handeln wir mit Bedacht: weniger Abfall, optimierte Abl\u00e4ufe, Innovation mit Verantwortung. Das Resultat sind zeitlose, ultraleichte Fassungen \u2013 langlebig, nachhaltig und respektvoll gegen\u00fcber Mensch und Natur.<\/p>\n<\/div><\/div>\n\n\n\n<div style=\"height:150px\" aria-hidden=\"true\" class=\"wp-block-spacer\"><\/div>\n\n\n\n<section id=\"gm11021e3\" class=\"wp-block-gutentor-m4 section-gm11021e3 gutentor-module gutentor-advanced-columns\"><div class=\"grid-container\"><div class=\"grid-row\">\n<div id=\"col-gm3085dd\" class=\"wp-block-gutentor-m4-col col-gm3085dd gutentor-single-column  grid-lg-6 grid-md-12 grid-12\"><div id=\"section-gm3085dd\" class=\"section-gm3085dd gutentor-col-wrap\">\n<h3 class=\"wp-block-heading\">3D-Druck hat die Produktion<br>nachhaltig revolutioniert.<\/h3>\n\n\n\n<p>Ein effizienter Prozess f\u00fcr Prototyping, Design und Fertigung \u2013 pr\u00e4zise und ressourcenschonend. Da nur so viel Material eingesetzt wird, wie tats\u00e4chlich gebraucht wird, entsteht fast kein Abfall. Deshalb entstehen all unsere Fassungen im 3D-Druck.<\/p>\n<\/div><\/div>\n\n\n\n<div id=\"col-gm3effcc\" class=\"wp-block-gutentor-m4-col col-gm3effcc gutentor-single-column  grid-lg-6 grid-md-12 grid-12\"><div id=\"section-gm3effcc\" class=\"section-gm3effcc gutentor-col-wrap\"><\/div><\/div>\n<\/div><\/div><\/section>\n\n\n\n<div style=\"height:150px\" aria-hidden=\"true\" class=\"wp-block-spacer\"><\/div>\n\n\n\n<section id=\"gm5e36503\" class=\"wp-block-gutentor-m4 section-gm5e36503 gutentor-module gutentor-advanced-columns\"><div class=\"grid-container\"><div class=\"grid-row\">\n<div id=\"col-gmc0e59f\" class=\"wp-block-gutentor-m4-col col-gmc0e59f gutentor-single-column  grid-lg-8 grid-md-12 grid-12\"><div id=\"section-gmc0e59f\" class=\"section-gmc0e59f gutentor-col-wrap\">\n<figure class=\"wp-block-image size-full\"><img loading=\"lazy\" decoding=\"async\" width=\"1596\" height=\"1055\" src=\"https:\/\/weareannu.com\/wp-content\/uploads\/2025\/08\/AX9A8345.jpg\" alt=\"\" class=\"wp-image-12734\" srcset=\"https:\/\/weareannu.com\/wp-content\/uploads\/2025\/08\/AX9A8345.jpg 1596w, https:\/\/weareannu.com\/wp-content\/uploads\/2025\/08\/AX9A8345-18x12.jpg 18w\" sizes=\"auto, (max-width: 1596px) 100vw, 1596px\" \/><\/figure>\n<\/div><\/div>\n\n\n\n<div id=\"col-gm20634e\" class=\"wp-block-gutentor-m4-col col-gm20634e gutentor-single-column  grid-lg-4 grid-md-12 grid-12\"><div id=\"section-gm20634e\" class=\"section-gm20634e gutentor-col-wrap\"><\/div><\/div>\n<\/div><\/div><\/section>\n\n\n\n<div style=\"height:150px\" aria-hidden=\"true\" class=\"wp-block-spacer\"><\/div>\n\n\n\n<section id=\"gm3ff1601\" class=\"wp-block-gutentor-m4 section-gm3ff1601 gutentor-module gutentor-advanced-columns fullwidth\"><div class=\"grid-container\"><div class=\"grid-row\">\n<div id=\"col-gm568905\" class=\"wp-block-gutentor-m4-col col-gm568905 gutentor-single-column  grid-lg-6 grid-md-12 grid-12 align-end\"><div id=\"section-gm568905\" class=\"section-gm568905 gutentor-col-wrap\">\n<div style=\"height:100px\" aria-hidden=\"true\" class=\"wp-block-spacer\"><\/div>\n\n\n\n<section id=\"g-9l4970p\" class=\"wp-block-gutentor-m4 section-g-9l4970p gutentor-module gutentor-advanced-columns\"><div class=\"grid-container\"><div class=\"grid-row\">\n<div id=\"col-g-1iwe0ug\" class=\"wp-block-gutentor-m4-col col-g-1iwe0ug gutentor-single-column  grid-lg-8 grid-md-12 grid-12\"><div id=\"section-g-1iwe0ug\" class=\"section-g-1iwe0ug gutentor-col-wrap\">\n<h3 class=\"wp-block-heading\">Eigene Werkzeuge und Maschinen \u2013 f\u00fcr volle Kontrolle \u00fcber jeden Fertigungsschritt.<\/h3>\n\n\n\n<p>Mit eigens entwickelten Werkzeugen erreichen wir h\u00f6chste Pr\u00e4zision und Kontrolle \u2013 f\u00fcr Brillen, die in jedem Detail unseren Qualit\u00e4tsanspruch erf\u00fcllen.<\/p>\n<\/div><\/div>\n\n\n\n<div id=\"col-g-pp6vxec\" class=\"wp-block-gutentor-m4-col col-g-pp6vxec gutentor-single-column  grid-lg-4 grid-md-12 grid-12\"><div id=\"section-g-pp6vxec\" class=\"section-g-pp6vxec gutentor-col-wrap\"><\/div><\/div>\n<\/div><\/div><\/section>\n\n\n\n<div style=\"height:150px\" aria-hidden=\"true\" class=\"wp-block-spacer\"><\/div>\n\n\n\n<section id=\"g-c37imde\" class=\"wp-block-gutentor-m4 section-g-c37imde gutentor-module gutentor-advanced-columns\"><div class=\"grid-container\"><div class=\"grid-row\">\n<div id=\"col-g-7465p14\" class=\"wp-block-gutentor-m4-col col-g-7465p14 gutentor-single-column  grid-lg-2 grid-md-12 grid-12\"><div id=\"section-g-7465p14\" class=\"section-g-7465p14 gutentor-col-wrap\"><\/div><\/div>\n\n\n\n<div id=\"col-g-n9of777\" class=\"wp-block-gutentor-m4-col col-g-n9of777 gutentor-single-column  grid-lg-8 grid-md-12 grid-12\"><div id=\"section-g-n9of777\" class=\"section-g-n9of777 gutentor-col-wrap\">\n<figure class=\"wp-block-image size-full\"><img loading=\"lazy\" decoding=\"async\" width=\"862\" height=\"1294\" src=\"https:\/\/weareannu.com\/wp-content\/uploads\/2025\/08\/MB_Annu_Lab_0442-1.jpg\" alt=\"\" class=\"wp-image-12740\" srcset=\"https:\/\/weareannu.com\/wp-content\/uploads\/2025\/08\/MB_Annu_Lab_0442-1.jpg 862w, https:\/\/weareannu.com\/wp-content\/uploads\/2025\/08\/MB_Annu_Lab_0442-1-8x12.jpg 8w\" sizes=\"auto, (max-width: 862px) 100vw, 862px\" \/><\/figure>\n<\/div><\/div>\n\n\n\n<div id=\"col-g-imam5xx\" class=\"wp-block-gutentor-m4-col col-g-imam5xx gutentor-single-column  grid-lg-2 grid-md-12 grid-12\"><div id=\"section-g-imam5xx\" class=\"section-g-imam5xx gutentor-col-wrap\"><\/div><\/div>\n<\/div><\/div><\/section>\n<\/div><\/div>\n\n\n\n<div id=\"col-gm551b73\" class=\"wp-block-gutentor-m4-col col-gm551b73 gutentor-single-column  grid-lg-6 grid-md-12 grid-12\"><div id=\"section-gm551b73\" class=\"section-gm551b73 gutentor-col-wrap\">\n<section id=\"g-bnlabbi\" class=\"wp-block-gutentor-m4 section-g-bnlabbi gutentor-module gutentor-advanced-columns\"><div class=\"grid-container\"><div class=\"grid-row\">\n<div id=\"col-g-11j511x\" class=\"wp-block-gutentor-m4-col col-g-11j511x gutentor-single-column  grid-lg-11 grid-md-12 grid-12\"><div id=\"section-g-11j511x\" class=\"section-g-11j511x gutentor-col-wrap\">\n<figure class=\"wp-block-image size-full\"><img loading=\"lazy\" decoding=\"async\" width=\"1214\" height=\"1596\" src=\"https:\/\/weareannu.com\/wp-content\/uploads\/2025\/08\/MB_Annu_Studio_0234.jpg\" alt=\"\" class=\"wp-image-12747\" style=\"object-fit:cover\" srcset=\"https:\/\/weareannu.com\/wp-content\/uploads\/2025\/08\/MB_Annu_Studio_0234.jpg 1214w, https:\/\/weareannu.com\/wp-content\/uploads\/2025\/08\/MB_Annu_Studio_0234-1168x1536.jpg 1168w, https:\/\/weareannu.com\/wp-content\/uploads\/2025\/08\/MB_Annu_Studio_0234-9x12.jpg 9w\" sizes=\"auto, (max-width: 1214px) 100vw, 1214px\" \/><\/figure>\n<\/div><\/div>\n\n\n\n<div id=\"col-g-v7ibv12\" class=\"wp-block-gutentor-m4-col col-g-v7ibv12 gutentor-single-column  grid-lg-1 grid-md-12 grid-12\"><div id=\"section-g-v7ibv12\" class=\"section-g-v7ibv12 gutentor-col-wrap\"><\/div><\/div>\n<\/div><\/div><\/section>\n\n\n\n<div style=\"height:50px\" aria-hidden=\"true\" class=\"wp-block-spacer\"><\/div>\n\n\n\n<section id=\"g-m8igii2\" class=\"wp-block-gutentor-m4 section-g-m8igii2 gutentor-module gutentor-advanced-columns\"><div class=\"grid-container\"><div class=\"grid-row\">\n<div id=\"col-g-l1llyij\" class=\"wp-block-gutentor-m4-col col-g-l1llyij gutentor-single-column  grid-lg-8 grid-md-12 grid-12\"><div id=\"section-g-l1llyij\" class=\"section-g-l1llyij gutentor-col-wrap\">\n<figure class=\"wp-block-image size-full\"><img loading=\"lazy\" decoding=\"async\" width=\"1240\" height=\"962\" src=\"https:\/\/weareannu.com\/wp-content\/uploads\/2025\/08\/tool.jpg\" alt=\"\" class=\"wp-image-12739\" style=\"object-fit:cover\" srcset=\"https:\/\/weareannu.com\/wp-content\/uploads\/2025\/08\/tool.jpg 1240w, https:\/\/weareannu.com\/wp-content\/uploads\/2025\/08\/tool-15x12.jpg 15w\" sizes=\"auto, (max-width: 1240px) 100vw, 1240px\" \/><\/figure>\n<\/div><\/div>\n\n\n\n<div id=\"col-g-cwe1wnv\" class=\"wp-block-gutentor-m4-col col-g-cwe1wnv gutentor-single-column  grid-lg-4 grid-md-12 grid-12\"><div id=\"section-g-cwe1wnv\" class=\"section-g-cwe1wnv gutentor-col-wrap\"><\/div><\/div>\n<\/div><\/div><\/section>\n<\/div><\/div>\n<\/div><\/div><\/section>\n\n\n\n<div style=\"height:200px\" aria-hidden=\"true\" class=\"wp-block-spacer\"><\/div>\n\n\n\n<section id=\"g-f2su0j2\" class=\"wp-block-gutentor-m4 alignwide section-g-f2su0j2 gutentor-module gutentor-advanced-columns\"><div class=\"grid-container\"><div class=\"grid-row\">\n<div id=\"col-g-6wy16s6\" class=\"wp-block-gutentor-m4-col col-g-6wy16s6 gutentor-single-column  grid-lg-12 grid-md-12 grid-12\"><div id=\"section-g-6wy16s6\" class=\"section-g-6wy16s6 gutentor-col-wrap\"><div class=\"wp-block-image\">\n<figure class=\"aligncenter size-large\"><img loading=\"lazy\" decoding=\"async\" width=\"1104\" height=\"195\" src=\"https:\/\/weareannu.com\/wp-content\/uploads\/2025\/08\/Make_Light.svg\" alt=\"\" class=\"wp-image-12757\"\/><\/figure>\n<\/div><\/div><\/div>\n<\/div><\/div><\/section>\n\n\n\n<div style=\"height:200px\" aria-hidden=\"true\" class=\"wp-block-spacer\"><\/div>\n\n\n\n<section id=\"gm03c90fc\" class=\"wp-block-gutentor-m4 section-gm03c90fc gutentor-module gutentor-advanced-columns\"><div class=\"grid-container gutentor-rm-ct-space\"><div class=\"grid-row gutentor-rm-row-space\">\n<div id=\"col-gm06c0a7\" class=\"wp-block-gutentor-m4-col col-gm06c0a7 gutentor-single-column  grid-lg-6 grid-md-12 grid-12 gutentor-rm-col-space\"><div id=\"section-gm06c0a7\" class=\"section-gm06c0a7 gutentor-col-wrap\">\n<section id=\"gm1db0249\" class=\"wp-block-gutentor-m4 section-gm1db0249 gutentor-module gutentor-advanced-columns\"><div class=\"grid-container gutentor-rm-ct-space-d\"><div class=\"grid-row gutentor-rm-row-space-d\">\n<div id=\"col-gmae8588\" class=\"wp-block-gutentor-m4-col col-gmae8588 gutentor-single-column  grid-lg-10 grid-md-12 grid-12 gutentor-rm-col-space-d\"><div id=\"section-gmae8588\" class=\"section-gmae8588 gutentor-col-wrap\">\n<figure class=\"wp-block-image size-large\"><img loading=\"lazy\" decoding=\"async\" width=\"775\" height=\"1000\" src=\"https:\/\/weareannu.com\/wp-content\/uploads\/2023\/05\/MB_Annu_Lab_0551-2-775x1000.jpg\" alt=\"\" class=\"wp-image-8473\" srcset=\"https:\/\/weareannu.com\/wp-content\/uploads\/2023\/05\/MB_Annu_Lab_0551-2-775x1000.jpg 775w, https:\/\/weareannu.com\/wp-content\/uploads\/2023\/05\/MB_Annu_Lab_0551-2-387x500.jpg 387w, https:\/\/weareannu.com\/wp-content\/uploads\/2023\/05\/MB_Annu_Lab_0551-2-1190x1536.jpg 1190w, https:\/\/weareannu.com\/wp-content\/uploads\/2023\/05\/MB_Annu_Lab_0551-2-400x516.jpg 400w, https:\/\/weareannu.com\/wp-content\/uploads\/2023\/05\/MB_Annu_Lab_0551-2-800x1032.jpg 800w, https:\/\/weareannu.com\/wp-content\/uploads\/2023\/05\/MB_Annu_Lab_0551-2.jpg 1226w\" sizes=\"auto, (max-width: 775px) 100vw, 775px\" \/><\/figure>\n<\/div><\/div>\n\n\n\n<div id=\"col-gm63d476\" class=\"wp-block-gutentor-m4-col col-gm63d476 gutentor-single-column  grid-lg-2 grid-md-12 grid-12 gutentor-rm-col-space-d\"><div id=\"section-gm63d476\" class=\"section-gm63d476 gutentor-col-wrap\"><\/div><\/div>\n<\/div><\/div><\/section>\n<\/div><\/div>\n\n\n\n<div id=\"col-gm0d0e11\" class=\"wp-block-gutentor-m4-col col-gm0d0e11 gutentor-single-column  grid-lg-6 grid-md-12 grid-12 gutentor-rm-col-space align-end\"><div id=\"section-gm0d0e11\" class=\"section-gm0d0e11 gutentor-col-wrap\">\n<section id=\"gm7d02eec\" class=\"wp-block-gutentor-m4 section-gm7d02eec gutentor-module gutentor-advanced-columns\"><div class=\"grid-container\"><div class=\"grid-row\">\n<div id=\"col-gm0d40c2\" class=\"wp-block-gutentor-m4-col col-gm0d40c2 gutentor-single-column  grid-lg-12 grid-md-12 grid-12\"><div id=\"section-gm0d40c2\" class=\"section-gm0d40c2 gutentor-col-wrap\">\n<h1 class=\"wp-block-heading\" style=\"font-size:50px\">Wir lieben handgefertigte, kreative Fertigung.<\/h1>\n\n\n\n<p>Leichtigkeit bedeutet mehr als Komfort. Es ist eine nachhaltige Strategie: weniger Materialeinsatz, weniger Abfall, geringerer CO\u2082-Fu\u00dfabdruck \u2013 und am Ende ein Produkt, das dem Tr\u00e4ger ein besseres Erlebnis bietet.<br>Indem wir selbst Fertigen, k\u00f6nnen wir Abfall minimieren, Materialien bewusst w\u00e4hlen und Qualit\u00e4t in den Mittelpunkt stellen \u2013 getragen von einer einzigartigen Kombination aus Technologie, Kreativit\u00e4t und Handwerkskunst.<\/p>\n<\/div><\/div>\n<\/div><\/div><\/section>\n<\/div><\/div>\n<\/div><\/div><\/section>\n\n\n\n<div style=\"height:100px\" aria-hidden=\"true\" class=\"wp-block-spacer\"><\/div>\n\n\n\n<section id=\"gm24d9228\" class=\"wp-block-gutentor-m4 section-gm24d9228 gutentor-module gutentor-advanced-columns fullwidth\"><div class=\"grid-container\"><div class=\"grid-row\">\n<div id=\"col-gm2109d2\" class=\"wp-block-gutentor-m4-col col-gm2109d2 gutentor-single-column  grid-lg-6 grid-md-12 grid-12\"><div id=\"section-gm2109d2\" class=\"section-gm2109d2 gutentor-col-wrap\"><\/div><\/div>\n\n\n\n<div id=\"col-gmf8dd4a\" class=\"wp-block-gutentor-m4-col col-gmf8dd4a gutentor-single-column  grid-lg-3 grid-md-12 grid-12\"><div id=\"section-gmf8dd4a\" class=\"section-gmf8dd4a gutentor-col-wrap\">\n<h3 class=\"wp-block-heading\">Liebevoll gefertigt<\/h3>\n\n\n\n<p>F\u00fcr uns geht es um mehr als Technik: Ein wirklich gutes Produkt entsteht mit Gef\u00fchl. Darum kombinieren wir handwerkliche Fertigung mit maschineller Pr\u00e4zision.<\/p>\n<\/div><\/div>\n\n\n\n<div id=\"col-g-zpe1k99\" class=\"wp-block-gutentor-m4-col col-g-zpe1k99 gutentor-single-column  grid-lg-3 grid-md-12 grid-12\"><div id=\"section-g-zpe1k99\" class=\"section-g-zpe1k99 gutentor-col-wrap\"><\/div><\/div>\n<\/div><\/div><\/section>\n\n\n\n<div style=\"height:30px\" aria-hidden=\"true\" class=\"wp-block-spacer\"><\/div>\n\n\n\n<figure class=\"wp-block-video\"><video height=\"1080\" style=\"aspect-ratio: 1920 \/ 1080;\" width=\"1920\" autoplay loop muted src=\"https:\/\/weareannu.com\/wp-content\/uploads\/2023\/06\/Yellow-x3speed_1.mp4\"><\/video><\/figure>\n\n\n\n<div style=\"height:30px\" aria-hidden=\"true\" class=\"wp-block-spacer\"><\/div>\n\n\n\n<section id=\"gme55ec50\" class=\"wp-block-gutentor-m4 section-gme55ec50 gutentor-module gutentor-advanced-columns\"><div class=\"grid-container\"><div class=\"grid-row\">\n<div id=\"col-gme65819\" class=\"wp-block-gutentor-m4-col col-gme65819 gutentor-single-column  grid-lg-6 grid-md-12 grid-12\"><div id=\"section-gme65819\" class=\"section-gme65819 gutentor-col-wrap\">\n<div style=\"height:300px\" aria-hidden=\"true\" class=\"wp-block-spacer hide-mobile\"><\/div>\n\n\n\n<figure class=\"wp-block-image size-full\"><img loading=\"lazy\" decoding=\"async\" width=\"737\" height=\"509\" src=\"https:\/\/weareannu.com\/wp-content\/uploads\/2023\/06\/MB_Annu_Studio_0271-1.jpg\" alt=\"\" class=\"wp-image-8601\" srcset=\"https:\/\/weareannu.com\/wp-content\/uploads\/2023\/06\/MB_Annu_Studio_0271-1.jpg 737w, https:\/\/weareannu.com\/wp-content\/uploads\/2023\/06\/MB_Annu_Studio_0271-1-500x345.jpg 500w, https:\/\/weareannu.com\/wp-content\/uploads\/2023\/06\/MB_Annu_Studio_0271-1-400x276.jpg 400w\" sizes=\"auto, (max-width: 737px) 100vw, 737px\" \/><\/figure>\n<\/div><\/div>\n\n\n\n<div id=\"col-gm5f8b6c\" class=\"wp-block-gutentor-m4-col col-gm5f8b6c gutentor-single-column  grid-lg-6 grid-md-12 grid-12 align-end\"><div id=\"section-gm5f8b6c\" class=\"section-gm5f8b6c gutentor-col-wrap\">\n<section id=\"gma07fde6\" class=\"wp-block-gutentor-m4 section-gma07fde6 gutentor-module gutentor-advanced-columns\"><div class=\"grid-container gutentor-rm-ct-space\"><div class=\"grid-row gutentor-rm-row-space\">\n<div id=\"col-gm45bb8e\" class=\"wp-block-gutentor-m4-col col-gm45bb8e gutentor-single-column  grid-lg-2 grid-md-12 grid-12 gutentor-rm-col-space\"><div id=\"section-gm45bb8e\" class=\"section-gm45bb8e gutentor-col-wrap\"><\/div><\/div>\n\n\n\n<div id=\"col-gme043f2\" class=\"wp-block-gutentor-m4-col col-gme043f2 gutentor-single-column  grid-lg-10 grid-md-12 grid-12 gutentor-rm-col-space\"><div id=\"section-gme043f2\" class=\"section-gme043f2 gutentor-col-wrap\">\n<figure class=\"wp-block-image size-full\"><img loading=\"lazy\" decoding=\"async\" width=\"485\" height=\"629\" src=\"https:\/\/weareannu.com\/wp-content\/uploads\/2023\/06\/MB230517_Annu_Office_0490-lowres-1.jpg\" alt=\"\" class=\"wp-image-8602\" srcset=\"https:\/\/weareannu.com\/wp-content\/uploads\/2023\/06\/MB230517_Annu_Office_0490-lowres-1.jpg 485w, https:\/\/weareannu.com\/wp-content\/uploads\/2023\/06\/MB230517_Annu_Office_0490-lowres-1-386x500.jpg 386w, https:\/\/weareannu.com\/wp-content\/uploads\/2023\/06\/MB230517_Annu_Office_0490-lowres-1-400x519.jpg 400w\" sizes=\"auto, (max-width: 485px) 100vw, 485px\" \/><figcaption class=\"wp-element-caption\">In unserer Werkstatt geben wir einem sorgf\u00e4ltig entworfenen Produkt den letzten Schliff. In jedem Detail steckt unser Anspruch, es besser zu machen.<\/figcaption><\/figure>\n<\/div><\/div>\n<\/div><\/div><\/section>\n<\/div><\/div>\n<\/div><\/div><\/section>\n\n\n\n<div style=\"height:100px\" aria-hidden=\"true\" class=\"wp-block-spacer\"><\/div>\n\n\n\n<section id=\"g-nwzo2o1\" class=\"wp-block-gutentor-m4 section-g-nwzo2o1 gutentor-module gutentor-advanced-columns fullwidth\"><div class=\"grid-container\"><div class=\"grid-row\">\n<div id=\"col-g-it1tmt1\" class=\"wp-block-gutentor-m4-col col-g-it1tmt1 gutentor-single-column  grid-lg-1 grid-md-12 grid-12\"><div id=\"section-g-it1tmt1\" class=\"section-g-it1tmt1 gutentor-col-wrap\"><\/div><\/div>\n\n\n\n<div id=\"col-g-178onkv\" class=\"wp-block-gutentor-m4-col col-g-178onkv gutentor-single-column  grid-lg-10 grid-md-12 grid-12\"><div id=\"section-g-178onkv\" class=\"section-g-178onkv gutentor-col-wrap\">\n<h2 class=\"wp-block-heading has-text-align-center\" style=\"font-size:50px\">Made in Germany<\/h2>\n<\/div><\/div>\n\n\n\n<div id=\"col-g-elj5fm5\" class=\"wp-block-gutentor-m4-col col-g-elj5fm5 gutentor-single-column  grid-lg-1 grid-md-12 grid-12\"><div id=\"section-g-elj5fm5\" class=\"section-g-elj5fm5 gutentor-col-wrap\"><\/div><\/div>\n<\/div><\/div><\/section>\n\n\n\n<div style=\"height:200px\" aria-hidden=\"true\" class=\"wp-block-spacer\"><\/div>\n\n\n\n<section id=\"gm0686bd9\" class=\"wp-block-gutentor-m4 section-gm0686bd9 gutentor-module gutentor-advanced-columns has-color-bg has-custom-bg related_pages black-bg\"><div class=\"grid-container\"><div class=\"grid-row\">\n<div id=\"col-gm5a3714\" class=\"wp-block-gutentor-m4-col col-gm5a3714 gutentor-single-column  grid-lg-12 grid-md-12 grid-12\"><div id=\"section-gm5a3714\" class=\"section-gm5a3714 gutentor-col-wrap\">\n<div style=\"height:30px\" aria-hidden=\"true\" class=\"wp-block-spacer\"><\/div>\n\n\n\n<h3 class=\"wp-block-heading\">Was uns antreibt<\/h3>\n\n\n\n<div style=\"height:30px\" aria-hidden=\"true\" class=\"wp-block-spacer\"><\/div>\n\n\n\n<\/div><\/div>\n<\/div><\/div><\/section>","protected":false},"excerpt":{"rendered":"<p> [&#8230;]<\/p>\n<p><a class=\"btn btn-secondary understrap-read-more-link\" href=\"https:\/\/weareannu.com\/de\/doing-it-better\/manufacturing\/\">Weiterlesen\u00a0\u2026<span class=\"screen-reader-text\"> from Manufacturing<\/span><\/a><\/p>","protected":false},"author":6,"featured_media":7300,"parent":8688,"menu_order":4,"comment_status":"closed","ping_status":"closed","template":"template-gutentor-full-width.php","meta":{"inline_featured_image":false,"footnotes":""},"class_list":["post-8407","page","type-page","status-publish","has-post-thumbnail","hentry"],"_links":{"self":[{"href":"https:\/\/weareannu.com\/de\/wp-json\/wp\/v2\/pages\/8407","targetHints":{"allow":["GET"]}}],"collection":[{"href":"https:\/\/weareannu.com\/de\/wp-json\/wp\/v2\/pages"}],"about":[{"href":"https:\/\/weareannu.com\/de\/wp-json\/wp\/v2\/types\/page"}],"author":[{"embeddable":true,"href":"https:\/\/weareannu.com\/de\/wp-json\/wp\/v2\/users\/6"}],"replies":[{"embeddable":true,"href":"https:\/\/weareannu.com\/de\/wp-json\/wp\/v2\/comments?post=8407"}],"version-history":[{"count":113,"href":"https:\/\/weareannu.com\/de\/wp-json\/wp\/v2\/pages\/8407\/revisions"}],"predecessor-version":[{"id":12781,"href":"https:\/\/weareannu.com\/de\/wp-json\/wp\/v2\/pages\/8407\/revisions\/12781"}],"up":[{"embeddable":true,"href":"https:\/\/weareannu.com\/de\/wp-json\/wp\/v2\/pages\/8688"}],"wp:featuredmedia":[{"embeddable":true,"href":"https:\/\/weareannu.com\/de\/wp-json\/wp\/v2\/media\/7300"}],"wp:attachment":[{"href":"https:\/\/weareannu.com\/de\/wp-json\/wp\/v2\/media?parent=8407"}],"curies":[{"name":"wp","href":"https:\/\/api.w.org\/{rel}","templated":true}]}}