{"id":7964,"date":"2023-03-07T14:26:53","date_gmt":"2023-03-07T13:26:53","guid":{"rendered":"https:\/\/weareannu.com\/?page_id=7964"},"modified":"2024-01-12T09:45:47","modified_gmt":"2024-01-12T08:45:47","slug":"contact","status":"publish","type":"page","link":"https:\/\/weareannu.com\/de\/about-us\/contact\/","title":{"rendered":"Contact"},"content":{"rendered":"<div style=\"height:150px\" aria-hidden=\"true\" class=\"wp-block-spacer\"><\/div>\n\n\n\n<section id=\"gm6d8e3db\" class=\"wp-block-gutentor-m4 section-gm6d8e3db gutentor-module gutentor-advanced-columns m20\"><div class=\"grid-container\"><div class=\"grid-row\">\n<div id=\"col-gmffacf3\" class=\"wp-block-gutentor-m4-col col-gmffacf3 gutentor-single-column  grid-lg-12 grid-md-12 grid-12\"><div id=\"section-gmffacf3\" class=\"section-gmffacf3 gutentor-col-wrap\">\n<h1 class=\"wp-block-heading\">Meldet euch gern<\/h1>\n<\/div><\/div>\n<\/div><\/div><\/section>\n\n\n\n<section id=\"gme87faea\" class=\"wp-block-gutentor-m4 section-gme87faea gutentor-module gutentor-advanced-columns\"><div class=\"grid-container\"><div class=\"grid-row\">\n<div id=\"col-gm871c82\" class=\"wp-block-gutentor-m4-col col-gm871c82 gutentor-single-column  grid-lg-6 grid-md-12 grid-12\"><div id=\"section-gm871c82\" class=\"section-gm871c82 gutentor-col-wrap\">\n<p>weareannu GmbH<br>Holzgartenstra\u00dfe 13<br>90461 N\u00fcrnberg<\/p>\n\n\n\n<p>Phone: +49 (0) 911-4772610<br>Email: <a href=\"mailto:hello@weareannu.com\">hello@weareannu.com<\/a><\/p>\n\n\n\n<div style=\"height:70px\" aria-hidden=\"true\" class=\"wp-block-spacer\"><\/div>\n<\/div><\/div>\n\n\n\n<div id=\"col-gm1c49ec\" class=\"wp-block-gutentor-m4-col col-gm1c49ec gutentor-single-column  grid-lg-6 grid-md-12 grid-12\"><div id=\"section-gm1c49ec\" class=\"section-gm1c49ec gutentor-col-wrap\"><\/div><\/div>\n<\/div><\/div><\/section>\n\n\n\n<section id=\"gm7b7007f\" class=\"wp-block-gutentor-m4 section-gm7b7007f gutentor-module gutentor-advanced-columns\"><div class=\"grid-container\"><div class=\"grid-row\">\n<div id=\"col-gm10ecac\" class=\"wp-block-gutentor-m4-col col-gm10ecac gutentor-single-column  grid-lg-6 grid-md-12 grid-12\"><div id=\"section-gm10ecac\" class=\"section-gm10ecac gutentor-col-wrap\">\n<h3 class=\"wp-block-heading\">Ihr wollt H\u00e4ndler werden, m\u00f6chtet mehr \u00fcber das Produkt erfahren oder einfach nur Hallo sagen? <br>Wir freuen uns auf Eure Nachricht.<\/h3>\n\n\n\n<div style=\"height:70px\" aria-hidden=\"true\" class=\"wp-block-spacer\"><\/div>\n<\/div><\/div>\n\n\n\n<div id=\"col-gme5cdfb\" class=\"wp-block-gutentor-m4-col col-gme5cdfb gutentor-single-column  grid-lg-6 grid-md-12 grid-12\"><div id=\"section-gme5cdfb\" class=\"section-gme5cdfb gutentor-col-wrap\"><\/div><\/div>\n<\/div><\/div><\/section>\n\n\n\n<section id=\"gm2726812\" class=\"wp-block-gutentor-m4 section-gm2726812 gutentor-module gutentor-advanced-columns has-color-bg has-custom-bg fullwidth\"><div class=\"grid-container\"><div class=\"grid-row\">\n<div id=\"col-gmca37a1\" class=\"wp-block-gutentor-m4-col col-gmca37a1 gutentor-single-column  grid-lg-12 grid-md-12 grid-12\"><div id=\"section-gmca37a1\" class=\"section-gmca37a1 gutentor-col-wrap\">\n<div style=\"height:50px\" aria-hidden=\"true\" class=\"wp-block-spacer\"><\/div>\n\n\n\n<section id=\"gm2a4531f\" class=\"wp-block-gutentor-m4 section-gm2a4531f gutentor-module gutentor-advanced-columns\"><div class=\"grid-container\"><div class=\"grid-row\">\n<div id=\"col-gm93eddd\" class=\"wp-block-gutentor-m4-col col-gm93eddd gutentor-single-column  grid-lg-3 grid-md-12 grid-12\"><div id=\"section-gm93eddd\" class=\"section-gm93eddd gutentor-col-wrap\"><\/div><\/div>\n\n\n\n<div id=\"col-gm1d7003\" class=\"wp-block-gutentor-m4-col col-gm1d7003 gutentor-single-column  grid-lg-6 grid-md-12 grid-12\"><div id=\"section-gm1d7003\" class=\"section-gm1d7003 gutentor-col-wrap\">\n<div class=\"wp-block-contact-form-7-contact-form-selector m20\">\n<div class=\"wpcf7 no-js\" id=\"wpcf7-f1884-o1\" lang=\"de-DE\" dir=\"ltr\" data-wpcf7-id=\"1884\">\n<div class=\"screen-reader-response\"><p role=\"status\" aria-live=\"polite\" aria-atomic=\"true\"><\/p> <ul><\/ul><\/div>\n<form action=\"\/de\/wp-json\/wp\/v2\/pages\/7964#wpcf7-f1884-o1\" method=\"post\" class=\"wpcf7-form init\" aria-label=\"Kontaktformular\" novalidate=\"novalidate\" data-status=\"init\" data-trp-original-action=\"\/de\/wp-json\/wp\/v2\/pages\/7964#wpcf7-f1884-o1\">\n<fieldset class=\"hidden-fields-container\"><input type=\"hidden\" name=\"_wpcf7\" value=\"1884\" \/><input type=\"hidden\" name=\"_wpcf7_version\" value=\"6.1.4\" \/><input type=\"hidden\" name=\"_wpcf7_locale\" value=\"de_DE\" \/><input type=\"hidden\" name=\"_wpcf7_unit_tag\" value=\"wpcf7-f1884-o1\" \/><input type=\"hidden\" name=\"_wpcf7_container_post\" value=\"0\" \/><input type=\"hidden\" name=\"_wpcf7_posted_data_hash\" value=\"\" \/>\n<\/fieldset>\n<p><span class=\"wpcf7-form-control-wrap\" data-name=\"type\"><select class=\"wpcf7-form-control wpcf7-select wpcf7-validates-as-required\" aria-required=\"true\" aria-invalid=\"false\" name=\"type\"><option value=\"\">Please select<\/option><option value=\"Consumer\">Consumer<\/option><option value=\"Optician\">Optician<\/option><option value=\"Distributor\">Distributor<\/option><\/select><\/span><label><br \/>\n<\/label><label>Name <span class=\"wpcf7-form-control-wrap\" data-name=\"your-name\"><input size=\"40\" maxlength=\"400\" class=\"wpcf7-form-control wpcf7-text wpcf7-validates-as-required\" aria-required=\"true\" aria-invalid=\"false\" value=\"\" type=\"text\" name=\"your-name\" \/><\/span> <\/label><br \/>\n<label>E-Mail <span class=\"wpcf7-form-control-wrap\" data-name=\"your-email\"><input size=\"40\" maxlength=\"400\" class=\"wpcf7-form-control wpcf7-email wpcf7-validates-as-required wpcf7-text wpcf7-validates-as-email\" aria-required=\"true\" aria-invalid=\"false\" value=\"\" type=\"email\" name=\"your-email\" \/><\/span> <\/label><br \/>\n<label>Eure Nachricht<span class=\"wpcf7-form-control-wrap\" data-name=\"your-message\"><textarea cols=\"40\" rows=\"10\" maxlength=\"2000\" class=\"wpcf7-form-control wpcf7-textarea wpcf7-validates-as-required\" aria-required=\"true\" aria-invalid=\"false\" name=\"your-message\"><\/textarea><\/span> <\/label>\n<\/p>\n<p><input class=\"wpcf7-form-control wpcf7-submit has-spinner mt-5\" type=\"submit\" value=\"Get in touch\" \/>\n<\/p><div class=\"wpcf7-response-output\" aria-hidden=\"true\"><\/div>\n<input type=\"hidden\" name=\"trp-form-language\" value=\"de\"\/><\/form>\n<\/div>\n<\/div>\n<\/div><\/div>\n\n\n\n<div id=\"col-gm16807f\" class=\"wp-block-gutentor-m4-col col-gm16807f gutentor-single-column  grid-lg-3 grid-md-12 grid-12\"><div id=\"section-gm16807f\" class=\"section-gm16807f gutentor-col-wrap\"><\/div><\/div>\n<\/div><\/div><\/section>\n\n\n\n<div style=\"height:50px\" aria-hidden=\"true\" class=\"wp-block-spacer\"><\/div>\n<\/div><\/div>\n<\/div><\/div><\/section>","protected":false},"excerpt":{"rendered":"<p> [&#8230;]<\/p>\n<p><a class=\"btn btn-secondary understrap-read-more-link\" href=\"https:\/\/weareannu.com\/de\/about-us\/contact\/\">Weiterlesen\u00a0\u2026<span class=\"screen-reader-text\"> from Contact<\/span><\/a><\/p>","protected":false},"author":6,"featured_media":0,"parent":3879,"menu_order":0,"comment_status":"closed","ping_status":"closed","template":"template-gutentor-full-width.php","meta":{"inline_featured_image":false,"footnotes":""},"class_list":["post-7964","page","type-page","status-publish","hentry"],"_links":{"self":[{"href":"https:\/\/weareannu.com\/de\/wp-json\/wp\/v2\/pages\/7964","targetHints":{"allow":["GET"]}}],"collection":[{"href":"https:\/\/weareannu.com\/de\/wp-json\/wp\/v2\/pages"}],"about":[{"href":"https:\/\/weareannu.com\/de\/wp-json\/wp\/v2\/types\/page"}],"author":[{"embeddable":true,"href":"https:\/\/weareannu.com\/de\/wp-json\/wp\/v2\/users\/6"}],"replies":[{"embeddable":true,"href":"https:\/\/weareannu.com\/de\/wp-json\/wp\/v2\/comments?post=7964"}],"version-history":[{"count":2,"href":"https:\/\/weareannu.com\/de\/wp-json\/wp\/v2\/pages\/7964\/revisions"}],"predecessor-version":[{"id":10275,"href":"https:\/\/weareannu.com\/de\/wp-json\/wp\/v2\/pages\/7964\/revisions\/10275"}],"up":[{"embeddable":true,"href":"https:\/\/weareannu.com\/de\/wp-json\/wp\/v2\/pages\/3879"}],"wp:attachment":[{"href":"https:\/\/weareannu.com\/de\/wp-json\/wp\/v2\/media?parent=7964"}],"curies":[{"name":"wp","href":"https:\/\/api.w.org\/{rel}","templated":true}]}}