{"id":6281,"date":"2022-09-19T17:07:28","date_gmt":"2022-09-19T15:07:28","guid":{"rendered":"https:\/\/202208.weareannu.com\/?page_id=6281"},"modified":"2025-08-21T10:40:36","modified_gmt":"2025-08-21T08:40:36","slug":"plant-based-3d-printing","status":"publish","type":"page","link":"https:\/\/weareannu.com\/de\/doing-it-better\/plant-based-3d-printing\/","title":{"rendered":"Auf pflanzlicher Basis"},"content":{"rendered":"<div style=\"height:150px\" aria-hidden=\"true\" class=\"wp-block-spacer\"><\/div>\n\n\n\n<section id=\"gm060b851\" class=\"wp-block-gutentor-m4 section-gm060b851 gutentor-module gutentor-advanced-columns fullwidth m20\"><div class=\"grid-container gutentor-rm-ct-space-d\"><div class=\"grid-row gutentor-rm-row-space-d\">\n<div id=\"col-gm1991ed\" class=\"wp-block-gutentor-m4-col col-gm1991ed gutentor-single-column  grid-lg-12 grid-md-12 grid-12 gutentor-rm-col-space-d\"><div id=\"section-gm1991ed\" class=\"section-gm1991ed gutentor-col-wrap\">\n<h1 class=\"wp-block-heading has-text-align-left\">Auf pflanzlicher Basis<\/h1>\n<\/div><\/div>\n<\/div><\/div><\/section>\n\n\n\n<section id=\"gm064fc10\" class=\"wp-block-gutentor-m4 section-gm064fc10 gutentor-module gutentor-advanced-columns fullwidth m20\"><div class=\"grid-container gutentor-rm-ct-space-d\"><div class=\"grid-row gutentor-rm-row-space-d\">\n<div id=\"col-gmcbb39a\" class=\"wp-block-gutentor-m4-col col-gmcbb39a gutentor-single-column  grid-lg-5 grid-md-12 grid-12 gutentor-rm-col-space-d\"><div id=\"section-gmcbb39a\" class=\"section-gmcbb39a gutentor-col-wrap\">\n<h3 class=\"wp-block-heading has-text-align-left\">Unsere 3D-gedruckte Clip-Kollektion ist pflanzenbasiert.<\/h3>\n\n\n\n<p>In der Clip-Kollektion setzen wir auf pflanzenbasiertes Nylon: Es senkt den CO\u2082-Fu\u00dfabdruck, sorgt f\u00fcr Flexibilit\u00e4t und macht unsere Brillen ultraleicht und zugleich besonders langlebig.<\/p>\n<\/div><\/div>\n\n\n\n<div id=\"col-gmcf4c38\" class=\"wp-block-gutentor-m4-col col-gmcf4c38 gutentor-single-column  grid-lg-7 grid-md-12 grid-12 gutentor-rm-col-space-d\"><div id=\"section-gmcf4c38\" class=\"section-gmcf4c38 gutentor-col-wrap\">\n<p><\/p>\n<\/div><\/div>\n<\/div><\/div><\/section>\n\n\n\n<div style=\"height:100px\" aria-hidden=\"true\" class=\"wp-block-spacer\"><\/div>\n\n\n\n<figure class=\"wp-block-image size-full fullwidth m20 w100\"><img loading=\"lazy\" decoding=\"async\" width=\"2560\" height=\"1440\" src=\"https:\/\/weareannu.com\/wp-content\/uploads\/2025\/08\/MB210806_Annu_FoA_LOC_MyKilos_0493-lowres-1-scaled.jpg\" alt=\"\" class=\"wp-image-12500\" srcset=\"https:\/\/weareannu.com\/wp-content\/uploads\/2025\/08\/MB210806_Annu_FoA_LOC_MyKilos_0493-lowres-1-scaled.jpg 2560w, https:\/\/weareannu.com\/wp-content\/uploads\/2025\/08\/MB210806_Annu_FoA_LOC_MyKilos_0493-lowres-1-scaled-600x338.jpg 600w, https:\/\/weareannu.com\/wp-content\/uploads\/2025\/08\/MB210806_Annu_FoA_LOC_MyKilos_0493-lowres-1-2048x1152.jpg 2048w, https:\/\/weareannu.com\/wp-content\/uploads\/2025\/08\/MB210806_Annu_FoA_LOC_MyKilos_0493-lowres-1-18x10.jpg 18w\" sizes=\"auto, (max-width: 2560px) 100vw, 2560px\" \/><\/figure>\n\n\n\n<section id=\"gmb2f6e3c\" class=\"wp-block-gutentor-m4 section-gmb2f6e3c gutentor-module gutentor-advanced-columns\"><div class=\"grid-container\"><div class=\"grid-row\">\n<div id=\"col-gmb1d0ef\" class=\"wp-block-gutentor-m4-col col-gmb1d0ef gutentor-single-column  grid-lg-6 grid-md-12 grid-12\"><div id=\"section-gmb1d0ef\" class=\"section-gmb1d0ef gutentor-col-wrap\">\n<div style=\"height:130px\" aria-hidden=\"true\" class=\"wp-block-spacer\"><\/div>\n\n\n\n<h1 class=\"wp-block-heading\" style=\"font-size:61px\">Flexibel, langlebig,<br>und nachhaltig.<\/h1>\n<\/div><\/div>\n\n\n\n<div id=\"col-gm42dfbc\" class=\"wp-block-gutentor-m4-col col-gm42dfbc gutentor-single-column  grid-lg-6 grid-md-12 grid-12\"><div id=\"section-gm42dfbc\" class=\"section-gm42dfbc gutentor-col-wrap\"><\/div><\/div>\n<\/div><\/div><\/section>\n\n\n\n<section id=\"g-c1w7zj7\" class=\"wp-block-gutentor-m4 section-g-c1w7zj7 gutentor-module gutentor-advanced-columns\"><div class=\"grid-container\"><div class=\"grid-row\">\n<div id=\"col-g-35yo2ia\" class=\"wp-block-gutentor-m4-col col-g-35yo2ia gutentor-single-column  grid-lg-6 grid-md-12 grid-12\"><div id=\"section-g-35yo2ia\" class=\"section-g-35yo2ia gutentor-col-wrap\">\n<p>Wir haben uns f\u00fcr PA11 entschieden \u2013 ein pflanzenbasiertes, 3D-druckbares Nylon. Seine einzigartigen Eigenschaften machen das schraubenlose Scharnier des Clips stark, flexibel und zuverl\u00e4ssig. Und das Beste: Es ist pflanzenbasiert.<\/p>\n<\/div><\/div>\n\n\n\n<div id=\"col-g-bn1eg7u\" class=\"wp-block-gutentor-m4-col col-g-bn1eg7u gutentor-single-column  grid-lg-6 grid-md-12 grid-12\"><div id=\"section-g-bn1eg7u\" class=\"section-g-bn1eg7u gutentor-col-wrap\"><\/div><\/div>\n<\/div><\/div><\/section>\n\n\n\n<div style=\"height:100px\" aria-hidden=\"true\" class=\"wp-block-spacer\"><\/div>\n\n\n\n<section id=\"gmfb8881b\" class=\"wp-block-gutentor-m4 section-gmfb8881b gutentor-module gutentor-advanced-columns\"><div class=\"grid-container\"><div class=\"grid-row\">\n<div id=\"col-gm4bd689\" class=\"wp-block-gutentor-m4-col col-gm4bd689 gutentor-single-column  grid-lg-4 grid-md-12 grid-12 gutentor-rm-col-space-d gutentor-rm-col-space-t\"><div id=\"section-gm4bd689\" class=\"section-gm4bd689 gutentor-col-wrap\">\n<figure class=\"wp-block-image size-full\"><img loading=\"lazy\" decoding=\"async\" width=\"1500\" height=\"1500\" src=\"https:\/\/weareannu.com\/wp-content\/uploads\/2023\/06\/MB_Annu_Studio_0311-1-1-1.jpg\" alt=\"\" class=\"wp-image-8682\" srcset=\"https:\/\/weareannu.com\/wp-content\/uploads\/2023\/06\/MB_Annu_Studio_0311-1-1-1.jpg 1500w, https:\/\/weareannu.com\/wp-content\/uploads\/2023\/06\/MB_Annu_Studio_0311-1-1-1-600x600.jpg 600w, https:\/\/weareannu.com\/wp-content\/uploads\/2023\/06\/MB_Annu_Studio_0311-1-1-1-500x500.jpg 500w, https:\/\/weareannu.com\/wp-content\/uploads\/2023\/06\/MB_Annu_Studio_0311-1-1-1-400x400.jpg 400w\" sizes=\"auto, (max-width: 1500px) 100vw, 1500px\" \/><\/figure>\n<\/div><\/div>\n\n\n\n<div id=\"col-gm2e506c\" class=\"wp-block-gutentor-m4-col col-gm2e506c gutentor-single-column  grid-lg-4 grid-md-12 grid-12 gutentor-rm-col-space-d gutentor-rm-col-space-t\"><div id=\"section-gm2e506c\" class=\"section-gm2e506c gutentor-col-wrap\"><\/div><\/div>\n\n\n\n<div id=\"col-g-h18oelc\" class=\"wp-block-gutentor-m4-col col-g-h18oelc gutentor-single-column  grid-lg-4 grid-md-12 grid-12 gutentor-rm-col-space-d gutentor-rm-col-space-t\"><div id=\"section-g-h18oelc\" class=\"section-g-h18oelc gutentor-col-wrap\">\n<p><strong>Eine perfekte Verbindung der Materialien<\/strong><br>PA11 verleiht der Clip-Kollektion ihre St\u00e4rke: flexibel, robust, belastbar. F\u00fcr ein Scharnier, das zuverl\u00e4ssig, ultraleicht und nachhaltig ist.<\/p>\n\n\n\n<div style=\"height:40px\" aria-hidden=\"true\" class=\"wp-block-spacer\"><\/div>\n\n\n\n<figure class=\"wp-block-image size-full\"><img loading=\"lazy\" decoding=\"async\" width=\"1184\" height=\"1680\" src=\"https:\/\/weareannu.com\/wp-content\/uploads\/2025\/08\/MB_Annu_Studio_0283.jpg\" alt=\"\" class=\"wp-image-12515\" srcset=\"https:\/\/weareannu.com\/wp-content\/uploads\/2025\/08\/MB_Annu_Studio_0283.jpg 1184w, https:\/\/weareannu.com\/wp-content\/uploads\/2025\/08\/MB_Annu_Studio_0283-600x851.jpg 600w, https:\/\/weareannu.com\/wp-content\/uploads\/2025\/08\/MB_Annu_Studio_0283-1083x1536.jpg 1083w, https:\/\/weareannu.com\/wp-content\/uploads\/2025\/08\/MB_Annu_Studio_0283-8x12.jpg 8w\" sizes=\"auto, (max-width: 1184px) 100vw, 1184px\" \/><\/figure>\n<\/div><\/div>\n<\/div><\/div><\/section>\n\n\n\n<div style=\"height:100px\" aria-hidden=\"true\" class=\"wp-block-spacer\"><\/div>\n\n\n\n<section id=\"g-f754i0s\" class=\"wp-block-gutentor-m4 section-g-f754i0s gutentor-module gutentor-advanced-columns\"><div class=\"grid-container\"><div class=\"grid-row\">\n<div id=\"col-g-51s0841\" class=\"wp-block-gutentor-m4-col col-g-51s0841 gutentor-single-column  grid-lg-6 grid-md-12 grid-12\"><div id=\"section-g-51s0841\" class=\"section-g-51s0841 gutentor-col-wrap\">\n<div style=\"height:30px\" aria-hidden=\"true\" class=\"wp-block-spacer\"><\/div>\n\n\n\n<section id=\"g-tq77q2b\" class=\"wp-block-gutentor-m4 section-g-tq77q2b gutentor-module gutentor-advanced-columns\"><div class=\"grid-container\"><div class=\"grid-row\">\n<div id=\"col-g-71nuz7o\" class=\"wp-block-gutentor-m4-col col-g-71nuz7o gutentor-single-column  grid-lg-12 grid-md-12 grid-12\"><div id=\"section-g-71nuz7o\" class=\"section-g-71nuz7o gutentor-col-wrap\">\n<h1 class=\"wp-block-heading\" style=\"font-size:61px\">3D-gedrucktes<br>Nylon aus Rizinusbohnen.<\/h1>\n<\/div><\/div>\n<\/div><\/div><\/section>\n\n\n\n<div style=\"height:100px\" aria-hidden=\"true\" class=\"wp-block-spacer\"><\/div>\n\n\n\n<section id=\"g-8emnmgw\" class=\"wp-block-gutentor-m4 section-g-8emnmgw gutentor-module gutentor-advanced-columns\"><div class=\"grid-container\"><div class=\"grid-row\">\n<div id=\"col-g-juacbzl\" class=\"wp-block-gutentor-m4-col col-g-juacbzl gutentor-single-column  grid-lg-9 grid-md-12 grid-12\"><div id=\"section-g-juacbzl\" class=\"section-g-juacbzl gutentor-col-wrap\">\n<p>Die Rizinuspflanze ist Teil des nat\u00fcrlichen biogenen Kohlenstoffkreislaufs \u2013 Sie w\u00e4chst mit Sonnenenergie statt mit fossilen Ressourcen. Und weil sie eine Pflanze ist \u2013 kein Gestein \u2013 entzieht sie der Atmosph\u00e4re durch Photosynthese sogar CO\u2082.<\/p>\n<\/div><\/div>\n\n\n\n<div id=\"col-g-3dai2hg\" class=\"wp-block-gutentor-m4-col col-g-3dai2hg gutentor-single-column  grid-lg-3 grid-md-12 grid-12\"><div id=\"section-g-3dai2hg\" class=\"section-g-3dai2hg gutentor-col-wrap\"><\/div><\/div>\n<\/div><\/div><\/section>\n<\/div><\/div>\n\n\n\n<div id=\"col-g-mm0307a\" class=\"wp-block-gutentor-m4-col col-g-mm0307a gutentor-single-column  grid-lg-6 grid-md-12 grid-12\"><div id=\"section-g-mm0307a\" class=\"section-g-mm0307a gutentor-col-wrap\">\n<figure class=\"wp-block-image size-full\"><img loading=\"lazy\" decoding=\"async\" width=\"1141\" height=\"950\" src=\"https:\/\/weareannu.com\/wp-content\/uploads\/2023\/07\/IMG_6238-02-1-1-1-1.jpg\" alt=\"\" class=\"wp-image-8815\" srcset=\"https:\/\/weareannu.com\/wp-content\/uploads\/2023\/07\/IMG_6238-02-1-1-1-1.jpg 1141w, https:\/\/weareannu.com\/wp-content\/uploads\/2023\/07\/IMG_6238-02-1-1-1-1-600x500.jpg 600w, https:\/\/weareannu.com\/wp-content\/uploads\/2023\/07\/IMG_6238-02-1-1-1-1-400x333.jpg 400w\" sizes=\"auto, (max-width: 1141px) 100vw, 1141px\" \/><\/figure>\n<\/div><\/div>\n<\/div><\/div><\/section>\n\n\n\n<div style=\"height:130px\" aria-hidden=\"true\" class=\"wp-block-spacer\"><\/div>\n\n\n\n<figure class=\"wp-block-video fullwidth m20 w100\"><video autoplay loop muted src=\"https:\/\/weareannu.com\/wp-content\/uploads\/2022\/12\/waa_ricinus-min.mp4\"><\/video><\/figure>\n\n\n\n<div style=\"height:20px\" aria-hidden=\"true\" class=\"wp-block-spacer\"><\/div>\n\n\n\n<section id=\"g-hstkbus\" class=\"wp-block-gutentor-m4 section-g-hstkbus gutentor-module gutentor-advanced-columns\"><div class=\"grid-container\"><div class=\"grid-row\">\n<div id=\"col-g-khy9cy6\" class=\"wp-block-gutentor-m4-col col-g-khy9cy6 gutentor-single-column  grid-lg-12 grid-md-12 grid-12\"><div id=\"section-g-khy9cy6\" class=\"section-g-khy9cy6 gutentor-col-wrap\">\n<h3 class=\"wp-block-heading\">Nachhaltige Landwirtschaft<\/h3>\n<\/div><\/div>\n<\/div><\/div><\/section>\n\n\n\n<section id=\"gm48a3cd9\" class=\"wp-block-gutentor-m4 section-gm48a3cd9 gutentor-module gutentor-advanced-columns\"><div class=\"grid-container\"><div class=\"grid-row\">\n<div id=\"col-gm5d3d49\" class=\"wp-block-gutentor-m4-col col-gm5d3d49 gutentor-single-column  grid-lg-6 grid-md-12 grid-12\"><div id=\"section-gm5d3d49\" class=\"section-gm5d3d49 gutentor-col-wrap\">\n<p>Die Rizinuspflanze ist eine Monsunpflanze, die sich das nat\u00fcrliche Wetterph\u00e4nomen Indiens zunutze macht. Die Pflanze ist von Natur aus trockenheitsresistent, verursacht keine Abholzung, konkurriert nicht mit der Nahrungskette von Mensch und Tier, ist insektenresistent und kann 4-6 Monate nach der Anpflanzung geerntet werden.<\/p>\n<\/div><\/div>\n\n\n\n<div id=\"col-gm8883b3\" class=\"wp-block-gutentor-m4-col col-gm8883b3 gutentor-single-column  grid-lg-6 grid-md-12 grid-12\"><div id=\"section-gm8883b3\" class=\"section-gm8883b3 gutentor-col-wrap\">\n<p>Dar\u00fcber hinaus stammt das pflanzenbasierte Nylon, das wir verwenden, aus Rizinus\u00f6l, das im Rahmen des Pragati-Projekts angebaut wird \u2013 einer nachhaltigen Landwirtschaftsinitiative in Indien.<\/p>\n<\/div><\/div>\n<\/div><\/div><\/section>\n\n\n\n<div style=\"height:100px\" aria-hidden=\"true\" class=\"wp-block-spacer\"><\/div>\n\n\n\n<section id=\"gmf7e2ab6\" class=\"wp-block-gutentor-m4 section-gmf7e2ab6 gutentor-module gutentor-advanced-columns\"><div class=\"grid-container\"><div class=\"grid-row\">\n<div id=\"col-gmed3186\" class=\"wp-block-gutentor-m4-col col-gmed3186 gutentor-single-column  grid-lg-4 grid-md-12 grid-12\"><div id=\"section-gmed3186\" class=\"section-gmed3186 gutentor-col-wrap\">\n<h3 class=\"wp-block-heading\">H\u00e4ufig gestellte Fragen<\/h3>\n<\/div><\/div>\n\n\n\n<div id=\"col-gm58be16\" class=\"wp-block-gutentor-m4-col col-gm58be16 gutentor-single-column  grid-lg-8 grid-md-12 grid-12\"><div id=\"section-gm58be16\" class=\"section-gm58be16 gutentor-col-wrap\">\n<section id=\"section-61031ae7-8e8b-4896-a71a-1ad361261861\" class=\"wp-block-gutentor-accordion gutentor-section gutentor-accordion-wrapper accordion-template1\"><div class=\"grid-container\"><div class=\"gutentor-block-header\"><div class=\"gutentor-section-title text-left\"><h3 class=\"gutentor-title\"><\/h3><\/div><\/div><div class=\"grid-row gutentor-grid-item-wrap\"><div class=\"grid-md-12\"><div class=\"gutentor-accordion-wrap\"><div class=\"gutentor-single-item gutentor-single-item-0\"><div class=\"gutentor-single-item-wrap\"><div class=\"gutentor-accordion-heading\"><i class=\"gutentor-accordion-icon open-icon fas fa-plus\"><\/i><i class=\"gutentor-accordion-icon close-icon fas fa-minus\"><\/i><h3 class=\"gutentor-single-item-title\">Was bedeutet pflanzenbasiert?<\/h3><\/div><div class=\"gutentor-accordion-body\"><p class=\"gutentor-single-item-desc\">Es bedeutet, dass das Material aus einer erneuerbaren pflanzlichen Quelle stammt, der Rizinuspflanze, und nicht aus fossilen Brennstoffen. In Kombination mit dem 3D-Druck reduzieren pflanzenbasierte Polymere den CO2-Fu\u00dfabdruck des Produkts drastisch, wodurch weniger Abfall anf\u00e4llt und die Umwelt weniger belastet wird.<\/p><\/div><\/div><\/div><\/div><div class=\"gutentor-accordion-wrap\"><div class=\"gutentor-single-item gutentor-single-item-1\"><div class=\"gutentor-single-item-wrap\"><div class=\"gutentor-accordion-heading\"><i class=\"gutentor-accordion-icon open-icon fas fa-plus\"><\/i><i class=\"gutentor-accordion-icon close-icon fas fa-minus\"><\/i><h3 class=\"gutentor-single-item-title\">Aus was besteht PA11?<\/h3><\/div><div class=\"gutentor-accordion-body\"><p class=\"gutentor-single-item-desc\">Der Rohstoff f\u00fcr PA 11 ist die Rizinuspflanze. Die Samen (oft auch als Bohnen bezeichnet) werden zu Pflanzen\u00f6l verarbeitet und dann von Arkema mit Hilfe der Amino11-Chemie in ein Hochleistungspolymer umgewandelt.<\/p><\/div><\/div><\/div><\/div><div class=\"gutentor-accordion-wrap\"><div class=\"gutentor-single-item gutentor-single-item-2\"><div class=\"gutentor-single-item-wrap\"><div class=\"gutentor-accordion-heading\"><i class=\"gutentor-accordion-icon open-icon fas fa-plus\"><\/i><i class=\"gutentor-accordion-icon close-icon fas fa-minus\"><\/i><h3 class=\"gutentor-single-item-title\">Ist PA11 ein Kunststoff?<\/h3><\/div><div class=\"gutentor-accordion-body\"><p class=\"gutentor-single-item-desc\">Ja, es handelt sich um ein pflanzenbasiertes Nylon, das aus Rizinus\u00f6l gewonnen wird \u2013 einer nachwachsenden Pflanze, die in Indien angebaut wird.<\/p><\/div><\/div><\/div><\/div><div class=\"gutentor-accordion-wrap\"><div class=\"gutentor-single-item gutentor-single-item-3\"><div class=\"gutentor-single-item-wrap\"><div class=\"gutentor-accordion-heading\"><i class=\"gutentor-accordion-icon open-icon fas fa-plus\"><\/i><i class=\"gutentor-accordion-icon close-icon fas fa-minus\"><\/i><h3 class=\"gutentor-single-item-title\">Ist es recycelbar?<\/h3><\/div><div class=\"gutentor-accordion-body\"><p class=\"gutentor-single-item-desc\">Ja, aber noch nicht f\u00fcr Endverbraucher. Das Recycling findet auf der Herstellerseite statt, indem Materialabf\u00e4lle aus industriellen Prozessen wiederverwendet und in das Material zur\u00fcckgef\u00fchrt werden.\u00a0<\/p><\/div><\/div><\/div><\/div><div class=\"gutentor-accordion-wrap\"><div class=\"gutentor-single-item gutentor-single-item-4\"><div class=\"gutentor-single-item-wrap\"><div class=\"gutentor-accordion-heading\"><i class=\"gutentor-accordion-icon open-icon fas fa-plus\"><\/i><i class=\"gutentor-accordion-icon close-icon fas fa-minus\"><\/i><h3 class=\"gutentor-single-item-title\">Werden alle Fassungen aus Rizinus\u00f6l-basiertem Material gefertigt?<\/h3><\/div><div class=\"gutentor-accordion-body\"><p class=\"gutentor-single-item-desc\">Unsere Clip-Kollektion ist unsere pflanzenbasierte Kollektion \u2013 daher wird jede Clip-Fassung aus pflanzenbasiertem Nylon gedruckt.<\/p><\/div><\/div><\/div><\/div><\/div><\/div><\/div><\/section>\n<\/div><\/div>\n<\/div><\/div><\/section>\n\n\n\n<div style=\"height:100px\" aria-hidden=\"true\" class=\"wp-block-spacer\"><\/div>\n\n\n\n<section id=\"gm3db8871\" class=\"wp-block-gutentor-m4 section-gm3db8871 gutentor-module gutentor-advanced-columns has-color-bg has-custom-bg related_pages\"><div class=\"grid-container\"><div class=\"grid-row\">\n<div id=\"col-gm9a2425\" class=\"wp-block-gutentor-m4-col col-gm9a2425 gutentor-single-column  grid-lg-12 grid-md-12 grid-12\"><div id=\"section-gm9a2425\" class=\"section-gm9a2425 gutentor-col-wrap\">\n<div style=\"height:30px\" aria-hidden=\"true\" class=\"wp-block-spacer\"><\/div>\n\n\n\n<h3 class=\"wp-block-heading\">Was uns antreibt<\/h3>\n\n\n\n<div style=\"height:30px\" aria-hidden=\"true\" class=\"wp-block-spacer\"><\/div>\n\n\n\n<\/div><\/div>\n<\/div><\/div><\/section>","protected":false},"excerpt":{"rendered":"<p> [&#8230;]<\/p>\n<p><a class=\"btn btn-secondary understrap-read-more-link\" href=\"https:\/\/weareannu.com\/de\/doing-it-better\/plant-based-3d-printing\/\">Weiterlesen\u00a0\u2026<span class=\"screen-reader-text\"> from Plant based<\/span><\/a><\/p>","protected":false},"author":6,"featured_media":7671,"parent":8688,"menu_order":4,"comment_status":"closed","ping_status":"closed","template":"template-gutentor-full-width.php","meta":{"inline_featured_image":false,"footnotes":""},"class_list":["post-6281","page","type-page","status-publish","has-post-thumbnail","hentry"],"_links":{"self":[{"href":"https:\/\/weareannu.com\/de\/wp-json\/wp\/v2\/pages\/6281","targetHints":{"allow":["GET"]}}],"collection":[{"href":"https:\/\/weareannu.com\/de\/wp-json\/wp\/v2\/pages"}],"about":[{"href":"https:\/\/weareannu.com\/de\/wp-json\/wp\/v2\/types\/page"}],"author":[{"embeddable":true,"href":"https:\/\/weareannu.com\/de\/wp-json\/wp\/v2\/users\/6"}],"replies":[{"embeddable":true,"href":"https:\/\/weareannu.com\/de\/wp-json\/wp\/v2\/comments?post=6281"}],"version-history":[{"count":63,"href":"https:\/\/weareannu.com\/de\/wp-json\/wp\/v2\/pages\/6281\/revisions"}],"predecessor-version":[{"id":14840,"href":"https:\/\/weareannu.com\/de\/wp-json\/wp\/v2\/pages\/6281\/revisions\/14840"}],"up":[{"embeddable":true,"href":"https:\/\/weareannu.com\/de\/wp-json\/wp\/v2\/pages\/8688"}],"wp:featuredmedia":[{"embeddable":true,"href":"https:\/\/weareannu.com\/de\/wp-json\/wp\/v2\/media\/7671"}],"wp:attachment":[{"href":"https:\/\/weareannu.com\/de\/wp-json\/wp\/v2\/media?parent=6281"}],"curies":[{"name":"wp","href":"https:\/\/api.w.org\/{rel}","templated":true}]}}