{"id":5981,"date":"2022-12-09T16:14:01","date_gmt":"2022-12-09T15:14:01","guid":{"rendered":"https:\/\/weareannu.com\/?page_id=5981"},"modified":"2025-08-21T14:24:02","modified_gmt":"2025-08-21T12:24:02","slug":"perfect-fit","status":"publish","type":"page","link":"https:\/\/weareannu.com\/de\/doing-it-better\/perfect-fit\/","title":{"rendered":"Perfekte Passform"},"content":{"rendered":"<div style=\"height:150px\" aria-hidden=\"true\" class=\"wp-block-spacer\"><\/div>\n\n\n\n<section id=\"gm6e521e2\" class=\"wp-block-gutentor-m4 section-gm6e521e2 gutentor-module gutentor-advanced-columns fullwidth m20\"><div class=\"grid-container\"><div class=\"grid-row\">\n<div id=\"col-gm1c039d\" class=\"wp-block-gutentor-m4-col col-gm1c039d gutentor-single-column  grid-lg-12 grid-md-12 grid-12\"><div id=\"section-gm1c039d\" class=\"section-gm1c039d gutentor-col-wrap\">\n<h1 class=\"wp-block-heading\">Die Clip Kollektion passt Eure Brille perfekt an Euer Gesicht an.<\/h1>\n<\/div><\/div>\n<\/div><\/div><\/section>\n\n\n\n<section id=\"gmc983eec\" class=\"wp-block-gutentor-m4 section-gmc983eec gutentor-module gutentor-advanced-columns fullwidth m20\"><div class=\"grid-container\"><div class=\"grid-row\">\n<div id=\"col-gm5510c0\" class=\"wp-block-gutentor-m4-col col-gm5510c0 gutentor-single-column  grid-lg-4 grid-md-12 grid-12\"><div id=\"section-gm5510c0\" class=\"section-gm5510c0 gutentor-col-wrap\">\n<h3 class=\"wp-block-heading\">Mit unseren Nasenpads ver\u00e4ndern wir die H\u00f6he, in der die Brille auf der Nase sitzt. Mit der B\u00fcgell\u00e4nge ber\u00fccksichtigen wir den Abstand zwischen Ohr und Auge und mit der Stegbreite Eure Nasenform.<\/h3>\n<\/div><\/div>\n\n\n\n<div id=\"col-gm8da998\" class=\"wp-block-gutentor-m4-col col-gm8da998 gutentor-single-column  grid-lg-8 grid-md-12 grid-12\"><div id=\"section-gm8da998\" class=\"section-gm8da998 gutentor-col-wrap\"><\/div><\/div>\n<\/div><\/div><\/section>\n\n\n\n<figure class=\"wp-block-image size-large\"><img decoding=\"async\" src=\"https:\/\/weareannu.com\/wp-content\/uploads\/2022\/12\/how_it_works-min-2.jpg\" alt=\"\"\/><\/figure>\n\n\n\n<div style=\"height:150px\" aria-hidden=\"true\" class=\"wp-block-spacer\"><\/div>\n\n\n\n<section id=\"bridgesize-container\" class=\"wp-block-gutentor-m4 section-gm1ff51b1 gutentor-module gutentor-advanced-columns fullwidth\"><div class=\"grid-container\"><div class=\"grid-row\">\n<div id=\"col-gme177a7\" class=\"wp-block-gutentor-m4-col col-gme177a7 gutentor-single-column  grid-lg-3 grid-md-12 grid-12\"><div id=\"section-gme177a7\" class=\"section-gme177a7 gutentor-col-wrap\">\n<div style=\"height:30px\" aria-hidden=\"true\" class=\"wp-block-spacer\"><\/div>\n\n\n\n<h3 class=\"wp-block-heading\">Drei Steggr\u00f6\u00dfen<\/h3>\n\n\n\n<p>Alle Modelle sind mit 2 mm breiterem oder schmalerem Steg zur exakten Anpassung an die Gesichtsform erh\u00e4ltlich.<\/p>\n<\/div><\/div>\n\n\n\n<div id=\"col-gm51664b\" class=\"wp-block-gutentor-m4-col col-gm51664b gutentor-single-column  grid-lg-9 grid-md-12 grid-12\"><div id=\"section-gm51664b\" class=\"section-gm51664b gutentor-col-wrap\">\n<figure class=\"wp-block-video\"><video height=\"1246\" style=\"aspect-ratio: 3000 \/ 1246;\" width=\"3000\" autoplay loop muted src=\"https:\/\/weareannu.com\/wp-content\/uploads\/2022\/12\/bridgesize_v1-min-1.mp4\"><\/video><\/figure>\n<\/div><\/div>\n<\/div><\/div><\/section>\n\n\n\n<div style=\"height:100px\" aria-hidden=\"true\" class=\"wp-block-spacer\"><\/div>\n\n\n\n<div style=\"height:100px\" aria-hidden=\"true\" class=\"wp-block-spacer\"><\/div>\n\n\n\n<figure class=\"wp-block-video fullwidth fullwidth-nosepads\"><video height=\"2304\" style=\"aspect-ratio: 3216 \/ 2304;\" width=\"3216\" autoplay loop muted src=\"https:\/\/weareannu.com\/wp-content\/uploads\/2022\/12\/CLF-PN-02-M-ABG-FRONT.259_cut_x2_v1.mp4\"><\/video><\/figure>\n\n\n\n<section id=\"gm2fdc708\" class=\"wp-block-gutentor-m4 section-gm2fdc708 gutentor-module gutentor-advanced-columns\"><div class=\"grid-container\"><div class=\"grid-row\">\n<div id=\"col-gm3e2ead\" class=\"wp-block-gutentor-m4-col col-gm3e2ead gutentor-single-column  grid-lg-4 grid-md-12 grid-12\"><div id=\"section-gm3e2ead\" class=\"section-gm3e2ead gutentor-col-wrap\"><\/div><\/div>\n\n\n\n<div id=\"col-gm9fe166\" class=\"wp-block-gutentor-m4-col col-gm9fe166 gutentor-single-column  grid-lg-4 grid-md-12 grid-12\"><div id=\"section-gm9fe166\" class=\"section-gm9fe166 gutentor-col-wrap\">\n<h3 class=\"wp-block-heading has-text-align-center\">Nasenpads<\/h3>\n\n\n\n<p class=\"has-text-align-center\">Die Nasenpads passen perfekt zu allen unseren 3D-gedruckten Brillenfassungen und erm\u00f6glichen eine schnelle und einfache Anpassung des Tragekomforts. Sie bestehen aus medizinischem Silikon und sind in drei Gr\u00f6\u00dfen (S, M, L) und zwei Farben (grau und schwarz) erh\u00e4ltlich.<\/p>\n<\/div><\/div>\n\n\n\n<div id=\"col-gmb55fd8\" class=\"wp-block-gutentor-m4-col col-gmb55fd8 gutentor-single-column  grid-lg-4 grid-md-12 grid-12\"><div id=\"section-gmb55fd8\" class=\"section-gmb55fd8 gutentor-col-wrap\"><\/div><\/div>\n<\/div><\/div><\/section>\n\n\n\n<figure class=\"wp-block-video temple-video\"><video height=\"1800\" style=\"aspect-ratio: 3200 \/ 1800;\" width=\"3200\" autoplay loop muted src=\"https:\/\/weareannu.com\/wp-content\/uploads\/2022\/12\/MB_Annu_Studio_0347_kl_render-min.mp4\"><\/video><\/figure>\n\n\n\n<section id=\"gm3a6a05f\" class=\"wp-block-gutentor-m4 section-gm3a6a05f gutentor-module gutentor-advanced-columns has-color-bg has-custom-bg\"><div class=\"grid-container\"><div class=\"grid-row\">\n<div id=\"col-gmbd64d3\" class=\"wp-block-gutentor-m4-col col-gmbd64d3 gutentor-single-column  grid-lg-2 grid-md-12 grid-12\"><div id=\"section-gmbd64d3\" class=\"section-gmbd64d3 gutentor-col-wrap\"><\/div><\/div>\n\n\n\n<div id=\"col-gm38eae2\" class=\"wp-block-gutentor-m4-col col-gm38eae2 gutentor-single-column  grid-lg-8 grid-md-12 grid-12\"><div id=\"section-gm38eae2\" class=\"section-gm38eae2 gutentor-col-wrap\">\n<section id=\"gm935ce6b\" class=\"wp-block-gutentor-m4 section-gm935ce6b gutentor-module gutentor-advanced-columns\"><div class=\"grid-container\"><div class=\"grid-row\">\n<div id=\"col-gm4890e6\" class=\"wp-block-gutentor-m4-col col-gm4890e6 gutentor-single-column  grid-lg-8 grid-md-12 grid-12\"><div id=\"section-gm4890e6\" class=\"section-gm4890e6 gutentor-col-wrap\">\n<h3 class=\"wp-block-heading\">B\u00fcgel<\/h3>\n\n\n\n<p>Die B\u00fcgel bestehen aus hochwertigem Titan und sind in drei Gr\u00f6\u00dfen (S, M, L) und vier Ausf\u00fchrungen erh\u00e4ltlich: titanfarben, schwarz, gold und bronze. Die B\u00fcgelenden haben eine Einheitsgr\u00f6\u00dfe und bestehen aus Polypropylen.<\/p>\n<\/div><\/div>\n\n\n\n<div id=\"col-gmb5837a\" class=\"wp-block-gutentor-m4-col col-gmb5837a gutentor-single-column  grid-lg-4 grid-md-12 grid-12\"><div id=\"section-gmb5837a\" class=\"section-gmb5837a gutentor-col-wrap\"><\/div><\/div>\n<\/div><\/div><\/section>\n<\/div><\/div>\n\n\n\n<div id=\"col-gm05268b\" class=\"wp-block-gutentor-m4-col col-gm05268b gutentor-single-column  grid-lg-2 grid-md-12 grid-12\"><div id=\"section-gm05268b\" class=\"section-gm05268b gutentor-col-wrap\"><\/div><\/div>\n<\/div><\/div><\/section>\n\n\n\n<h2 class=\"wp-block-heading has-text-align-center made_for_you_to_be_you has-background\" style=\"background-color:#f1f1f1;font-size:80px\"><strong>For you to be you.<\/strong><\/h2>\n\n\n\n<section id=\"gm1acf9fd\" class=\"wp-block-gutentor-m4 section-gm1acf9fd gutentor-module gutentor-advanced-columns has-color-bg has-custom-bg related_pages\"><div class=\"grid-container\"><div class=\"grid-row\">\n<div id=\"col-gm4b3cde\" class=\"wp-block-gutentor-m4-col col-gm4b3cde gutentor-single-column  grid-lg-12 grid-md-12 grid-12\"><div id=\"section-gm4b3cde\" class=\"section-gm4b3cde gutentor-col-wrap\">\n<div style=\"height:30px\" aria-hidden=\"true\" class=\"wp-block-spacer\"><\/div>\n\n\n\n<h3 class=\"wp-block-heading\">Was uns antreibt<\/h3>\n\n\n\n<div style=\"height:30px\" aria-hidden=\"true\" class=\"wp-block-spacer\"><\/div>\n\n\n\n<\/div><\/div>\n<\/div><\/div><\/section>","protected":false},"excerpt":{"rendered":"<p>For you to be you. [&#8230;]<\/p>\n<p><a class=\"btn btn-secondary understrap-read-more-link\" href=\"https:\/\/weareannu.com\/de\/doing-it-better\/perfect-fit\/\">Weiterlesen\u00a0\u2026<span class=\"screen-reader-text\"> from Perfect Fit<\/span><\/a><\/p>","protected":false},"author":6,"featured_media":7364,"parent":8688,"menu_order":2,"comment_status":"closed","ping_status":"closed","template":"template-gutentor-full-width.php","meta":{"inline_featured_image":false,"footnotes":""},"class_list":["post-5981","page","type-page","status-publish","has-post-thumbnail","hentry"],"_links":{"self":[{"href":"https:\/\/weareannu.com\/de\/wp-json\/wp\/v2\/pages\/5981","targetHints":{"allow":["GET"]}}],"collection":[{"href":"https:\/\/weareannu.com\/de\/wp-json\/wp\/v2\/pages"}],"about":[{"href":"https:\/\/weareannu.com\/de\/wp-json\/wp\/v2\/types\/page"}],"author":[{"embeddable":true,"href":"https:\/\/weareannu.com\/de\/wp-json\/wp\/v2\/users\/6"}],"replies":[{"embeddable":true,"href":"https:\/\/weareannu.com\/de\/wp-json\/wp\/v2\/comments?post=5981"}],"version-history":[{"count":6,"href":"https:\/\/weareannu.com\/de\/wp-json\/wp\/v2\/pages\/5981\/revisions"}],"predecessor-version":[{"id":12795,"href":"https:\/\/weareannu.com\/de\/wp-json\/wp\/v2\/pages\/5981\/revisions\/12795"}],"up":[{"embeddable":true,"href":"https:\/\/weareannu.com\/de\/wp-json\/wp\/v2\/pages\/8688"}],"wp:featuredmedia":[{"embeddable":true,"href":"https:\/\/weareannu.com\/de\/wp-json\/wp\/v2\/media\/7364"}],"wp:attachment":[{"href":"https:\/\/weareannu.com\/de\/wp-json\/wp\/v2\/media?parent=5981"}],"curies":[{"name":"wp","href":"https:\/\/api.w.org\/{rel}","templated":true}]}}