{"id":5913,"date":"2022-07-25T13:06:00","date_gmt":"2022-07-25T11:06:00","guid":{"rendered":"https:\/\/weareannu.com\/?page_id=5913"},"modified":"2026-01-29T12:04:37","modified_gmt":"2026-01-29T11:04:37","slug":"ruth","status":"publish","type":"page","link":"https:\/\/weareannu.com\/de\/friends-and-stories\/ruth\/","title":{"rendered":"Ruth"},"content":{"rendered":"<div class=\"wp-block-columns is-layout-flex wp-container-core-columns-is-layout-9d6595d7 wp-block-columns-is-layout-flex\">\n<div class=\"wp-block-column is-layout-flow wp-block-column-is-layout-flow\" style=\"flex-basis:100%\">\n\n\n<figure class=\"wp-block-image size-full fullwidth start\"><img loading=\"lazy\" decoding=\"async\" width=\"2230\" height=\"1108\" src=\"https:\/\/weareannu.com\/wp-content\/uploads\/2022\/07\/MB210805_Annu_FoA_LOC_Ruth_0341-lowres-2.jpg\" alt=\"\" class=\"wp-image-5931\" srcset=\"https:\/\/weareannu.com\/wp-content\/uploads\/2022\/07\/MB210805_Annu_FoA_LOC_Ruth_0341-lowres-2.jpg 2230w, https:\/\/weareannu.com\/wp-content\/uploads\/2022\/07\/MB210805_Annu_FoA_LOC_Ruth_0341-lowres-2-600x298.jpg 600w, https:\/\/weareannu.com\/wp-content\/uploads\/2022\/07\/MB210805_Annu_FoA_LOC_Ruth_0341-lowres-2-300x149.jpg 300w, https:\/\/weareannu.com\/wp-content\/uploads\/2022\/07\/MB210805_Annu_FoA_LOC_Ruth_0341-lowres-2-1024x509.jpg 1024w, https:\/\/weareannu.com\/wp-content\/uploads\/2022\/07\/MB210805_Annu_FoA_LOC_Ruth_0341-lowres-2-2048x1018.jpg 2048w, https:\/\/weareannu.com\/wp-content\/uploads\/2022\/07\/MB210805_Annu_FoA_LOC_Ruth_0341-lowres-2-500x248.jpg 500w\" sizes=\"auto, (max-width: 2230px) 100vw, 2230px\" \/><\/figure>\n\n\n\n<div style=\"height:20px\" aria-hidden=\"true\" class=\"wp-block-spacer\"><\/div>\n\n\n\n<section id=\"gm260cf08\" class=\"wp-block-gutentor-m4 section-gm260cf08 gutentor-module gutentor-advanced-columns\"><div class=\"grid-container\"><div class=\"grid-row\">\n<div id=\"col-gm8c9e10\" class=\"wp-block-gutentor-m4-col col-gm8c9e10 gutentor-single-column  grid-lg-2 grid-md-12 grid-12\"><div id=\"section-gm8c9e10\" class=\"section-gm8c9e10 gutentor-col-wrap\"><\/div><\/div>\n\n\n\n<div id=\"col-gm21949c\" class=\"wp-block-gutentor-m4-col col-gm21949c gutentor-single-column  grid-lg-8 grid-md-12 grid-12\"><div id=\"section-gm21949c\" class=\"section-gm21949c gutentor-col-wrap\">\n<h2 class=\"wp-block-heading has-text-align-left\">Ruth<\/h2>\n\n\n\n<p>Ruth ist eine der kreativsten Menschen, die man treffen kann. Sie arbeitet in den Bereichen Art Direction, B\u00fchnenbild, Requisite und Innenarchitektur und ist sogar Mitbegr\u00fcnderin einer Design-Puzzle-Firma - Sundays - die ihre Puzzles hier in Deutschland produziert. Wir haben sie k\u00fcrzlich in ihrem Atelier in Kreuzberg besucht, um ein paar Fotos zu machen, Hallo zu sagen und einen kleinen Einblick in ihre kreative Welt zu bekommen.<\/p>\n\n\n\n<p><a href=\"http:\/\/www.ruthbartlett.com\" target=\"_blank\" rel=\"noreferrer noopener\">www.ruthbartlett.com<\/a><br><a href=\"http:\/\/www.givemesundays.com\" target=\"_blank\" rel=\"noreferrer noopener\">www.givemesundays.com<\/a><br><a href=\"https:\/\/www.instagram.com\/theruthbartlett\" target=\"_blank\" rel=\"noreferrer noopener\">@theruthbartlett<\/a><\/p>\n<\/div><\/div>\n\n\n\n<div id=\"col-gmba4c38\" class=\"wp-block-gutentor-m4-col col-gmba4c38 gutentor-single-column  grid-lg-2 grid-md-12 grid-12\"><div id=\"section-gmba4c38\" class=\"section-gmba4c38 gutentor-col-wrap\"><\/div><\/div>\n<\/div><\/div><\/section>\n\n\n\n<div style=\"height:100px\" aria-hidden=\"true\" class=\"wp-block-spacer\"><\/div>\n\n\n\n<section id=\"gm81746a1\" class=\"wp-block-gutentor-m4 section-gm81746a1 gutentor-module gutentor-advanced-columns\"><div class=\"grid-container\"><div class=\"grid-row\">\n<div id=\"col-gmcac72d\" class=\"wp-block-gutentor-m4-col col-gmcac72d gutentor-single-column  grid-lg-4 grid-md-12 grid-12\"><div id=\"section-gmcac72d\" class=\"section-gmcac72d gutentor-col-wrap\">\n<section id=\"gm3cac0e2\" class=\"wp-block-gutentor-m4 section-gm3cac0e2 gutentor-module gutentor-advanced-columns\"><div class=\"grid-container\"><div class=\"grid-row\">\n<div id=\"col-gm18170a\" class=\"wp-block-gutentor-m4-col col-gm18170a gutentor-single-column  grid-lg-2 grid-md-12 grid-12\"><div id=\"section-gm18170a\" class=\"section-gm18170a gutentor-col-wrap\"><\/div><\/div>\n\n\n\n<div id=\"col-gm2c8473\" class=\"wp-block-gutentor-m4-col col-gm2c8473 gutentor-single-column  grid-lg-10 grid-md-12 grid-12\"><div id=\"section-gm2c8473\" class=\"section-gm2c8473 gutentor-col-wrap\">\n<figure class=\"wp-block-image size-full\"><img loading=\"lazy\" decoding=\"async\" width=\"304\" height=\"259\" src=\"https:\/\/weareannu.com\/wp-content\/uploads\/2022\/07\/MB210805_Annu_FoA_LOC_Ruth_0187-lowres-1-2.jpg\" alt=\"\" class=\"wp-image-5936\" srcset=\"https:\/\/weareannu.com\/wp-content\/uploads\/2022\/07\/MB210805_Annu_FoA_LOC_Ruth_0187-lowres-1-2.jpg 304w, https:\/\/weareannu.com\/wp-content\/uploads\/2022\/07\/MB210805_Annu_FoA_LOC_Ruth_0187-lowres-1-2-250x213.jpg 250w, https:\/\/weareannu.com\/wp-content\/uploads\/2022\/07\/MB210805_Annu_FoA_LOC_Ruth_0187-lowres-1-2-300x256.jpg 300w\" sizes=\"auto, (max-width: 304px) 100vw, 304px\" \/><\/figure>\n<\/div><\/div>\n<\/div><\/div><\/section>\n<\/div><\/div>\n\n\n\n<div id=\"col-gm79514e\" class=\"wp-block-gutentor-m4-col col-gm79514e gutentor-single-column  grid-lg-8 grid-md-12 grid-12\"><div id=\"section-gm79514e\" class=\"section-gm79514e gutentor-col-wrap\">\n<section id=\"gm422d562\" class=\"wp-block-gutentor-m4 section-gm422d562 gutentor-module gutentor-advanced-columns\"><div class=\"grid-container\"><div class=\"grid-row\">\n<div id=\"col-gmf93056\" class=\"wp-block-gutentor-m4-col col-gmf93056 gutentor-single-column  grid-lg-11 grid-md-12 grid-12\"><div id=\"section-gmf93056\" class=\"section-gmf93056 gutentor-col-wrap\">\n<figure class=\"wp-block-image size-large aos-animation\"><img loading=\"lazy\" decoding=\"async\" width=\"724\" height=\"1024\" src=\"https:\/\/weareannu.com\/wp-content\/uploads\/2022\/07\/MB210805_Annu_FoA_LOC_Ruth_0060-lowres-1-724x1024.jpg\" alt=\"\" class=\"wp-image-5915\" srcset=\"https:\/\/weareannu.com\/wp-content\/uploads\/2022\/07\/MB210805_Annu_FoA_LOC_Ruth_0060-lowres-1-724x1024.jpg 724w, https:\/\/weareannu.com\/wp-content\/uploads\/2022\/07\/MB210805_Annu_FoA_LOC_Ruth_0060-lowres-1-600x849.jpg 600w, https:\/\/weareannu.com\/wp-content\/uploads\/2022\/07\/MB210805_Annu_FoA_LOC_Ruth_0060-lowres-1-250x354.jpg 250w, https:\/\/weareannu.com\/wp-content\/uploads\/2022\/07\/MB210805_Annu_FoA_LOC_Ruth_0060-lowres-1-212x300.jpg 212w, https:\/\/weareannu.com\/wp-content\/uploads\/2022\/07\/MB210805_Annu_FoA_LOC_Ruth_0060-lowres-1-500x707.jpg 500w, https:\/\/weareannu.com\/wp-content\/uploads\/2022\/07\/MB210805_Annu_FoA_LOC_Ruth_0060-lowres-1.jpg 736w\" sizes=\"auto, (max-width: 724px) 100vw, 724px\" \/><\/figure>\n<\/div><\/div>\n\n\n\n<div id=\"col-gm99b7e6\" class=\"wp-block-gutentor-m4-col col-gm99b7e6 gutentor-single-column  grid-lg-1 grid-md-12 grid-12\"><div id=\"section-gm99b7e6\" class=\"section-gm99b7e6 gutentor-col-wrap\"><\/div><\/div>\n<\/div><\/div><\/section>\n<\/div><\/div>\n<\/div><\/div><\/section>\n<\/div>\n<\/div>\n\n\n\n<div style=\"height:120px\" aria-hidden=\"true\" class=\"wp-block-spacer\"><\/div>\n\n\n\n<section id=\"gm5441f75\" class=\"wp-block-gutentor-m4 section-gm5441f75 gutentor-module gutentor-advanced-columns\"><div class=\"grid-container\"><div class=\"grid-row\">\n<div id=\"col-gm1b0e19\" class=\"wp-block-gutentor-m4-col col-gm1b0e19 gutentor-single-column  grid-lg-6 grid-md-12 grid-12\"><div id=\"section-gm1b0e19\" class=\"section-gm1b0e19 gutentor-col-wrap\">\n<div style=\"height:60px\" aria-hidden=\"true\" class=\"wp-block-spacer\"><\/div>\n\n\n\n<figure class=\"wp-block-image size-full\"><img loading=\"lazy\" decoding=\"async\" width=\"628\" height=\"451\" src=\"https:\/\/weareannu.com\/wp-content\/uploads\/2022\/07\/MB210805_Annu_FoA_LOC_Ruth_0164-lowres-1.jpg\" alt=\"\" class=\"wp-image-5916\" srcset=\"https:\/\/weareannu.com\/wp-content\/uploads\/2022\/07\/MB210805_Annu_FoA_LOC_Ruth_0164-lowres-1.jpg 628w, https:\/\/weareannu.com\/wp-content\/uploads\/2022\/07\/MB210805_Annu_FoA_LOC_Ruth_0164-lowres-1-600x431.jpg 600w, https:\/\/weareannu.com\/wp-content\/uploads\/2022\/07\/MB210805_Annu_FoA_LOC_Ruth_0164-lowres-1-250x180.jpg 250w, https:\/\/weareannu.com\/wp-content\/uploads\/2022\/07\/MB210805_Annu_FoA_LOC_Ruth_0164-lowres-1-300x215.jpg 300w, https:\/\/weareannu.com\/wp-content\/uploads\/2022\/07\/MB210805_Annu_FoA_LOC_Ruth_0164-lowres-1-500x359.jpg 500w\" sizes=\"auto, (max-width: 628px) 100vw, 628px\" \/><figcaption class=\"wp-element-caption\">In jedem Winkel von Ruths Atelier befindet sich ein Projekt oder eine eklektische Sammlung inspirierender Objekte und Materialien.<\/figcaption><\/figure>\n<\/div><\/div>\n\n\n\n<div id=\"col-gmf8e66e\" class=\"wp-block-gutentor-m4-col col-gmf8e66e gutentor-single-column  grid-lg-2 grid-md-12 grid-12\"><div id=\"section-gmf8e66e\" class=\"section-gmf8e66e gutentor-col-wrap\">\n<figure class=\"wp-block-image size-full\"><img loading=\"lazy\" decoding=\"async\" width=\"196\" height=\"281\" src=\"https:\/\/weareannu.com\/wp-content\/uploads\/2022\/07\/MB210805_Annu_FoA_LOC_Ruth_0433-lowres-1.jpg\" alt=\"\" class=\"wp-image-5917\"\/><\/figure>\n<\/div><\/div>\n\n\n\n<div id=\"col-gmde4d78\" class=\"wp-block-gutentor-m4-col col-gmde4d78 gutentor-single-column  grid-lg-2 grid-md-12 grid-12\"><div id=\"section-gmde4d78\" class=\"section-gmde4d78 gutentor-col-wrap\">\n<figure class=\"wp-block-image size-full aos-animation\"><img loading=\"lazy\" decoding=\"async\" width=\"196\" height=\"281\" src=\"https:\/\/weareannu.com\/wp-content\/uploads\/2022\/07\/MB210805_Annu_FoA_LOC_Ruth_0419-lowres-1.jpg\" alt=\"\" class=\"wp-image-5918\"\/><\/figure>\n<\/div><\/div>\n\n\n\n<div id=\"col-gm7fc773\" class=\"wp-block-gutentor-m4-col col-gm7fc773 gutentor-single-column  grid-lg-2 grid-md-12 grid-12\"><div id=\"section-gm7fc773\" class=\"section-gm7fc773 gutentor-col-wrap\"><\/div><\/div>\n<\/div><\/div><\/section>\n\n\n\n<div style=\"height:120px\" aria-hidden=\"true\" class=\"wp-block-spacer\"><\/div>\n\n\n\n<section id=\"gmbda40b4\" class=\"wp-block-gutentor-m4 section-gmbda40b4 gutentor-module gutentor-advanced-columns\"><div class=\"grid-container\"><div class=\"grid-row\">\n<div id=\"col-gm92e973\" class=\"wp-block-gutentor-m4-col col-gm92e973 gutentor-single-column  grid-lg-12 grid-md-12 grid-12\"><div id=\"section-gm92e973\" class=\"section-gm92e973 gutentor-col-wrap\">\n<figure class=\"wp-block-image size-large\"><img loading=\"lazy\" decoding=\"async\" width=\"1024\" height=\"706\" src=\"https:\/\/weareannu.com\/wp-content\/uploads\/2022\/07\/MB210805_Annu_FoA_LOC_Ruth_0383-lowres-1-1024x706.jpg\" alt=\"\" class=\"wp-image-5919\" srcset=\"https:\/\/weareannu.com\/wp-content\/uploads\/2022\/07\/MB210805_Annu_FoA_LOC_Ruth_0383-lowres-1-1024x706.jpg 1024w, https:\/\/weareannu.com\/wp-content\/uploads\/2022\/07\/MB210805_Annu_FoA_LOC_Ruth_0383-lowres-1-600x414.jpg 600w, https:\/\/weareannu.com\/wp-content\/uploads\/2022\/07\/MB210805_Annu_FoA_LOC_Ruth_0383-lowres-1-300x207.jpg 300w, https:\/\/weareannu.com\/wp-content\/uploads\/2022\/07\/MB210805_Annu_FoA_LOC_Ruth_0383-lowres-1-500x345.jpg 500w, https:\/\/weareannu.com\/wp-content\/uploads\/2022\/07\/MB210805_Annu_FoA_LOC_Ruth_0383-lowres-1.jpg 1970w\" sizes=\"auto, (max-width: 1024px) 100vw, 1024px\" \/><figcaption class=\"wp-element-caption\">Ruth tr\u00e4gt eine <a href=\"https:\/\/weareannu.com\/de\/produkt\/round-01-s-sun\/\" target=\"_blank\" rel=\"noreferrer noopener\">Round 01 S<\/a> in Schwarz mit goldenen B\u00fcgeln.<\/figcaption><\/figure>\n<\/div><\/div>\n<\/div><\/div><\/section>\n\n\n\n<div style=\"height:120px\" aria-hidden=\"true\" class=\"wp-block-spacer\"><\/div>\n\n\n\n<div style=\"height:120px\" aria-hidden=\"true\" class=\"wp-block-spacer\"><\/div>\n\n\n\n<section id=\"gm7a189a7\" class=\"wp-block-gutentor-m4 section-gm7a189a7 gutentor-module gutentor-advanced-columns\"><div class=\"grid-container\"><div class=\"grid-row\">\n<div id=\"col-gmc75668\" class=\"wp-block-gutentor-m4-col col-gmc75668 gutentor-single-column  grid-lg-4 grid-md-12 grid-12\"><div id=\"section-gmc75668\" class=\"section-gmc75668 gutentor-col-wrap\">\n<section id=\"gma610b0d\" class=\"wp-block-gutentor-m4 section-gma610b0d gutentor-module gutentor-advanced-columns\"><div class=\"grid-container\"><div class=\"grid-row\">\n<div id=\"col-gmb659f9\" class=\"wp-block-gutentor-m4-col col-gmb659f9 gutentor-single-column  grid-lg-12 grid-md-12 grid-12\"><div id=\"section-gmb659f9\" class=\"section-gmb659f9 gutentor-col-wrap\">\n<figure class=\"wp-block-image size-full aos-animation\"><img loading=\"lazy\" decoding=\"async\" width=\"412\" height=\"578\" src=\"https:\/\/weareannu.com\/wp-content\/uploads\/2022\/07\/MB210805_Annu_FoA_LOC_Ruth_0238-lowres-1-1.jpg\" alt=\"\" class=\"wp-image-5939\" srcset=\"https:\/\/weareannu.com\/wp-content\/uploads\/2022\/07\/MB210805_Annu_FoA_LOC_Ruth_0238-lowres-1-1.jpg 412w, https:\/\/weareannu.com\/wp-content\/uploads\/2022\/07\/MB210805_Annu_FoA_LOC_Ruth_0238-lowres-1-1-250x351.jpg 250w, https:\/\/weareannu.com\/wp-content\/uploads\/2022\/07\/MB210805_Annu_FoA_LOC_Ruth_0238-lowres-1-1-214x300.jpg 214w\" sizes=\"auto, (max-width: 412px) 100vw, 412px\" \/><\/figure>\n<\/div><\/div>\n<\/div><\/div><\/section>\n<\/div><\/div>\n\n\n\n<div id=\"col-gmf7cd70\" class=\"wp-block-gutentor-m4-col col-gmf7cd70 gutentor-single-column  grid-lg-8 grid-md-12 grid-12\"><div id=\"section-gmf7cd70\" class=\"section-gmf7cd70 gutentor-col-wrap\">\n<div style=\"height:150px\" aria-hidden=\"true\" class=\"wp-block-spacer hide-mobile\"><\/div>\n\n\n\n<figure class=\"wp-block-image size-full aos-animation\"><img loading=\"lazy\" decoding=\"async\" width=\"844\" height=\"613\" src=\"https:\/\/weareannu.com\/wp-content\/uploads\/2022\/07\/MB210805_Annu_FoA_LOC_Ruth_0204-lowres-1.jpg\" alt=\"\" class=\"wp-image-5921\" srcset=\"https:\/\/weareannu.com\/wp-content\/uploads\/2022\/07\/MB210805_Annu_FoA_LOC_Ruth_0204-lowres-1.jpg 844w, https:\/\/weareannu.com\/wp-content\/uploads\/2022\/07\/MB210805_Annu_FoA_LOC_Ruth_0204-lowres-1-600x436.jpg 600w, https:\/\/weareannu.com\/wp-content\/uploads\/2022\/07\/MB210805_Annu_FoA_LOC_Ruth_0204-lowres-1-250x182.jpg 250w, https:\/\/weareannu.com\/wp-content\/uploads\/2022\/07\/MB210805_Annu_FoA_LOC_Ruth_0204-lowres-1-300x218.jpg 300w, https:\/\/weareannu.com\/wp-content\/uploads\/2022\/07\/MB210805_Annu_FoA_LOC_Ruth_0204-lowres-1-500x363.jpg 500w\" sizes=\"auto, (max-width: 844px) 100vw, 844px\" \/><figcaption class=\"wp-element-caption\">Die <a href=\"https:\/\/weareannu.com\/de\/produkt\/round-01-s\/\" target=\"_blank\" rel=\"noreferrer noopener\">Round 01 S<\/a> \u2013 mit der alles begann<\/figcaption><\/figure>\n<\/div><\/div>\n<\/div><\/div><\/section>\n\n\n\n<div style=\"height:50px\" aria-hidden=\"true\" class=\"wp-block-spacer\"><\/div>\n\n\n\n<section id=\"gm27dfe24\" class=\"wp-block-gutentor-m4 section-gm27dfe24 gutentor-module gutentor-advanced-columns\"><div class=\"grid-container\"><div class=\"grid-row\">\n<div id=\"col-gmc195ba\" class=\"wp-block-gutentor-m4-col col-gmc195ba gutentor-single-column  grid-lg-4 grid-md-12 grid-12\"><div id=\"section-gmc195ba\" class=\"section-gmc195ba gutentor-col-wrap\">\n<div style=\"height:360px\" aria-hidden=\"true\" class=\"wp-block-spacer hide-mobile\"><\/div>\n\n\n\n<figure class=\"wp-block-image size-full\"><img loading=\"lazy\" decoding=\"async\" width=\"412\" height=\"300\" src=\"https:\/\/weareannu.com\/wp-content\/uploads\/2022\/07\/MB210805_Annu_FoA_LOC_Ruth_0001-lowres-1-1.jpg\" alt=\"\" class=\"wp-image-5942\" srcset=\"https:\/\/weareannu.com\/wp-content\/uploads\/2022\/07\/MB210805_Annu_FoA_LOC_Ruth_0001-lowres-1-1.jpg 412w, https:\/\/weareannu.com\/wp-content\/uploads\/2022\/07\/MB210805_Annu_FoA_LOC_Ruth_0001-lowres-1-1-250x182.jpg 250w, https:\/\/weareannu.com\/wp-content\/uploads\/2022\/07\/MB210805_Annu_FoA_LOC_Ruth_0001-lowres-1-1-300x218.jpg 300w\" sizes=\"auto, (max-width: 412px) 100vw, 412px\" \/><figcaption class=\"wp-element-caption\">Neben dem kreativen Chaos des Entwerfens und Herstellens gibt es auch viele Momente des Nachdenkens in Ruths ausgestellten Stillleben zu entdecken.<\/figcaption><\/figure>\n<\/div><\/div>\n\n\n\n<div id=\"col-gma5813c\" class=\"wp-block-gutentor-m4-col col-gma5813c gutentor-single-column  grid-lg-8 grid-md-12 grid-12\"><div id=\"section-gma5813c\" class=\"section-gma5813c gutentor-col-wrap\">\n<figure class=\"wp-block-image size-large\"><img loading=\"lazy\" decoding=\"async\" width=\"768\" height=\"1024\" src=\"https:\/\/weareannu.com\/wp-content\/uploads\/2022\/07\/MB210805_Annu_FoA_LOC_Ruth_0130-lowres-1-1-768x1024.jpg\" alt=\"\" class=\"wp-image-5946\" srcset=\"https:\/\/weareannu.com\/wp-content\/uploads\/2022\/07\/MB210805_Annu_FoA_LOC_Ruth_0130-lowres-1-1-600x800.jpg 600w, https:\/\/weareannu.com\/wp-content\/uploads\/2022\/07\/MB210805_Annu_FoA_LOC_Ruth_0130-lowres-1-1-250x333.jpg 250w, https:\/\/weareannu.com\/wp-content\/uploads\/2022\/07\/MB210805_Annu_FoA_LOC_Ruth_0130-lowres-1-1-225x300.jpg 225w, https:\/\/weareannu.com\/wp-content\/uploads\/2022\/07\/MB210805_Annu_FoA_LOC_Ruth_0130-lowres-1-1-500x666.jpg 500w, https:\/\/weareannu.com\/wp-content\/uploads\/2022\/07\/MB210805_Annu_FoA_LOC_Ruth_0130-lowres-1-1.jpg 844w\" sizes=\"auto, (max-width: 768px) 100vw, 768px\" \/><figcaption class=\"wp-element-caption\"><a href=\"https:\/\/weareannu.com\/de\/produkt\/square-15-l\/\" target=\"_blank\" rel=\"noreferrer noopener\">Square 15 L Bold<\/a> in Schwarz mit goldenen B\u00fcgeln.<\/figcaption><\/figure>\n<\/div><\/div>\n<\/div><\/div><\/section>\n\n\n\n<div style=\"height:150px\" aria-hidden=\"true\" class=\"wp-block-spacer\"><\/div>\n\n\n\n<section id=\"gm29c0555\" class=\"wp-block-gutentor-m4 section-gm29c0555 gutentor-module gutentor-advanced-columns\"><div class=\"grid-container\"><div class=\"grid-row\">\n<div id=\"col-gm092b05\" class=\"wp-block-gutentor-m4-col col-gm092b05 gutentor-single-column  grid-lg-4 grid-md-12 grid-12\"><div id=\"section-gm092b05\" class=\"section-gm092b05 gutentor-col-wrap\">\n<figure class=\"wp-block-image size-full aos-animation\"><img loading=\"lazy\" decoding=\"async\" width=\"412\" height=\"591\" src=\"https:\/\/weareannu.com\/wp-content\/uploads\/2022\/07\/MB210805_Annu_FoA_LOC_Ruth_0266-lowres-1-1.jpg\" alt=\"\" class=\"wp-image-5943\" srcset=\"https:\/\/weareannu.com\/wp-content\/uploads\/2022\/07\/MB210805_Annu_FoA_LOC_Ruth_0266-lowres-1-1.jpg 412w, https:\/\/weareannu.com\/wp-content\/uploads\/2022\/07\/MB210805_Annu_FoA_LOC_Ruth_0266-lowres-1-1-250x359.jpg 250w, https:\/\/weareannu.com\/wp-content\/uploads\/2022\/07\/MB210805_Annu_FoA_LOC_Ruth_0266-lowres-1-1-209x300.jpg 209w\" sizes=\"auto, (max-width: 412px) 100vw, 412px\" \/><\/figure>\n<\/div><\/div>\n\n\n\n<div id=\"col-gm1c7a56\" class=\"wp-block-gutentor-m4-col col-gm1c7a56 gutentor-single-column  grid-lg-8 grid-md-12 grid-12\"><div id=\"section-gm1c7a56\" class=\"section-gm1c7a56 gutentor-col-wrap\">\n<div style=\"height:100px\" aria-hidden=\"true\" class=\"wp-block-spacer\"><\/div>\n\n\n\n<figure class=\"wp-block-image size-full\"><img loading=\"lazy\" decoding=\"async\" width=\"844\" height=\"614\" src=\"https:\/\/weareannu.com\/wp-content\/uploads\/2022\/07\/MB210805_Annu_FoA_LOC_Ruth_0081-lowres-1-1.jpg\" alt=\"\" class=\"wp-image-5948\" srcset=\"https:\/\/weareannu.com\/wp-content\/uploads\/2022\/07\/MB210805_Annu_FoA_LOC_Ruth_0081-lowres-1-1.jpg 844w, https:\/\/weareannu.com\/wp-content\/uploads\/2022\/07\/MB210805_Annu_FoA_LOC_Ruth_0081-lowres-1-1-600x436.jpg 600w, https:\/\/weareannu.com\/wp-content\/uploads\/2022\/07\/MB210805_Annu_FoA_LOC_Ruth_0081-lowres-1-1-250x182.jpg 250w, https:\/\/weareannu.com\/wp-content\/uploads\/2022\/07\/MB210805_Annu_FoA_LOC_Ruth_0081-lowres-1-1-300x218.jpg 300w, https:\/\/weareannu.com\/wp-content\/uploads\/2022\/07\/MB210805_Annu_FoA_LOC_Ruth_0081-lowres-1-1-500x364.jpg 500w\" sizes=\"auto, (max-width: 844px) 100vw, 844px\" \/><\/figure>\n<\/div><\/div>\n<\/div><\/div><\/section>\n\n\n\n<div style=\"height:120px\" aria-hidden=\"true\" class=\"wp-block-spacer\"><\/div>\n\n\n\n<section id=\"gm74c91b4\" class=\"wp-block-gutentor-m4 section-gm74c91b4 gutentor-module gutentor-advanced-columns\"><div class=\"grid-container\"><div class=\"grid-row\">\n<div id=\"col-gm9582ab\" class=\"wp-block-gutentor-m4-col col-gm9582ab gutentor-single-column  grid-lg-12 grid-md-12 grid-12\"><div id=\"section-gm9582ab\" class=\"section-gm9582ab gutentor-col-wrap\">\n<figure class=\"wp-block-image size-full\"><img loading=\"lazy\" decoding=\"async\" width=\"1276\" height=\"928\" src=\"https:\/\/weareannu.com\/wp-content\/uploads\/2022\/07\/MB210805_Annu_FoA_LOC_Ruth_0048-lowres-1.jpg\" alt=\"\" class=\"wp-image-5926\" srcset=\"https:\/\/weareannu.com\/wp-content\/uploads\/2022\/07\/MB210805_Annu_FoA_LOC_Ruth_0048-lowres-1.jpg 1276w, https:\/\/weareannu.com\/wp-content\/uploads\/2022\/07\/MB210805_Annu_FoA_LOC_Ruth_0048-lowres-1-600x436.jpg 600w, https:\/\/weareannu.com\/wp-content\/uploads\/2022\/07\/MB210805_Annu_FoA_LOC_Ruth_0048-lowres-1-300x218.jpg 300w, https:\/\/weareannu.com\/wp-content\/uploads\/2022\/07\/MB210805_Annu_FoA_LOC_Ruth_0048-lowres-1-1024x745.jpg 1024w, https:\/\/weareannu.com\/wp-content\/uploads\/2022\/07\/MB210805_Annu_FoA_LOC_Ruth_0048-lowres-1-500x364.jpg 500w\" sizes=\"auto, (max-width: 1276px) 100vw, 1276px\" \/><figcaption class=\"wp-element-caption\">Wohin man auch schaut, alles ist kuratiert. Wir lieben es.<\/figcaption><\/figure>\n<\/div><\/div>\n<\/div><\/div><\/section>\n\n\n\n<div style=\"height:77px\" aria-hidden=\"true\" class=\"wp-block-spacer\"><\/div>\n\n\n\n<section id=\"gmdd096eb\" class=\"wp-block-gutentor-m4 section-gmdd096eb gutentor-module gutentor-advanced-columns\"><div class=\"grid-container\"><div class=\"grid-row\">\n<div id=\"col-gm65a9db\" class=\"wp-block-gutentor-m4-col col-gm65a9db gutentor-single-column  grid-lg-2 grid-md-12 grid-12\"><div id=\"section-gm65a9db\" class=\"section-gm65a9db gutentor-col-wrap\">\n<div style=\"height:100px\" aria-hidden=\"true\" class=\"wp-block-spacer\"><\/div>\n\n\n\n<figure class=\"wp-block-image size-full aos-animation\"><img loading=\"lazy\" decoding=\"async\" width=\"196\" height=\"281\" src=\"https:\/\/weareannu.com\/wp-content\/uploads\/2022\/07\/MB210805_Annu_FoA_LOC_Ruth_0416-lowres-1.jpg\" alt=\"\" class=\"wp-image-5927\"\/><\/figure>\n<\/div><\/div>\n\n\n\n<div id=\"col-gmd4f7e7\" class=\"wp-block-gutentor-m4-col col-gmd4f7e7 gutentor-single-column  grid-lg-10 grid-md-12 grid-12\"><div id=\"section-gmd4f7e7\" class=\"section-gmd4f7e7 gutentor-col-wrap\">\n<section id=\"gm2d0e4e8\" class=\"wp-block-gutentor-m4 section-gm2d0e4e8 gutentor-module gutentor-advanced-columns\"><div class=\"grid-container\"><div class=\"grid-row\">\n<div id=\"col-gmeaee8c\" class=\"wp-block-gutentor-m4-col col-gmeaee8c gutentor-single-column  grid-lg-8 grid-md-12 grid-12\"><div id=\"section-gmeaee8c\" class=\"section-gmeaee8c gutentor-col-wrap\">\n<figure class=\"wp-block-image size-full\"><img loading=\"lazy\" decoding=\"async\" width=\"628\" height=\"457\" src=\"https:\/\/weareannu.com\/wp-content\/uploads\/2022\/07\/MB210805_Annu_FoA_LOC_Ruth_0311-lowres-1.jpg\" alt=\"\" class=\"wp-image-5928\" srcset=\"https:\/\/weareannu.com\/wp-content\/uploads\/2022\/07\/MB210805_Annu_FoA_LOC_Ruth_0311-lowres-1.jpg 628w, https:\/\/weareannu.com\/wp-content\/uploads\/2022\/07\/MB210805_Annu_FoA_LOC_Ruth_0311-lowres-1-600x437.jpg 600w, https:\/\/weareannu.com\/wp-content\/uploads\/2022\/07\/MB210805_Annu_FoA_LOC_Ruth_0311-lowres-1-250x182.jpg 250w, https:\/\/weareannu.com\/wp-content\/uploads\/2022\/07\/MB210805_Annu_FoA_LOC_Ruth_0311-lowres-1-300x218.jpg 300w, https:\/\/weareannu.com\/wp-content\/uploads\/2022\/07\/MB210805_Annu_FoA_LOC_Ruth_0311-lowres-1-500x364.jpg 500w\" sizes=\"auto, (max-width: 628px) 100vw, 628px\" \/><\/figure>\n<\/div><\/div>\n\n\n\n<div id=\"col-gm560753\" class=\"wp-block-gutentor-m4-col col-gm560753 gutentor-single-column  grid-lg-4 grid-md-12 grid-12\"><div id=\"section-gm560753\" class=\"section-gm560753 gutentor-col-wrap\">\n<div style=\"height:100px\" aria-hidden=\"true\" class=\"wp-block-spacer\"><\/div>\n\n\n\n<figure class=\"wp-block-image size-full aos-animation\"><img loading=\"lazy\" decoding=\"async\" width=\"412\" height=\"300\" src=\"https:\/\/weareannu.com\/wp-content\/uploads\/2022\/07\/MB210805_Annu_FoA_LOC_Ruth_0015-lowres-1.jpg\" alt=\"\" class=\"wp-image-5929\" srcset=\"https:\/\/weareannu.com\/wp-content\/uploads\/2022\/07\/MB210805_Annu_FoA_LOC_Ruth_0015-lowres-1.jpg 412w, https:\/\/weareannu.com\/wp-content\/uploads\/2022\/07\/MB210805_Annu_FoA_LOC_Ruth_0015-lowres-1-250x182.jpg 250w, https:\/\/weareannu.com\/wp-content\/uploads\/2022\/07\/MB210805_Annu_FoA_LOC_Ruth_0015-lowres-1-300x218.jpg 300w\" sizes=\"auto, (max-width: 412px) 100vw, 412px\" \/><figcaption class=\"wp-element-caption\">Ruth tr\u00e4gt eine <a href=\"https:\/\/weareannu.com\/de\/produkt\/square-04-l\/\" target=\"_blank\" rel=\"noreferrer noopener\">Square 04 L<\/a> in Coral.<\/figcaption><\/figure>\n<\/div><\/div>\n<\/div><\/div><\/section>\n<\/div><\/div>\n<\/div><\/div><\/section>\n\n\n\n<div style=\"height:100px\" aria-hidden=\"true\" class=\"wp-block-spacer\"><\/div>\n\n\n\n<section id=\"gmae58d38\" class=\"wp-block-gutentor-m4 section-gmae58d38 gutentor-module gutentor-advanced-columns\"><div class=\"grid-container\"><div class=\"grid-row\">\n<div id=\"col-gm429b03\" class=\"wp-block-gutentor-m4-col col-gm429b03 gutentor-single-column  grid-lg-12 grid-md-12 grid-12\"><div id=\"section-gm429b03\" class=\"section-gm429b03 gutentor-col-wrap\">\n<h3 class=\"wp-block-heading has-text-align-center\">More friends. More stories.<\/h3>\n\n\n\n<div style=\"height:15px\" aria-hidden=\"true\" class=\"wp-block-spacer\"><\/div>\n\n\n\n<\/div><\/div>\n<\/div><\/div><\/section>","protected":false},"excerpt":{"rendered":"<p> [&#8230;]<\/p>\n<p><a class=\"btn btn-secondary understrap-read-more-link\" href=\"https:\/\/weareannu.com\/de\/friends-and-stories\/ruth\/\">Weiterlesen\u00a0\u2026<span class=\"screen-reader-text\"> from Meet Ruth<\/span><\/a><\/p>","protected":false},"author":6,"featured_media":7918,"parent":5908,"menu_order":0,"comment_status":"closed","ping_status":"closed","template":"template-gutentor-full-width.php","meta":{"inline_featured_image":false,"footnotes":""},"class_list":["post-5913","page","type-page","status-publish","has-post-thumbnail","hentry"],"_links":{"self":[{"href":"https:\/\/weareannu.com\/de\/wp-json\/wp\/v2\/pages\/5913","targetHints":{"allow":["GET"]}}],"collection":[{"href":"https:\/\/weareannu.com\/de\/wp-json\/wp\/v2\/pages"}],"about":[{"href":"https:\/\/weareannu.com\/de\/wp-json\/wp\/v2\/types\/page"}],"author":[{"embeddable":true,"href":"https:\/\/weareannu.com\/de\/wp-json\/wp\/v2\/users\/6"}],"replies":[{"embeddable":true,"href":"https:\/\/weareannu.com\/de\/wp-json\/wp\/v2\/comments?post=5913"}],"version-history":[{"count":2,"href":"https:\/\/weareannu.com\/de\/wp-json\/wp\/v2\/pages\/5913\/revisions"}],"predecessor-version":[{"id":14811,"href":"https:\/\/weareannu.com\/de\/wp-json\/wp\/v2\/pages\/5913\/revisions\/14811"}],"up":[{"embeddable":true,"href":"https:\/\/weareannu.com\/de\/wp-json\/wp\/v2\/pages\/5908"}],"wp:featuredmedia":[{"embeddable":true,"href":"https:\/\/weareannu.com\/de\/wp-json\/wp\/v2\/media\/7918"}],"wp:attachment":[{"href":"https:\/\/weareannu.com\/de\/wp-json\/wp\/v2\/media?parent=5913"}],"curies":[{"name":"wp","href":"https:\/\/api.w.org\/{rel}","templated":true}]}}