{"id":2312,"date":"2019-09-19T20:38:17","date_gmt":"2019-09-19T18:38:17","guid":{"rendered":"https:\/\/weareannu.com\/?page_id=2312"},"modified":"2025-08-29T15:04:00","modified_gmt":"2025-08-29T13:04:00","slug":"mission","status":"publish","type":"page","link":"https:\/\/weareannu.com\/de\/about-us\/mission\/","title":{"rendered":"Mission"},"content":{"rendered":"<div style=\"height:150px\" aria-hidden=\"true\" class=\"wp-block-spacer\"><\/div>\n\n\n\n<section id=\"gm61fcd70\" class=\"wp-block-gutentor-m4 section-gm61fcd70 gutentor-module gutentor-advanced-columns\"><div class=\"grid-container\"><div class=\"grid-row\">\n<div id=\"col-gmc57fb4\" class=\"wp-block-gutentor-m4-col col-gmc57fb4 gutentor-single-column  grid-lg-12 grid-md-12 grid-12\"><div id=\"section-gmc57fb4\" class=\"section-gmc57fb4 gutentor-col-wrap\">\n<h1 class=\"wp-block-heading\">Doing it better<\/h1>\n<\/div><\/div>\n<\/div><\/div><\/section>\n\n\n\n<section id=\"gmc333ee2\" class=\"wp-block-gutentor-m4 section-gmc333ee2 gutentor-module gutentor-advanced-columns\"><div class=\"grid-container\"><div class=\"grid-row\">\n<div id=\"col-gmcbe30b\" class=\"wp-block-gutentor-m4-col col-gmcbe30b gutentor-single-column  grid-lg-5 grid-md-12 grid-12\"><div id=\"section-gmcbe30b\" class=\"section-gmcbe30b gutentor-col-wrap\">\n<h3 class=\"wp-block-heading\">Alles begann mit ein paar Freunden, einer Brille und einer einzigartigen Vision: Es besser zu machen.<\/h3>\n<\/div><\/div>\n\n\n\n<div id=\"col-gm20bd1b\" class=\"wp-block-gutentor-m4-col col-gm20bd1b gutentor-single-column  grid-lg-7 grid-md-12 grid-12\"><div id=\"section-gm20bd1b\" class=\"section-gm20bd1b gutentor-col-wrap\"><\/div><\/div>\n<\/div><\/div><\/section>\n\n\n\n<div style=\"height:100px\" aria-hidden=\"true\" class=\"wp-block-spacer\"><\/div>\n\n\n\n<section id=\"gm9399385\" class=\"wp-block-gutentor-m4 section-gm9399385 gutentor-module gutentor-advanced-columns\"><div class=\"grid-container\"><div class=\"grid-row\">\n<div id=\"col-gm983958\" class=\"wp-block-gutentor-m4-col col-gm983958 gutentor-single-column  grid-lg-3 grid-md-12 grid-12\"><div id=\"section-gm983958\" class=\"section-gm983958 gutentor-col-wrap\"><\/div><\/div>\n\n\n\n<div id=\"col-gm3c631d\" class=\"wp-block-gutentor-m4-col col-gm3c631d gutentor-single-column  grid-lg-9 grid-md-12 grid-12\"><div id=\"section-gm3c631d\" class=\"section-gm3c631d gutentor-col-wrap\">\n<figure class=\"wp-block-image size-full\"><img loading=\"lazy\" decoding=\"async\" width=\"2000\" height=\"1333\" src=\"https:\/\/202212.weareannu.com\/wp-content\/uploads\/2022\/12\/we_are_annu.jpg\" alt=\"\" class=\"wp-image-7418\" srcset=\"https:\/\/weareannu.com\/wp-content\/uploads\/2022\/12\/we_are_annu.jpg 2000w, https:\/\/weareannu.com\/wp-content\/uploads\/2022\/12\/we_are_annu-600x400.jpg 600w, https:\/\/weareannu.com\/wp-content\/uploads\/2022\/12\/we_are_annu-1024x682.jpg 1024w, https:\/\/weareannu.com\/wp-content\/uploads\/2022\/12\/we_are_annu-400x267.jpg 400w, https:\/\/weareannu.com\/wp-content\/uploads\/2022\/12\/we_are_annu-800x533.jpg 800w\" sizes=\"auto, (max-width: 2000px) 100vw, 2000px\" \/><\/figure>\n<\/div><\/div>\n<\/div><\/div><\/section>\n\n\n\n<div style=\"height:100px\" aria-hidden=\"true\" class=\"wp-block-spacer\"><\/div>\n\n\n\n<section id=\"gme3b78f1\" class=\"wp-block-gutentor-m4 section-gme3b78f1 gutentor-module gutentor-advanced-columns\"><div class=\"grid-container\"><div class=\"grid-row\">\n<div id=\"col-gmaee8df\" class=\"wp-block-gutentor-m4-col col-gmaee8df gutentor-single-column  grid-lg-1 grid-md-12 grid-12\"><div id=\"section-gmaee8df\" class=\"section-gmaee8df gutentor-col-wrap\"><\/div><\/div>\n\n\n\n<div id=\"col-gmb6841e\" class=\"wp-block-gutentor-m4-col col-gmb6841e gutentor-single-column  grid-lg-10 grid-md-12 grid-12\"><div id=\"section-gmb6841e\" class=\"section-gmb6841e gutentor-col-wrap\">\n<section id=\"gm3382cbd\" class=\"wp-block-gutentor-m4 section-gm3382cbd gutentor-module gutentor-advanced-columns\"><div class=\"grid-container\"><div class=\"grid-row\">\n<div id=\"col-gm5ee670\" class=\"wp-block-gutentor-m4-col col-gm5ee670 gutentor-single-column  grid-lg-6 grid-md-12 grid-12\"><div id=\"section-gm5ee670\" class=\"section-gm5ee670 gutentor-col-wrap\">\n<p><strong><em>annu<\/em><\/strong>\u00a0ist eine Gruppe internationaler Designer, Denker und Macher, die sich zusammengeschlossen haben, um bewusst sch\u00f6ne Brillen mit innovativen Herstellungsmethoden und einem respektvollen Designansatz zu produzieren.<\/p>\n\n\n\n<p>Wir wollen den Prozess kontrollieren und verbessern. Aus diesem Grund haben wir uns f\u00fcr den 3D-Druck unserer Brillen entschieden, um \u00dcberproduktion zu vermeiden, den CO2-Aussto\u00df zu verringern und Abfall zu reduzieren, indem wir nur das produzieren, was ben\u00f6tigt wird.<\/p>\n<\/div><\/div>\n\n\n\n<div id=\"col-gm9d1695\" class=\"wp-block-gutentor-m4-col col-gm9d1695 gutentor-single-column  grid-lg-6 grid-md-12 grid-12\"><div id=\"section-gm9d1695\" class=\"section-gm9d1695 gutentor-col-wrap\">\n<p>Unser Ansatz zur Nachhaltigkeit besteht darin, uns der Probleme bewusst zu sein und die besten L\u00f6sungen zu erarbeiten. Dazu geh\u00f6ren der 3D-Druck von Bauteilen, Leichtbau, langlebige Konstruktionen, der Einsatz von weniger Material und der Verzicht auf Polymere aus fossilen Brennstoffen zugunsten von Polymeren auf pflanzlicher Basis.<\/p>\n<\/div><\/div>\n<\/div><\/div><\/section>\n<\/div><\/div>\n\n\n\n<div id=\"col-gmd3d4f0\" class=\"wp-block-gutentor-m4-col col-gmd3d4f0 gutentor-single-column  grid-lg-1 grid-md-12 grid-12\"><div id=\"section-gmd3d4f0\" class=\"section-gmd3d4f0 gutentor-col-wrap\"><\/div><\/div>\n<\/div><\/div><\/section>\n\n\n\n<div style=\"height:100px\" aria-hidden=\"true\" class=\"wp-block-spacer\"><\/div>\n\n\n\n<section id=\"gmd9f7010\" class=\"wp-block-gutentor-m4 section-gmd9f7010 gutentor-module gutentor-advanced-columns has-color-bg has-custom-bg related_pages black-bg\"><div class=\"grid-container\"><div class=\"grid-row\">\n<div id=\"col-gmfe3525\" class=\"wp-block-gutentor-m4-col col-gmfe3525 gutentor-single-column  grid-lg-12 grid-md-12 grid-12\"><div id=\"section-gmfe3525\" class=\"section-gmfe3525 gutentor-col-wrap\">\n<div style=\"height:30px\" aria-hidden=\"true\" class=\"wp-block-spacer\"><\/div>\n\n\n\n<h3 class=\"wp-block-heading\">Was uns antreibt<\/h3>\n\n\n\n<div style=\"height:30px\" aria-hidden=\"true\" class=\"wp-block-spacer\"><\/div>\n\n\n\n<\/div><\/div>\n<\/div><\/div><\/section>","protected":false},"excerpt":{"rendered":"<p> [&#8230;]<\/p>\n<p><a class=\"btn btn-secondary understrap-read-more-link\" href=\"https:\/\/weareannu.com\/de\/about-us\/mission\/\">Weiterlesen\u00a0\u2026<span class=\"screen-reader-text\"> from Mission<\/span><\/a><\/p>","protected":false},"author":6,"featured_media":7714,"parent":3879,"menu_order":1,"comment_status":"closed","ping_status":"closed","template":"template-gutentor-full-width.php","meta":{"inline_featured_image":false,"footnotes":""},"class_list":["post-2312","page","type-page","status-publish","has-post-thumbnail","hentry"],"_links":{"self":[{"href":"https:\/\/weareannu.com\/de\/wp-json\/wp\/v2\/pages\/2312","targetHints":{"allow":["GET"]}}],"collection":[{"href":"https:\/\/weareannu.com\/de\/wp-json\/wp\/v2\/pages"}],"about":[{"href":"https:\/\/weareannu.com\/de\/wp-json\/wp\/v2\/types\/page"}],"author":[{"embeddable":true,"href":"https:\/\/weareannu.com\/de\/wp-json\/wp\/v2\/users\/6"}],"replies":[{"embeddable":true,"href":"https:\/\/weareannu.com\/de\/wp-json\/wp\/v2\/comments?post=2312"}],"version-history":[{"count":6,"href":"https:\/\/weareannu.com\/de\/wp-json\/wp\/v2\/pages\/2312\/revisions"}],"predecessor-version":[{"id":13866,"href":"https:\/\/weareannu.com\/de\/wp-json\/wp\/v2\/pages\/2312\/revisions\/13866"}],"up":[{"embeddable":true,"href":"https:\/\/weareannu.com\/de\/wp-json\/wp\/v2\/pages\/3879"}],"wp:featuredmedia":[{"embeddable":true,"href":"https:\/\/weareannu.com\/de\/wp-json\/wp\/v2\/media\/7714"}],"wp:attachment":[{"href":"https:\/\/weareannu.com\/de\/wp-json\/wp\/v2\/media?parent=2312"}],"curies":[{"name":"wp","href":"https:\/\/api.w.org\/{rel}","templated":true}]}}