{"id":2185,"date":"2019-05-28T18:27:12","date_gmt":"2019-05-28T16:27:12","guid":{"rendered":"http:\/\/annueyewear.com\/?page_id=2185"},"modified":"2022-12-20T14:32:11","modified_gmt":"2022-12-20T13:32:11","slug":"retailers","status":"publish","type":"page","link":"https:\/\/weareannu.com\/de\/retailers\/","title":{"rendered":"H\u00e4ndler finden"},"content":{"rendered":"<div id=\"wpsl-wrap\" class=\"wpsl-store-below\">\r\n\t<div id=\"wpsl-gmap\" class=\"wpsl-gmap-canvas\"><\/div>\r\n\t<div class=\"wpsl-search wpsl-clearfix wpsl-no-filters\">\r\n\t\t<div id=\"wpsl-search-wrap\">\r\n\t\t\t<form autocomplete=\"off\" action=\"\">\r\n\t\t\t<div class=\"wpsl-input\">\r\n\t\t\t\t<div><label for=\"wpsl-search-input\">Your location<\/label><\/div>\r\n\t\t\t\t<input id=\"wpsl-search-input\" type=\"text\" value=\"\" name=\"wpsl-search-input\" placeholder=\"Your location\" aria-required=\"true\" \/>\r\n\t\t\t<\/div>\r\n\t\t\t\t<div class=\"wpsl-search-btn-wrap\"><input id=\"wpsl-search-btn\" type=\"submit\" value=\"\"><\/div>\r\n\t\t<input type=\"hidden\" name=\"trp-form-language\" value=\"de\"\/><\/form>\r\n\t\t<\/div>\r\n\t<\/div>\r\n\t<div id=\"wpsl-result-list\">\r\n\t\t<div id=\"wpsl-stores\" >\r\n\t\t\t<ul><\/ul>\r\n\t\t<\/div>\r\n\t\t<div id=\"wpsl-direction-details\">\r\n\t\t\t<ul><\/ul>\r\n\t\t<\/div>\r\n\t<\/div>\r\n<\/div>\r\n\n\n\n\n<div style=\"height:100px\" aria-hidden=\"true\" class=\"wp-block-spacer\"><\/div>\n\n\n\n<section id=\"gmcb4c402\" class=\"wp-block-gutentor-m4 section-gmcb4c402 gutentor-module gutentor-advanced-columns\"><div class=\"grid-container\"><div class=\"grid-row\">\n<div id=\"col-gm609f00\" class=\"wp-block-gutentor-m4-col col-gm609f00 gutentor-single-column  grid-lg-12 grid-md-12 grid-12\"><div id=\"section-gm609f00\" class=\"section-gm609f00 gutentor-col-wrap\">\n<h1 class=\"wp-block-heading\">Fachh\u00e4ndler finden<\/h1>\n<\/div><\/div>\n<\/div><\/div><\/section>\n\n\n\n<section id=\"gm1a28fdb\" class=\"wp-block-gutentor-m4 section-gm1a28fdb gutentor-module gutentor-advanced-columns\"><div class=\"grid-container\"><div class=\"grid-row\">\n<div id=\"col-gmdbfe9b\" class=\"wp-block-gutentor-m4-col col-gmdbfe9b gutentor-single-column  grid-lg-8 grid-md-12 grid-12\"><div id=\"section-gmdbfe9b\" class=\"section-gmdbfe9b gutentor-col-wrap\">\n<h3 class=\"wp-block-heading\">Alle H\u00e4ndler, die unsere weareannu Brillen f\u00fchren, sind qualifizierte Optiker. Sie wurden sorgf\u00e4ltig ausgew\u00e4hlt, um Euch den bestm\u00f6glichen Service zu bieten. Um einen Fachh\u00e4ndler in Eurer N\u00e4he zu finden, benutzt bitte die Karte.<\/h3>\n<\/div><\/div>\n\n\n\n<div id=\"col-gmb77a42\" class=\"wp-block-gutentor-m4-col col-gmb77a42 gutentor-single-column  grid-lg-4 grid-md-12 grid-12\"><div id=\"section-gmb77a42\" class=\"section-gmb77a42 gutentor-col-wrap\"><\/div><\/div>\n<\/div><\/div><\/section>\n\n\n\n<div style=\"height:100px\" aria-hidden=\"true\" class=\"wp-block-spacer\"><\/div>\n\n\n\n<section id=\"gmad4742d\" class=\"wp-block-gutentor-m4 section-gmad4742d gutentor-module gutentor-advanced-columns\"><div class=\"grid-container\"><div class=\"grid-row\">\n<div id=\"col-gm4d3218\" class=\"wp-block-gutentor-m4-col col-gm4d3218 gutentor-single-column  grid-lg-12 grid-md-12 grid-12\"><div id=\"section-gm4d3218\" class=\"section-gm4d3218 gutentor-col-wrap\">\n<h3 class=\"has-text-align-left has-black-color has-text-color wp-block-heading\">H\u00e4ndler werden<\/h3>\n\n\n\n<p class=\"has-text-align-left has-black-color has-text-color\">Wenn Ihr daran interessiert seid, H\u00e4ndler zu werden, kontaktiert uns bitte unter<br><a href=\"mailto:sales@weareannu.com\">sales@weareannu.com<\/a><\/p>\n<\/div><\/div>\n<\/div><\/div><\/section>\n\n\n\n<div style=\"height:100px\" aria-hidden=\"true\" class=\"wp-block-spacer\"><\/div>","protected":false},"excerpt":{"rendered":"<p> [&#8230;]<\/p>\n<p><a class=\"btn btn-secondary understrap-read-more-link\" href=\"https:\/\/weareannu.com\/de\/retailers\/\">Weiterlesen\u00a0\u2026<span class=\"screen-reader-text\"> from Find a retailer<\/span><\/a><\/p>","protected":false},"author":6,"featured_media":0,"parent":0,"menu_order":0,"comment_status":"closed","ping_status":"closed","template":"template-gutentor-full-width.php","meta":{"inline_featured_image":false,"footnotes":""},"class_list":["post-2185","page","type-page","status-publish","hentry"],"_links":{"self":[{"href":"https:\/\/weareannu.com\/de\/wp-json\/wp\/v2\/pages\/2185","targetHints":{"allow":["GET"]}}],"collection":[{"href":"https:\/\/weareannu.com\/de\/wp-json\/wp\/v2\/pages"}],"about":[{"href":"https:\/\/weareannu.com\/de\/wp-json\/wp\/v2\/types\/page"}],"author":[{"embeddable":true,"href":"https:\/\/weareannu.com\/de\/wp-json\/wp\/v2\/users\/6"}],"replies":[{"embeddable":true,"href":"https:\/\/weareannu.com\/de\/wp-json\/wp\/v2\/comments?post=2185"}],"version-history":[{"count":0,"href":"https:\/\/weareannu.com\/de\/wp-json\/wp\/v2\/pages\/2185\/revisions"}],"wp:attachment":[{"href":"https:\/\/weareannu.com\/de\/wp-json\/wp\/v2\/media?parent=2185"}],"curies":[{"name":"wp","href":"https:\/\/api.w.org\/{rel}","templated":true}]}}