{"id":183,"date":"2018-12-19T10:48:21","date_gmt":"2018-12-19T10:48:21","guid":{"rendered":"http:\/\/localhost:8888\/annu_wp\/?page_id=183"},"modified":"2023-07-10T17:42:37","modified_gmt":"2023-07-10T15:42:37","slug":"impressum","status":"publish","type":"page","link":"https:\/\/weareannu.com\/de\/impressum\/","title":{"rendered":"Impressum"},"content":{"rendered":"<div style=\"height:100px\" aria-hidden=\"true\" class=\"wp-block-spacer\"><\/div>\n\n\n\n<p><strong>Impressum<\/strong><\/p>\n\n\n\n<p>Angaben gem\u00e4\u00df \u00a7 5 TMG:<\/p>\n\n\n\n<p>weareannu GmbH<br>Holzgartenstra\u00dfe 13<br>90461 N\u00fcrnberg<br><\/p>\n\n\n\n<p><strong>Vertreten durch:<\/strong><\/p>\n\n\n\n<p>Iddo Zimmermann<br><\/p>\n\n\n\n<p><strong>Kontakt:<\/strong><\/p>\n\n\n\n<p>Telefon: +49 (0) 911-4772610<br>E-Mail: hello@weareannu.com<br><\/p>\n\n\n\n<p><strong>Registereintrag:<\/strong><\/p>\n\n\n\n<p>Eintragung im Handelsregister.<br>Registergericht: Amtsgericht N\u00fcrnberg<br>Registernummer: HRB 35808<br>Sitz: N\u00fcrnberg<br><\/p>\n\n\n\n<p><strong>Umsatzsteuer:<\/strong><\/p>\n\n\n\n<p>Umsatzsteuer-Identifikationsnummer gem\u00e4\u00df \u00a727 a Umsatzsteuergesetz:<br>DE321614604<\/p>\n\n\n\n<p><strong>Verantwortlich f\u00fcr den Inhalt nach \u00a7 55 Abs. 2 RStV:<\/strong><\/p>\n\n\n\n<p>weareannu GmbH<br>Holzgartenstra\u00dfe 13<br>90461 N\u00fcrnberg<\/p>\n\n\n\n<p>Die Europ\u00e4ische Kommission stellt eine Plattform zur Online-Streitbeilegung (OS) bereit: https:\/\/ec.europa.eu\/consumers\/odr<\/p>\n\n\n\n<p>Unsere E-Mail-Adresse finden Sie oben im Impressum. Wir sind nicht bereit oder verpflichtet, an Streitbeilegungsverfahren vor einer Verbraucherschlichtungsstelle teilzunehmen.<\/p>\n\n\n\n<p><strong>Haftung f\u00fcr Inhalte<\/strong><\/p>\n\n\n\n<p>Als Diensteanbieter sind wir gem\u00e4\u00df \u00a7 7 Abs.1 TMG f\u00fcr eigene Inhalte auf diesen Seiten nach den allgemeinen Gesetzen verantwortlich. Nach \u00a7\u00a7 8 bis 10 TMG sind wir als Diensteanbieter jedoch nicht verpflichtet, \u00fcbermittelte oder gespeicherte fremde Informationen zu \u00fcberwachen oder nach Umst\u00e4nden zu forschen, die auf eine rechtswidrige T\u00e4tigkeit hinweisen. Verpflichtungen zur Entfernung oder Sperrung der Nutzung von Informationen nach den allgemeinen Gesetzen bleiben hiervon unber\u00fchrt. Eine diesbez\u00fcgliche Haftung ist jedoch erst ab dem Zeitpunkt der Kenntnis einer konkreten Rechtsverletzung m\u00f6glich. Bei Bekanntwerden von entsprechenden Rechtsverletzungen werden wir diese Inhalte umgehend entfernen.<\/p>\n\n\n\n<p><strong>Haftung f\u00fcr Links<\/strong><\/p>\n\n\n\n<p>Unser Angebot enth\u00e4lt Links zu externen Webseiten Dritter, auf deren Inhalte wir keinen Einfluss haben. Deshalb k\u00f6nnen wir f\u00fcr diese fremden Inhalte auch keine Gew\u00e4hr \u00fcbernehmen. F\u00fcr die Inhalte der verlinkten Seiten ist stets der jeweilige Anbieter oder Betreiber der Seiten verantwortlich. Die verlinkten Seiten wurden zum Zeitpunkt der Verlinkung auf m\u00f6gliche Rechtsverst\u00f6\u00dfe \u00fcberpr\u00fcft. Rechtswidrige Inhalte waren zum Zeitpunkt der Verlinkung nicht erkennbar. Eine permanente inhaltliche Kontrolle der verlinkten Seiten ist jedoch ohne konkrete Anhaltspunkte einer Rechtsverletzung nicht zumutbar. Bei Bekanntwerden von Rechtsverletzungen werden wir derartige Links umgehend entfernen.<\/p>\n\n\n\n<p><strong>Urheberrecht<\/strong><\/p>\n\n\n\n<p>Die durch die Seitenbetreiber erstellten Inhalte und Werke auf diesen Seiten unterliegen dem deutschen Urheberrecht. Die Vervielf\u00e4ltigung, Bearbeitung, Verbreitung und jede Art der Verwertung au\u00dferhalb der Grenzen des Urheberrechtes bed\u00fcrfen der schriftlichen Zustimmung des jeweiligen Autors bzw. Erstellers. Downloads und Kopien dieser Seite sind nur f\u00fcr den privaten, nicht kommerziellen Gebrauch gestattet. Soweit die Inhalte auf dieser Seite nicht vom Betreiber erstellt wurden, werden die Urheberrechte Dritter beachtet. Insbesondere werden Inhalte Dritter als solche gekennzeichnet. Sollten Sie trotzdem auf eine Urheberrechtsverletzung aufmerksam werden, bitten wir um einen entsprechenden Hinweis. Bei Bekanntwerden von Rechtsverletzungen werden wir derartige Inhalte umgehend entfernen.<\/p>\n\n\n\n<p><strong>Bildnachweis<\/strong><\/p>\n\n\n\n<p>Image of ricinus beans by Adityamadhav83, CC BY-SA 4.0, via Wikimedia Commons<\/p>","protected":false},"excerpt":{"rendered":"<p>Impressum Angaben gem\u00e4\u00df \u00a7 5 TMG: weareannu GmbHHolzgartenstra\u00dfe 1390461 N\u00fcrnberg Vertreten durch: Iddo Zimmermann Kontakt: Telefon: +49 (0) 911-4772610E-Mail: hello@weareannu.com Registereintrag: Eintragung im Handelsregister.Registergericht: Amtsgericht N\u00fcrnbergRegisternummer: HRB 35808Sitz: N\u00fcrnberg Umsatzsteuer: Umsatzsteuer-Identifikationsnummer gem\u00e4\u00df \u00a727 a Umsatzsteuergesetz:DE321614604 Verantwortlich f\u00fcr den Inhalt nach \u00a7 55 Abs. 2 RStV: weareannu GmbHHolzgartenstra\u00dfe 1390461 N\u00fcrnberg Die Europ\u00e4ische Kommission stellt eine Plattform [&#8230;]<\/p>\n<p><a class=\"btn btn-secondary understrap-read-more-link\" href=\"https:\/\/weareannu.com\/de\/impressum\/\">Weiterlesen\u00a0\u2026<span class=\"screen-reader-text\"> from Impressum<\/span><\/a><\/p>","protected":false},"author":6,"featured_media":0,"parent":0,"menu_order":0,"comment_status":"closed","ping_status":"closed","template":"","meta":{"inline_featured_image":false,"footnotes":""},"class_list":["post-183","page","type-page","status-publish","hentry"],"_links":{"self":[{"href":"https:\/\/weareannu.com\/de\/wp-json\/wp\/v2\/pages\/183","targetHints":{"allow":["GET"]}}],"collection":[{"href":"https:\/\/weareannu.com\/de\/wp-json\/wp\/v2\/pages"}],"about":[{"href":"https:\/\/weareannu.com\/de\/wp-json\/wp\/v2\/types\/page"}],"author":[{"embeddable":true,"href":"https:\/\/weareannu.com\/de\/wp-json\/wp\/v2\/users\/6"}],"replies":[{"embeddable":true,"href":"https:\/\/weareannu.com\/de\/wp-json\/wp\/v2\/comments?post=183"}],"version-history":[{"count":1,"href":"https:\/\/weareannu.com\/de\/wp-json\/wp\/v2\/pages\/183\/revisions"}],"predecessor-version":[{"id":8845,"href":"https:\/\/weareannu.com\/de\/wp-json\/wp\/v2\/pages\/183\/revisions\/8845"}],"wp:attachment":[{"href":"https:\/\/weareannu.com\/de\/wp-json\/wp\/v2\/media?parent=183"}],"curies":[{"name":"wp","href":"https:\/\/api.w.org\/{rel}","templated":true}]}}