{"id":176,"date":"2018-12-19T10:47:15","date_gmt":"2018-12-19T10:47:15","guid":{"rendered":"http:\/\/localhost:8888\/annu_wp\/?page_id=176"},"modified":"2024-03-07T15:48:05","modified_gmt":"2024-03-07T14:48:05","slug":"terms-conditions","status":"publish","type":"page","link":"https:\/\/weareannu.com\/de\/terms-conditions\/","title":{"rendered":"AGB"},"content":{"rendered":"<div style=\"height:100px\" aria-hidden=\"true\" class=\"wp-block-spacer\"><\/div>\n\n\n\n<h1 class=\"wp-block-heading\">Allgemeine Gesch\u00e4ftsbedingungen<\/h1>\n\n\n\n<h3 class=\"wp-block-heading\">\u00a7 1 Geltung der Bedingungen<\/h3>\n\n\n\n<p>F\u00fcr die Gesch\u00e4ftsbeziehung zwischen uns, der<\/p>\n\n\n\n<p>weareannu GmbH<br>Holzgartenstra\u00dfe 13<br>90461 N\u00fcrnberg<\/p>\n\n\n\n<p>(im Folgenden: weareannu) und Ihnen gelten ausschlie\u00dflich die nachfolgenden Allgemeinen Gesch\u00e4ftsbedingungen in ihrer zum Zeitpunkt der Bestellung g\u00fcltigen Fassung. Die Allgemeinen Gesch\u00e4ftsbedingungen gelten gegen\u00fcber Unternehmen somit auch f\u00fcr alle k\u00fcnftigen Gesch\u00e4ftsbeziehungen, auch wenn sie nicht nochmals ausdr\u00fccklich vereinbart werden. Der Einbeziehung von Allgemeinen Gesch\u00e4ftsbedingungen eines Kunden, die unseren Allgemeinen Gesch\u00e4ftsbedingungen widersprechen, wird schon jetzt widersprochen.<\/p>\n\n\n\n<h3 class=\"wp-block-heading\">\u00a7 2 Vertragsschluss und Lieferung<\/h3>\n\n\n\n<p>(1) Ein Vertrag zwischen dem Kunden und weareannu kommt erst zustande, wenn die Bestellung des Kunden durch weareannu mittels einer Auftragsbest\u00e4tigung schriftlich best\u00e4tig wurde (\u201eOrder Confirmation\u201c). Die Schriftform gilt als gewahrt, wenn die Erkl\u00e4rungen elektronisch per Email oder per Telefax \u00fcbermittelt werden.<\/p>\n\n\n\n<p>(2) Zumutbare Teillieferungen sind zul\u00e4ssig und k\u00f6nnen gesondert in Rechnung gestellt werden.<\/p>\n\n\n\n<p>(3) Liefertermine sind unverbindlich, es sei denn, sie werden ausdr\u00fccklich als verbindlich vereinbart. weareannu kommt nur dann in Verzug, wenn die Verz\u00f6gerung von weareannu verschuldet ist, die Leistung f\u00e4llig ist und der Kunde weareannu erfolglos eine angemessene, schriftliche Nachfrist von mindestens 14 Tagen gesetzt hat.<\/p>\n\n\n\n<p>(4) Liefertermine verl\u00e4ngern sich f\u00fcr weareannu angemessen bei St\u00f6rungen aufgrund h\u00f6herer Gewalt und anderer von weareannu nicht zu vertretenden Ereignissen. Dies gilt auch f\u00fcr den Fall, dass der Kunden seinen Mitwirkungspflichten nicht oder nicht rechtzeitig nachkommt, oder nachtr\u00e4gliche \u00c4nderungsw\u00fcnsche \u00e4u\u00dfert, die von weareannu angenommen wurden.<\/p>\n\n\n\n<h3 class=\"wp-block-heading\">\u00a7 3 Zahlungsbedingungen, F\u00e4lligkeit<\/h3>\n\n\n\n<p>Rechnungsbetr\u00e4ge sind ohne Abzug innerhalb von 14 Tagen nach Erhalt der Rechnung sofort f\u00e4llig.<\/p>\n\n\n\n<h3 class=\"wp-block-heading\">\u00a7 4 Eigentumsvorbehalt<\/h3>\n\n\n\n<p>Die Ware bleibt bis zur vollst\u00e4ndigen Bezahlung des Kaufpreises und aller sonstigen Forderungen im Eigentum von weareannu. Bei laufender Rechnung gilt das vorbehaltene Eigentum als Sicherung f\u00fcr die Saldoforderung von weareannu. Bei Zahlungseinstellung ist die Ware ohne Aufforderung auszusondern und zur Verf\u00fcgung von weareannu zu halten.<\/p>\n\n\n\n<h3 class=\"wp-block-heading\">\u00a7 5 Selbstbelieferungsvorbehalt<\/h3>\n\n\n\n<p>weareannu ist berechtigt, vom Vertrag zur\u00fcckzutreten, soweit weareannu trotz des vorherigen Abschlusses eines entsprechenden Einkaufsvertrags den Liefergegenstand nicht erh\u00e4lt; die Verantwortlichkeit von weareannu f\u00fcr Vorsatz oder Fahrl\u00e4ssigkeit bleibt nach Ma\u00dfgabe des \u00a7 6 dieser Bedingungen unber\u00fchrt. weareannu wird den Kunden unverz\u00fcglich \u00fcber die Nichtverf\u00fcgbarkeit des Liefergegenstandes informieren und im Falle des R\u00fccktritts die entsprechende Gegenleistung dem Kunden unverz\u00fcglich erstatten.<\/p>\n\n\n\n<h3 class=\"wp-block-heading\">\u00a7 6 Haftungsbeschr\u00e4nkung<\/h3>\n\n\n\n<p>weareannu haftet f\u00fcr Vorsatz und grobe Fahrl\u00e4ssigkeit. Ferner f\u00fcr die fahrl\u00e4ssige Verletzung von Pflichten, deren Erf\u00fcllung die ordnungsgem\u00e4\u00dfe Durchf\u00fchrung des Vertrages \u00fcberhaupt erst erm\u00f6glicht, deren Verletzung die Erreichung des Vertragszwecks gef\u00e4hrdet und auf deren Einhaltung der Kunde regelm\u00e4\u00dfig vertrauen darf. Im letztgenannten Fall haftet weareannu jedoch nur f\u00fcr den vorhersehbaren, vertragstypischen Schaden.<\/p>\n\n\n\n<p>weareannu haftet nicht f\u00fcr die leicht fahrl\u00e4ssige Verletzung anderer als der in den vorstehenden S\u00e4tzen genannten Pflichten.<\/p>\n\n\n\n<p>Die vorstehenden Haftungsausschl\u00fcsse gelten nicht bei Verletzung von Leben, K\u00f6rper und Gesundheit. Die Haftung nach Produkthaftungsgesetz bleibt unber\u00fchrt.<\/p>\n\n\n\n<h3 class=\"wp-block-heading\">\u00a7 7 geringf\u00fcgige M\u00e4ngel<\/h3>\n\n\n\n<p>M\u00e4ngelanspr\u00fcche des Kunden bestehen nicht bei nur unerheblicher Abweichung von der vereinbarten Beschaffenheit oder bei nur unerheblicher Beeintr\u00e4chtigung der Brauchbarkeit.<\/p>\n\n\n\n<h3 class=\"wp-block-heading\">\u00a7 8 Nachahmung, Zur\u00fcckbau<\/h3>\n\n\n\n<p>Der Kunde hat es zu unterlassen, die Ware au\u00dferhalb des Vertragswecks nachzuahmen oder Zur\u00fcckzubauen (insbesondere im Wege des sog. \u201eReverse Engineering\u201c*) oder durch Dritte nachahmen bzw. Zur\u00fcckbauen zu lassen.<\/p>\n\n\n\n<h3 class=\"wp-block-heading\">\u00a7 9 Schlussbestimmungen<\/h3>\n\n\n\n<p>(1) \u00c4nderungen oder Erg\u00e4nzungen dieser Gesch\u00e4ftsbedingungen bed\u00fcrfen der Schriftform.<\/p>\n\n\n\n<p>(2) Vertragssprache ist Deutsch<\/p>\n\n\n\n<p>(3) Es gilt das Recht der Bundesrepublik Deutschland.<\/p>\n\n\n\n<p>(4) Sofern der Kunde Kaufmann, eine juristische Person des \u00f6ffentlichen Rechts oder \u00f6ffentlich-rechtliches Sonderverm\u00f6gen ist, ist Erf\u00fcllungsort und ausschlie\u00dflicher Gerichtsstand f\u00fcr alle sich aus dem Vertragsverh\u00e4ltnis ergebenden Streitigkeiten N\u00fcrnberg.<\/p>","protected":false},"excerpt":{"rendered":"<p>Allgemeine Gesch\u00e4ftsbedingungen \u00a7 1 Geltung der Bedingungen F\u00fcr die Gesch\u00e4ftsbeziehung zwischen uns, der weareannu GmbHHolzgartenstra\u00dfe 1390461 N\u00fcrnberg (im Folgenden: weareannu) und Ihnen gelten ausschlie\u00dflich die nachfolgenden Allgemeinen Gesch\u00e4ftsbedingungen in ihrer zum Zeitpunkt der Bestellung g\u00fcltigen Fassung. Die Allgemeinen Gesch\u00e4ftsbedingungen gelten gegen\u00fcber Unternehmen somit auch f\u00fcr alle k\u00fcnftigen Gesch\u00e4ftsbeziehungen, auch wenn sie nicht nochmals ausdr\u00fccklich vereinbart [&#8230;]<\/p>\n<p><a class=\"btn btn-secondary understrap-read-more-link\" href=\"https:\/\/weareannu.com\/de\/terms-conditions\/\">Weiterlesen\u00a0\u2026<span class=\"screen-reader-text\"> from Terms &#038; conditions<\/span><\/a><\/p>","protected":false},"author":6,"featured_media":0,"parent":0,"menu_order":0,"comment_status":"closed","ping_status":"closed","template":"","meta":{"inline_featured_image":false,"footnotes":""},"class_list":["post-176","page","type-page","status-publish","hentry"],"_links":{"self":[{"href":"https:\/\/weareannu.com\/de\/wp-json\/wp\/v2\/pages\/176","targetHints":{"allow":["GET"]}}],"collection":[{"href":"https:\/\/weareannu.com\/de\/wp-json\/wp\/v2\/pages"}],"about":[{"href":"https:\/\/weareannu.com\/de\/wp-json\/wp\/v2\/types\/page"}],"author":[{"embeddable":true,"href":"https:\/\/weareannu.com\/de\/wp-json\/wp\/v2\/users\/6"}],"replies":[{"embeddable":true,"href":"https:\/\/weareannu.com\/de\/wp-json\/wp\/v2\/comments?post=176"}],"version-history":[{"count":1,"href":"https:\/\/weareannu.com\/de\/wp-json\/wp\/v2\/pages\/176\/revisions"}],"predecessor-version":[{"id":10426,"href":"https:\/\/weareannu.com\/de\/wp-json\/wp\/v2\/pages\/176\/revisions\/10426"}],"wp:attachment":[{"href":"https:\/\/weareannu.com\/de\/wp-json\/wp\/v2\/media?parent=176"}],"curies":[{"name":"wp","href":"https:\/\/api.w.org\/{rel}","templated":true}]}}