{"id":14832,"date":"2019-09-19T20:38:17","date_gmt":"2019-09-19T18:38:17","guid":{"rendered":"https:\/\/weareannu.com\/about-us\/mission-2\/"},"modified":"2026-03-03T14:11:11","modified_gmt":"2026-03-03T13:11:11","slug":"jobs","status":"publish","type":"page","link":"https:\/\/weareannu.com\/de\/about-us\/jobs\/","title":{"rendered":"Jobs"},"content":{"rendered":"<div style=\"height:150px\" aria-hidden=\"true\" class=\"wp-block-spacer\"><\/div>\n\n\n\n<section id=\"gm61fcd70\" class=\"wp-block-gutentor-m4 section-gm61fcd70 gutentor-module gutentor-advanced-columns\"><div class=\"grid-container\"><div class=\"grid-row\">\n<div id=\"col-gmc57fb4\" class=\"wp-block-gutentor-m4-col col-gmc57fb4 gutentor-single-column  grid-lg-12 grid-md-12 grid-12\"><div id=\"section-gmc57fb4\" class=\"section-gmc57fb4 gutentor-col-wrap\">\n<h1 class=\"wp-block-heading\">Jobs<\/h1>\n<\/div><\/div>\n<\/div><\/div><\/section>\n\n\n\n<section id=\"gmc333ee2\" class=\"wp-block-gutentor-m4 section-gmc333ee2 gutentor-module gutentor-advanced-columns\"><div class=\"grid-container\"><div class=\"grid-row\">\n<div id=\"col-gmcbe30b\" class=\"wp-block-gutentor-m4-col col-gmcbe30b gutentor-single-column  grid-lg-5 grid-md-12 grid-12\"><div id=\"section-gmcbe30b\" class=\"section-gmcbe30b gutentor-col-wrap\">\n<h3 class=\"wp-block-heading\">We are an independent eyewear brand guided by timeless design, craftsmanship, and innovation. <\/h3>\n<\/div><\/div>\n\n\n\n<div id=\"col-gm20bd1b\" class=\"wp-block-gutentor-m4-col col-gm20bd1b gutentor-single-column  grid-lg-7 grid-md-12 grid-12\"><div id=\"section-gm20bd1b\" class=\"section-gm20bd1b gutentor-col-wrap\"><\/div><\/div>\n<\/div><\/div><\/section>\n\n\n\n<div style=\"height:100px\" aria-hidden=\"true\" class=\"wp-block-spacer\"><\/div>\n\n\n\n<section id=\"g-bll31t1\" class=\"wp-block-gutentor-m4 section-g-bll31t1 gutentor-module gutentor-advanced-columns\"><div class=\"grid-container\"><div class=\"grid-row\">\n<div id=\"col-g-h9111xm\" class=\"wp-block-gutentor-m4-col col-g-h9111xm gutentor-single-column  grid-lg-12 grid-md-12 grid-12\"><div id=\"section-g-h9111xm\" class=\"section-g-h9111xm gutentor-col-wrap\">\n<h3 class=\"wp-block-heading\">Open positions:<\/h3>\n\n\n\n<section id=\"section-g-rhbvv3a\" class=\"wp-block-gutentor-accordion gutentor-section gutentor-accordion-wrapper accordion-template1\"><div class=\"grid-container\"><div class=\"grid-row gutentor-grid-item-wrap\"><div class=\"grid-md-12\"><div class=\"gutentor-accordion-wrap\"><div class=\"gutentor-single-item gutentor-single-item-0\"><div class=\"gutentor-single-item-wrap\"><div class=\"gutentor-accordion-heading\"><i class=\"gutentor-accordion-icon open-icon fas fa-plus\"><\/i><i class=\"gutentor-accordion-icon close-icon fas fa-minus\"><\/i><h3 class=\"gutentor-single-item-title\">Customer Service Specialist (m\/w\/d), Voll- oder Teilzeit, vor Ort in N\u00fcrnberg<\/h3><\/div><div class=\"gutentor-accordion-body\"><p class=\"gutentor-single-item-desc\">Zur Verst\u00e4rkung unseres Customer Service Teams suchen wir ab sofort engagierte Unterst\u00fctzung f\u00fcr die Betreuung unserer nationalen und internationalen Kunden. Es erwartet Sie eine abwechslungsreiche und verantwortungsvolle T\u00e4tigkeit in unserer Manufaktur am Standort N\u00fcrnberg.<br><br><strong>Ihre Aufgaben<\/strong><br>\u00b7 Professionelle, pers\u00f6nliche und kompetente Betreuung unserer internationalen Kunden, Vertreter und Distributoren per Telefon und E-Mail<br>\u00b7 Aktive Kontaktaufnahme mit Kunden zur Informationsweitergabe sowie zur Pr\u00e4sentation von Service- oder Produktangeboten<br>\u00b7 Sorgf\u00e4ltige Dokumentation und Pflege aller Anfragen und Vorg\u00e4nge im Ticket-System<br>\u00b7 Bearbeitung und Abwicklung von Bestellungen sowie Reklamationen<br>\u00b7 Regelm\u00e4\u00dfige Kl\u00e4rung und Nachverfolgung von Kunden-Backorders<br>\u00b7 Sicherer Umgang mit unserem internen ERP- und Ticket-System<br>\u00b7 Mitarbeit an der kontinuierlichen Aktualisierung und Optimierung unserer Wissensdatenbank<br>\u00b7 Unterst\u00fctzung bei der Identifikation und Verbesserung von Prozess-Schwachstellen<br><br><strong>Ihr Profil<\/strong><br>\u00b7 Abgeschlossene kaufm\u00e4nnische Ausbildung oder abgeschlossenes Studium<br>\u00b7 Flie\u00dfende Deutsch- und Englischkenntnisse in Wort und Schrift<br>\u00b7 Ausgepr\u00e4gte Kommunikationsf\u00e4higkeit sowie freundliches und professionelles Auftreten<br>\u00b7 Kunden- und serviceorientierte Denkweise<br>\u00b7 Freude an der Kommunikation mit Kunden<br>\u00b7 Berufserfahrung in der Kundenbetreuung von Vorteil<br>\u00b7 Sicherer Umgang mit MS Office<br>\u00b7 Erfahrung mit ERP-Systemen w\u00fcnschenswert<br>\u00b7 Teamf\u00e4higkeit, Flexibilit\u00e4t und Engagement<br>\u00b7 Selbstst\u00e4ndige, strukturierte und gewissenhafte Arbeitsweise<br>\u00a0<br><strong>Unser Angebot<\/strong><br>\u00b7 Internationale Arbeitsatmosph\u00e4re<br>\u00b7 Standort in N\u00fcrnberg (Nibelungenviertel)<br>\u00b7 Offene Kommunikationskultur<br>\u00b7 Abwechslungsreiche und verantwortungsvolle T\u00e4tigkeit<br>\u00b7 Mitarbeit in einem engagierten Team<br><br>Wir freuen uns \u00fcber Ihre Bewerbung an Yulia Vishnevskaya (<a href=\"mailto:hello@weareannu.com\">hello@weareannu.com<\/a>)<\/p><\/div><\/div><\/div><\/div><\/div><\/div><\/div><\/section>\n\n\n\n<section id=\"section-g-n67asie\" class=\"wp-block-gutentor-accordion gutentor-section gutentor-accordion-wrapper accordion-template1\"><div class=\"grid-container\"><div class=\"grid-row gutentor-grid-item-wrap\"><div class=\"grid-md-12\"><div class=\"gutentor-accordion-wrap\"><div class=\"gutentor-single-item gutentor-single-item-0\"><div class=\"gutentor-single-item-wrap\"><div class=\"gutentor-accordion-heading\"><i class=\"gutentor-accordion-icon open-icon fas fa-plus\"><\/i><i class=\"gutentor-accordion-icon close-icon fas fa-minus\"><\/i><h3 class=\"gutentor-single-item-title\">Design Internship (m\/w\/d)<\/h3><\/div><div class=\"gutentor-accordion-body\"><p class=\"gutentor-single-item-desc\"><strong>Support Our Brand &amp; Marketing Team<br><\/strong><br><strong>Your role\u2028<\/strong><br>You will contribute across all brand touchpoints. With care and precision, you\u2019ll help craft:<br>\u00b7 Point-of-sale and promotional materials<br>\u00b7 Content for social media and digital campaigns<br>\u00b7 Photography and visual documentation<br>\u00b7 Brand communications and newsletters<br>\u00b7 Booth and event design<br>\u00b7 Creative assets that reflect our aesthetic and values<br><br><strong>You bring<\/strong><br>Strong interest in design and communication<br>\u00b7 A refined visual sensibility<br>\u00b7 Ideally, experience with Figma (we love Figma)<br>\u00b7 A curiosity for craftsmanship and considered design<br>\u00b7 A calm, focused approach to work<br>\u00b7 An appreciation for independent brands and sustainable thinking<br>\u2028<br><strong>We offer<\/strong><br>\u00b7 A space to grow, create, and contribute<br>\u00b7 A small, dedicated team<br>\u00b7 Insight into the making of an independent design brand<br>\u00b7 Flexible working hours<br>\u00b7 Paid internship<br>\u00b7 An environment that values intention over excess<br><br><strong>Location:<\/strong> Nuremberg, hybrid\u2028<br><strong>Start:<\/strong> Flexible\u2028<br><strong>Duration:<\/strong> min 20 weeks<br><br>To apply, please send your CV and portfolio to <a href=\"mailto:lenard@weareannu.com\">lenard@weareannu.com<\/a><\/p><\/div><\/div><\/div><\/div><\/div><\/div><\/div><\/section>\n<\/div><\/div>\n<\/div><\/div><\/section>\n\n\n\n<div style=\"height:100px\" aria-hidden=\"true\" class=\"wp-block-spacer\"><\/div>\n\n\n\n<section id=\"gm9399385\" class=\"wp-block-gutentor-m4 section-gm9399385 gutentor-module gutentor-advanced-columns\"><div class=\"grid-container\"><div class=\"grid-row\">\n<div id=\"col-gm983958\" class=\"wp-block-gutentor-m4-col col-gm983958 gutentor-single-column  grid-lg-3 grid-md-12 grid-12\"><div id=\"section-gm983958\" class=\"section-gm983958 gutentor-col-wrap\"><\/div><\/div>\n\n\n\n<div id=\"col-gm3c631d\" class=\"wp-block-gutentor-m4-col col-gm3c631d gutentor-single-column  grid-lg-9 grid-md-12 grid-12\"><div id=\"section-gm3c631d\" class=\"section-gm3c631d gutentor-col-wrap\">\n<figure class=\"wp-block-image size-full\"><img loading=\"lazy\" decoding=\"async\" width=\"1740\" height=\"1080\" src=\"https:\/\/weareannu.com\/wp-content\/uploads\/2026\/02\/MB230517_Annu_Office_0219-lowres-1.jpg\" alt=\"\" class=\"wp-image-14837\" srcset=\"https:\/\/weareannu.com\/wp-content\/uploads\/2026\/02\/MB230517_Annu_Office_0219-lowres-1.jpg 1740w, https:\/\/weareannu.com\/wp-content\/uploads\/2026\/02\/MB230517_Annu_Office_0219-lowres-1-1450x900.jpg 1450w, https:\/\/weareannu.com\/wp-content\/uploads\/2026\/02\/MB230517_Annu_Office_0219-lowres-1-18x12.jpg 18w, https:\/\/weareannu.com\/wp-content\/uploads\/2026\/02\/MB230517_Annu_Office_0219-lowres-1-600x372.jpg 600w\" sizes=\"auto, (max-width: 1740px) 100vw, 1740px\" \/><\/figure>\n<\/div><\/div>\n<\/div><\/div><\/section>\n\n\n\n<div style=\"height:100px\" aria-hidden=\"true\" class=\"wp-block-spacer\"><\/div>\n\n\n\n<div style=\"height:100px\" aria-hidden=\"true\" class=\"wp-block-spacer\"><\/div>\n\n\n\n<section id=\"gmd9f7010\" class=\"wp-block-gutentor-m4 section-gmd9f7010 gutentor-module gutentor-advanced-columns has-color-bg has-custom-bg related_pages black-bg\"><div class=\"grid-container\"><div class=\"grid-row\">\n<div id=\"col-gmfe3525\" class=\"wp-block-gutentor-m4-col col-gmfe3525 gutentor-single-column  grid-lg-12 grid-md-12 grid-12\"><div id=\"section-gmfe3525\" class=\"section-gmfe3525 gutentor-col-wrap\">\n<div style=\"height:30px\" aria-hidden=\"true\" class=\"wp-block-spacer\"><\/div>\n\n\n\n<h3 class=\"wp-block-heading\">Was uns antreibt<\/h3>\n\n\n\n<div style=\"height:30px\" aria-hidden=\"true\" class=\"wp-block-spacer\"><\/div>\n\n\n\n<\/div><\/div>\n<\/div><\/div><\/section>","protected":false},"excerpt":{"rendered":"<p> [&#8230;]<\/p>\n<p><a class=\"btn btn-secondary understrap-read-more-link\" href=\"https:\/\/weareannu.com\/de\/about-us\/jobs\/\">Weiterlesen\u00a0\u2026<span class=\"screen-reader-text\"> from Jobs<\/span><\/a><\/p>","protected":false},"author":6,"featured_media":0,"parent":3879,"menu_order":1,"comment_status":"closed","ping_status":"closed","template":"template-gutentor-full-width.php","meta":{"inline_featured_image":false,"footnotes":""},"class_list":["post-14832","page","type-page","status-publish","hentry"],"_links":{"self":[{"href":"https:\/\/weareannu.com\/de\/wp-json\/wp\/v2\/pages\/14832","targetHints":{"allow":["GET"]}}],"collection":[{"href":"https:\/\/weareannu.com\/de\/wp-json\/wp\/v2\/pages"}],"about":[{"href":"https:\/\/weareannu.com\/de\/wp-json\/wp\/v2\/types\/page"}],"author":[{"embeddable":true,"href":"https:\/\/weareannu.com\/de\/wp-json\/wp\/v2\/users\/6"}],"replies":[{"embeddable":true,"href":"https:\/\/weareannu.com\/de\/wp-json\/wp\/v2\/comments?post=14832"}],"version-history":[{"count":13,"href":"https:\/\/weareannu.com\/de\/wp-json\/wp\/v2\/pages\/14832\/revisions"}],"predecessor-version":[{"id":14855,"href":"https:\/\/weareannu.com\/de\/wp-json\/wp\/v2\/pages\/14832\/revisions\/14855"}],"up":[{"embeddable":true,"href":"https:\/\/weareannu.com\/de\/wp-json\/wp\/v2\/pages\/3879"}],"wp:attachment":[{"href":"https:\/\/weareannu.com\/de\/wp-json\/wp\/v2\/media?parent=14832"}],"curies":[{"name":"wp","href":"https:\/\/api.w.org\/{rel}","templated":true}]}}