{"id":10180,"date":"2024-01-08T14:21:57","date_gmt":"2024-01-08T13:21:57","guid":{"rendered":"https:\/\/202401.weareannu.com\/?page_id=10180"},"modified":"2025-09-08T21:27:27","modified_gmt":"2025-09-08T19:27:27","slug":"float","status":"publish","type":"page","link":"https:\/\/weareannu.com\/de\/doing-it-better\/float\/","title":{"rendered":"Float"},"content":{"rendered":"<div style=\"height:150px\" aria-hidden=\"true\" class=\"wp-block-spacer less-waste\"><\/div>\n\n\n\n<section id=\"gm63d7100\" class=\"wp-block-gutentor-m4 section-gm63d7100 gutentor-module gutentor-advanced-columns fullwidth p20 less-waste\"><div class=\"grid-container\"><div class=\"grid-row\">\n<div id=\"col-gmdbd4bb\" class=\"wp-block-gutentor-m4-col col-gmdbd4bb gutentor-single-column  grid-lg-12 grid-md-12 grid-12\"><div id=\"section-gmdbd4bb\" class=\"section-gmdbd4bb gutentor-col-wrap\">\n<h1 class=\"wp-block-heading\">Float<\/h1>\n<\/div><\/div>\n<\/div><\/div><\/section>\n\n\n\n<section id=\"gm940a029\" class=\"wp-block-gutentor-m4 section-gm940a029 gutentor-module gutentor-advanced-columns fullwidth p20 less-waste\"><div class=\"grid-container\"><div class=\"grid-row\">\n<div id=\"col-gmf61ca7\" class=\"wp-block-gutentor-m4-col col-gmf61ca7 gutentor-single-column  grid-lg-4 grid-md-12 grid-12\"><div id=\"section-gmf61ca7\" class=\"section-gmf61ca7 gutentor-col-wrap\">\n<h3 class=\"wp-block-heading\">Ein weiterer Schritt auf unserem Weg zur perfekten Passform f\u00fcr alle.<\/h3>\n\n\n\n<p>Float ist unser flexibles Nasenpadsystem. Eine wirklich universelle Passform, die sich m\u00fchelos an jedes Gesicht anpasst. Es bietet Flexibilit\u00e4t, verbesserten Tragekomfort und zus\u00e4tzlichen Halt f\u00fcr alle, die ihn brauchen, und ist in allen Kollektionen erh\u00e4ltlich.<\/p>\n<\/div><\/div>\n\n\n\n<div id=\"col-gmbce139\" class=\"wp-block-gutentor-m4-col col-gmbce139 gutentor-single-column  grid-lg-8 grid-md-12 grid-12\"><div id=\"section-gmbce139\" class=\"section-gmbce139 gutentor-col-wrap\"><\/div><\/div>\n<\/div><\/div><\/section>\n\n\n<div class=\"wp-block-image fullwidth less-waste less-waste-img\">\n<figure class=\"aligncenter size-full\"><img loading=\"lazy\" decoding=\"async\" width=\"2560\" height=\"1189\" src=\"https:\/\/weareannu.com\/wp-content\/uploads\/2024\/01\/cfl_header-min-scaled.jpg\" alt=\"\" class=\"wp-image-10181\" srcset=\"https:\/\/weareannu.com\/wp-content\/uploads\/2024\/01\/cfl_header-min-scaled.jpg 2560w, https:\/\/weareannu.com\/wp-content\/uploads\/2024\/01\/cfl_header-min-scaled-600x279.jpg 600w, https:\/\/weareannu.com\/wp-content\/uploads\/2024\/01\/cfl_header-min-2048x951.jpg 2048w\" sizes=\"auto, (max-width: 2560px) 100vw, 2560px\" \/><\/figure>\n<\/div>\n\n\n<div style=\"height:150px\" aria-hidden=\"true\" class=\"wp-block-spacer\"><\/div>\n\n\n<div class=\"wp-block-image m20\">\n<figure class=\"aligncenter size-full\"><img loading=\"lazy\" decoding=\"async\" width=\"1919\" height=\"1389\" src=\"https:\/\/weareannu.com\/wp-content\/uploads\/2024\/01\/MB231218_ANNU_Studio_0775-lowres-1-min.jpg\" alt=\"\" class=\"wp-image-10182\" title=\"\" srcset=\"https:\/\/weareannu.com\/wp-content\/uploads\/2024\/01\/MB231218_ANNU_Studio_0775-lowres-1-min.jpg 1919w, https:\/\/weareannu.com\/wp-content\/uploads\/2024\/01\/MB231218_ANNU_Studio_0775-lowres-1-min-600x434.jpg 600w\" sizes=\"auto, (max-width: 1919px) 100vw, 1919px\" \/><\/figure>\n<\/div>\n\n\n<div style=\"height:120px\" aria-hidden=\"true\" class=\"wp-block-spacer\"><\/div>\n\n\n\n<section id=\"gmd0276f0\" class=\"wp-block-gutentor-m4 section-gmd0276f0 gutentor-module gutentor-advanced-columns fullwidth m20\"><div class=\"grid-container\"><div class=\"grid-row\">\n<div id=\"col-gmd347d0\" class=\"wp-block-gutentor-m4-col col-gmd347d0 gutentor-single-column  grid-lg-2 grid-md-12 grid-12\"><div id=\"section-gmd347d0\" class=\"section-gmd347d0 gutentor-col-wrap\"><\/div><\/div>\n\n\n\n<div id=\"col-gm6593ef\" class=\"wp-block-gutentor-m4-col col-gm6593ef gutentor-single-column  grid-lg-8 grid-md-12 grid-12\"><div id=\"section-gm6593ef\" class=\"section-gm6593ef gutentor-col-wrap\">\n<div id=\"section-g7a0aec\" class=\"wp-block-gutentor-e1 section-g7a0aec gutentor-element gutentor-element-advanced-text text-align-right-desktop float-huge\"><div class=\"gutentor-text-wrap\"><span class=\"gutentor-text\">Egal welche Form, wir haben die passende Brille.<\/span><\/div><\/div>\n<\/div><\/div>\n\n\n\n<div id=\"col-gmd6b569\" class=\"wp-block-gutentor-m4-col col-gmd6b569 gutentor-single-column  grid-lg-2 grid-md-12 grid-12\"><div id=\"section-gmd6b569\" class=\"section-gmd6b569 gutentor-col-wrap\"><\/div><\/div>\n<\/div><\/div><\/section>\n\n\n\n<div style=\"height:150px\" aria-hidden=\"true\" class=\"wp-block-spacer\"><\/div>\n\n\n\n<section id=\"gm2f08018\" class=\"wp-block-gutentor-m4 section-gm2f08018 gutentor-module gutentor-advanced-columns\"><div class=\"grid-container\"><div class=\"grid-row\">\n<div id=\"col-gm6cf11e\" class=\"wp-block-gutentor-m4-col col-gm6cf11e gutentor-single-column  grid-lg-8 grid-md-12 grid-12\"><div id=\"section-gm6cf11e\" class=\"section-gm6cf11e gutentor-col-wrap\">\n<p style=\"font-size:15px\"><\/p>\n\n\n\n<figure class=\"wp-block-image size-full\"><img loading=\"lazy\" decoding=\"async\" width=\"1454\" height=\"969\" src=\"https:\/\/weareannu.com\/wp-content\/uploads\/2025\/08\/AX9A8907_how_it_works-min.jpg\" alt=\"\" class=\"wp-image-13824\" srcset=\"https:\/\/weareannu.com\/wp-content\/uploads\/2025\/08\/AX9A8907_how_it_works-min.jpg 1454w, https:\/\/weareannu.com\/wp-content\/uploads\/2025\/08\/AX9A8907_how_it_works-min-600x400.jpg 600w, https:\/\/weareannu.com\/wp-content\/uploads\/2025\/08\/AX9A8907_how_it_works-min-18x12.jpg 18w\" sizes=\"auto, (max-width: 1454px) 100vw, 1454px\" \/><\/figure>\n\n\n\n<section id=\"gm0fca3b6\" class=\"wp-block-gutentor-m4 section-gm0fca3b6 gutentor-module gutentor-advanced-columns\"><div class=\"grid-container\"><div class=\"grid-row\">\n<div id=\"col-gm8e6c91\" class=\"wp-block-gutentor-m4-col col-gm8e6c91 gutentor-single-column  grid-lg-6 grid-md-12 grid-12\"><div id=\"section-gm8e6c91\" class=\"section-gm8e6c91 gutentor-col-wrap\">\n<h3 class=\"wp-block-heading\">So funktioniert es<\/h3>\n\n\n\n<p>Mit dem Float-System braucht Ihr keinen schmalen oder breiten Rahmen, um die perfekte Passform zu erhalten. Die Anpassung erfolgt an den Nasenpad-Armen \u2013 nicht am Rahmen \u2013 und funktioniert daher f\u00fcr jede Gesichtsform. <br><br><a href=\"\/de\/collection\/\">Wir bieten das System f\u00fcr alle Modelle an.<\/a><\/p>\n<\/div><\/div>\n\n\n\n<div id=\"col-gmba90e1\" class=\"wp-block-gutentor-m4-col col-gmba90e1 gutentor-single-column  grid-lg-6 grid-md-12 grid-12\"><div id=\"section-gmba90e1\" class=\"section-gmba90e1 gutentor-col-wrap\"><\/div><\/div>\n<\/div><\/div><\/section>\n<\/div><\/div>\n\n\n\n<div id=\"col-gm3b53bc\" class=\"wp-block-gutentor-m4-col col-gm3b53bc gutentor-single-column  grid-lg-4 grid-md-12 grid-12\"><div id=\"section-gm3b53bc\" class=\"section-gm3b53bc gutentor-col-wrap\">\n<div style=\"height:230px\" aria-hidden=\"true\" class=\"wp-block-spacer\"><\/div>\n\n\n\n<figure class=\"wp-block-image size-full\"><img loading=\"lazy\" decoding=\"async\" width=\"828\" height=\"789\" src=\"https:\/\/weareannu.com\/wp-content\/uploads\/2025\/08\/float_fitting-min.jpg\" alt=\"\" class=\"wp-image-13823\" srcset=\"https:\/\/weareannu.com\/wp-content\/uploads\/2025\/08\/float_fitting-min.jpg 828w, https:\/\/weareannu.com\/wp-content\/uploads\/2025\/08\/float_fitting-min-600x572.jpg 600w, https:\/\/weareannu.com\/wp-content\/uploads\/2025\/08\/float_fitting-min-13x12.jpg 13w\" sizes=\"auto, (max-width: 828px) 100vw, 828px\" \/><\/figure>\n\n\n\n<h3 class=\"wp-block-heading\">Einfache Anpassung<\/h3>\n\n\n\n<p>W\u00e4hrend der Anpassung kann dein Optiker die Nasenpad-Arme biegen, sodass sie in nur wenigen Minuten perfekt an deine Nase angepasst sind.<\/p>\n<\/div><\/div>\n<\/div><\/div><\/section>\n\n\n\n<div style=\"height:200px\" aria-hidden=\"true\" class=\"wp-block-spacer\"><\/div>\n\n\n\n<figure class=\"wp-block-image size-full fullwidth w100\"><img loading=\"lazy\" decoding=\"async\" width=\"2400\" height=\"1605\" src=\"https:\/\/weareannu.com\/wp-content\/uploads\/2024\/01\/MB231218_ANNU_Studio_0481-lowres-1-min.jpg\" alt=\"\" class=\"wp-image-10195\" title=\"\" srcset=\"https:\/\/weareannu.com\/wp-content\/uploads\/2024\/01\/MB231218_ANNU_Studio_0481-lowres-1-min.jpg 2400w, https:\/\/weareannu.com\/wp-content\/uploads\/2024\/01\/MB231218_ANNU_Studio_0481-lowres-1-min-600x401.jpg 600w, https:\/\/weareannu.com\/wp-content\/uploads\/2024\/01\/MB231218_ANNU_Studio_0481-lowres-1-min-2048x1370.jpg 2048w\" sizes=\"auto, (max-width: 2400px) 100vw, 2400px\" \/><\/figure>\n\n\n\n<div style=\"height:100px\" aria-hidden=\"true\" class=\"wp-block-spacer\"><\/div>\n\n\n\n<section id=\"gmb114d42\" class=\"wp-block-gutentor-m4 section-gmb114d42 gutentor-module gutentor-advanced-columns\"><div class=\"grid-container\"><div class=\"grid-row\">\n<div id=\"col-gm3c8b3c\" class=\"wp-block-gutentor-m4-col col-gm3c8b3c gutentor-single-column  grid-lg-12 grid-md-12 grid-12\"><div id=\"section-gm3c8b3c\" class=\"section-gm3c8b3c gutentor-col-wrap\">\n<div id=\"section-gb89354\" class=\"wp-block-gutentor-e1 section-gb89354 gutentor-element gutentor-element-advanced-text text-align-left-desktop float-huge\"><div class=\"gutentor-text-wrap\"><span class=\"gutentor-text\">Schlicht und <br>sch\u00f6n<\/span><\/div><\/div>\n<\/div><\/div>\n<\/div><\/div><\/section>\n\n\n\n<div style=\"height:50px\" aria-hidden=\"true\" class=\"wp-block-spacer\"><\/div>\n\n\n\n<section id=\"gm72f9a0c\" class=\"wp-block-gutentor-m4 section-gm72f9a0c gutentor-module gutentor-advanced-columns\"><div class=\"grid-container\"><div class=\"grid-row\">\n<div id=\"col-gm8e73f8\" class=\"wp-block-gutentor-m4-col col-gm8e73f8 gutentor-single-column  grid-lg-4 grid-md-12 grid-12\"><div id=\"section-gm8e73f8\" class=\"section-gm8e73f8 gutentor-col-wrap\">\n<p>Die Nasenpad-Arme spiegeln das Design unserer charakteristischen Clip-B\u00fcgel wider und bestehen aus demselben hochwertigen japanischen Titan \u2013 ein stilvolles Echo unserer Wurzeln. Von Clip bis Dot sind sie in allen Kollektionen in verschiedenen Ausf\u00fchrungen erh\u00e4ltlich.<\/p>\n\n\n\n<p><a href=\"\/de\/collection\/\">Kollektion ansehen<\/a><\/p>\n<\/div><\/div>\n\n\n\n<div id=\"col-gmb36ee1\" class=\"wp-block-gutentor-m4-col col-gmb36ee1 gutentor-single-column  grid-lg-8 grid-md-12 grid-12\"><div id=\"section-gmb36ee1\" class=\"section-gmb36ee1 gutentor-col-wrap\"><\/div><\/div>\n<\/div><\/div><\/section>\n\n\n\n<section id=\"gm97f5795\" class=\"wp-block-gutentor-m4 section-gm97f5795 gutentor-module gutentor-advanced-columns\"><div class=\"grid-container\"><div class=\"grid-row\">\n<div id=\"col-gm692927\" class=\"wp-block-gutentor-m4-col col-gm692927 gutentor-single-column  grid-lg-3 grid-md-12 grid-12\"><div id=\"section-gm692927\" class=\"section-gm692927 gutentor-col-wrap\"><\/div><\/div>\n\n\n\n<div id=\"col-gm5d22e9\" class=\"wp-block-gutentor-m4-col col-gm5d22e9 gutentor-single-column  grid-lg-9 grid-md-12 grid-12\"><div id=\"section-gm5d22e9\" class=\"section-gm5d22e9 gutentor-col-wrap\">\n<div id=\"section-g886d8b\" class=\"wp-block-gutentor-e1 section-g886d8b gutentor-element gutentor-element-advanced-text text-align-right-desktop float-huge outline-text\"><div class=\"gutentor-text-wrap\"><span class=\"gutentor-text\">Japanisches Titan f\u00fcr Sch\u00f6nheit und Haltbarkeit<\/span><\/div><\/div>\n<\/div><\/div>\n<\/div><\/div><\/section>\n\n\n\n<div style=\"height:100px\" aria-hidden=\"true\" class=\"wp-block-spacer\"><\/div>\n\n\n\n<section id=\"gm7e798f6\" class=\"wp-block-gutentor-m4 section-gm7e798f6 gutentor-module gutentor-advanced-columns has-color-bg has-custom-bg related_pages black-bg\"><div class=\"grid-container\"><div class=\"grid-row\">\n<div id=\"col-gm6c2cd5\" class=\"wp-block-gutentor-m4-col col-gm6c2cd5 gutentor-single-column  grid-lg-12 grid-md-12 grid-12\"><div id=\"section-gm6c2cd5\" class=\"section-gm6c2cd5 gutentor-col-wrap\">\n<div style=\"height:30px\" aria-hidden=\"true\" class=\"wp-block-spacer\"><\/div>\n\n\n\n<h3 class=\"wp-block-heading\">Was uns antreibt<\/h3>\n\n\n\n<div style=\"height:30px\" aria-hidden=\"true\" class=\"wp-block-spacer\"><\/div>\n\n\n\n<\/div><\/div>\n<\/div><\/div><\/section>","protected":false},"excerpt":{"rendered":"<p> [&#8230;]<\/p>\n<p><a class=\"btn btn-secondary understrap-read-more-link\" href=\"https:\/\/weareannu.com\/de\/doing-it-better\/float\/\">Weiterlesen\u00a0\u2026<span class=\"screen-reader-text\"> from Float<\/span><\/a><\/p>","protected":false},"author":6,"featured_media":8750,"parent":8688,"menu_order":3,"comment_status":"closed","ping_status":"closed","template":"template-gutentor-full-width.php","meta":{"inline_featured_image":false,"footnotes":""},"class_list":["post-10180","page","type-page","status-publish","has-post-thumbnail","hentry"],"_links":{"self":[{"href":"https:\/\/weareannu.com\/de\/wp-json\/wp\/v2\/pages\/10180","targetHints":{"allow":["GET"]}}],"collection":[{"href":"https:\/\/weareannu.com\/de\/wp-json\/wp\/v2\/pages"}],"about":[{"href":"https:\/\/weareannu.com\/de\/wp-json\/wp\/v2\/types\/page"}],"author":[{"embeddable":true,"href":"https:\/\/weareannu.com\/de\/wp-json\/wp\/v2\/users\/6"}],"replies":[{"embeddable":true,"href":"https:\/\/weareannu.com\/de\/wp-json\/wp\/v2\/comments?post=10180"}],"version-history":[{"count":50,"href":"https:\/\/weareannu.com\/de\/wp-json\/wp\/v2\/pages\/10180\/revisions"}],"predecessor-version":[{"id":13961,"href":"https:\/\/weareannu.com\/de\/wp-json\/wp\/v2\/pages\/10180\/revisions\/13961"}],"up":[{"embeddable":true,"href":"https:\/\/weareannu.com\/de\/wp-json\/wp\/v2\/pages\/8688"}],"wp:featuredmedia":[{"embeddable":true,"href":"https:\/\/weareannu.com\/de\/wp-json\/wp\/v2\/media\/8750"}],"wp:attachment":[{"href":"https:\/\/weareannu.com\/de\/wp-json\/wp\/v2\/media?parent=10180"}],"curies":[{"name":"wp","href":"https:\/\/api.w.org\/{rel}","templated":true}]}}